{"id":11267,"date":"2019-02-05T15:44:05","date_gmt":"2019-02-05T15:44:05","guid":{"rendered":"https:\/\/municipalidadalhue.cl\/portal\/?page_id=11267"},"modified":"2020-07-15T04:11:12","modified_gmt":"2020-07-15T04:11:12","slug":"departamentos","status":"publish","type":"page","link":"https:\/\/municipalidadalhue.cl\/portal\/departamentos\/","title":{"rendered":"Tr\u00e1mites ante la Municipalidad"},"content":{"rendered":"\n<ul class=\"wp-block-list\"><li><strong> <a href=\"https:\/\/municipalidadalhue.cl\/portal\/direccion-de-desarrollo-comunitario\">Direcci\u00f3n de Desarrollo Comunitario<\/a><\/strong> <\/li><\/ul>\n\n\n\n<ul class=\"wp-block-list\"><li><strong> <a href=\"https:\/\/municipalidadalhue.cl\/portal\/secretaria-municipal-2\">Secretar\u00eda Municipal<\/a><\/strong><\/li><\/ul>\n\n\n\n<ul class=\"wp-block-list\"><li><strong> <\/strong><a href=\"https:\/\/municipalidadalhue.cl\/portal\/direccion-de-obras\/\">Direccion&nbsp;de&nbsp;Obras<\/a> <\/li><\/ul>\n\n\n\n<ul class=\"wp-block-list\"><li><strong> <a href=\"https:\/\/municipalidadalhue.cl\/portal\/tesoreria-municipal\/\">Tesorer\u00eda Municipal<\/a><\/strong> <\/li><\/ul>\n\n\n\n<ul class=\"wp-block-list\"><li> <a href=\"https:\/\/municipalidadalhue.cl\/portal\/patentes-de-alcohol\/\">Patentes de Alcohol<\/a> <\/li><\/ul>\n\n\n\n<ul class=\"wp-block-list\"><li><strong> <\/strong><a href=\"https:\/\/municipalidadalhue.cl\/portal\/patentes-comercial-y-profesional\/\"><strong>Patentes Comercial<\/strong><\/a> <\/li><li><a href=\"https:\/\/municipalidadalhue.cl\/portal\/patentes-profesional\/\">Patentes Profesional<\/a><\/li><li><strong> <a href=\"https:\/\/municipalidadalhue.cl\/portal\/obtencion-patente-ley-de-microempresa-familiar\/\">Patente Ley de MicroEmpresa Familiar<\/a><\/strong><\/li><\/ul>\n\n\n\n<ul class=\"wp-block-list\"><li><strong> <a href=\"https:\/\/municipalidadalhue.cl\/portal\/permiso-de-circulacion\/\">Permiso de Circulaci\u00f3n<\/a><\/strong><\/li><\/ul>\n\n\n\n<ul class=\"wp-block-list\"><li><strong> <a href=\"https:\/\/municipalidadalhue.cl\/portal\/departamento-de-salud%EF%BB%BF\/\">Departamento de Salud<\/a><\/strong><\/li><\/ul>\n\n\n\n<ul class=\"wp-block-list\"><li><strong> <\/strong><a href=\"https:\/\/municipalidadalhue.cl\/portal\/departamento-de-educacion-2\/\">Departamento\u00a0de\u00a0Educacion<\/a><\/li><li><a href=\"https:\/\/municipalidadalhue.cl\/portal\/departamento-social-2\/\">Departamento\u00a0Social<\/a><\/li><li><a href=\"https:\/\/municipalidadalhue.cl\/portal\/odel-2\/\">Odel<\/a><\/li><li><a href=\"https:\/\/municipalidadalhue.cl\/portal\/departamento-administracion-y-finanzas\/\">Departamento      Administraci\u00f3n Y Finanzas<\/a><\/li><li><a href=\"https:\/\/municipalidadalhue.cl\/portal\/educacion\/\">Departamento de Educaci\u00f3n<\/a><\/li><\/ul>\n\n\n\n<p><\/p>\n","protected":false},"excerpt":{"rendered":"<p>Direcci\u00f3n de Desarrollo Comunitario Secretar\u00eda Municipal Direccion&nbsp;de&nbsp;Obras Tesorer\u00eda Municipal Patentes de Alcohol Patentes Comercial Patentes Profesional Patente Ley de MicroEmpresa Familiar Permiso de Circulaci\u00f3n Departamento de Salud Departamento\u00a0de\u00a0Educacion Departamento\u00a0Social Odel Departamento Administraci\u00f3n Y Finanzas Departamento de Educaci\u00f3n<\/p>\n","protected":false},"author":1,"featured_media":0,"parent":0,"menu_order":0,"comment_status":"closed","ping_status":"closed","template":"","meta":{"footnotes":""},"class_list":["post-11267","page","type-page","status-publish","hentry"],"_links":{"self":[{"href":"https:\/\/municipalidadalhue.cl\/portal\/wp-json\/wp\/v2\/pages\/11267","targetHints":{"allow":["GET"]}}],"collection":[{"href":"https:\/\/municipalidadalhue.cl\/portal\/wp-json\/wp\/v2\/pages"}],"about":[{"href":"https:\/\/municipalidadalhue.cl\/portal\/wp-json\/wp\/v2\/types\/page"}],"author":[{"embeddable":true,"href":"https:\/\/municipalidadalhue.cl\/portal\/wp-json\/wp\/v2\/users\/1"}],"replies":[{"embeddable":true,"href":"https:\/\/municipalidadalhue.cl\/portal\/wp-json\/wp\/v2\/comments?post=11267"}],"version-history":[{"count":0,"href":"https:\/\/municipalidadalhue.cl\/portal\/wp-json\/wp\/v2\/pages\/11267\/revisions"}],"wp:attachment":[{"href":"https:\/\/municipalidadalhue.cl\/portal\/wp-json\/wp\/v2\/media?parent=11267"}],"curies":[{"name":"wp","href":"https:\/\/api.w.org\/{rel}","templated":true}]}}