{"id":11277,"date":"2019-02-05T15:53:17","date_gmt":"2019-02-05T15:53:17","guid":{"rendered":"https:\/\/municipalidadalhue.cl\/portal\/?page_id=11277"},"modified":"2019-03-18T14:09:35","modified_gmt":"2019-03-18T14:09:35","slug":"direccion-de-desarrollo-comunitario","status":"publish","type":"page","link":"https:\/\/municipalidadalhue.cl\/portal\/direccion-de-desarrollo-comunitario\/","title":{"rendered":"Direcci\u00f3n de Desarrollo Comunitario"},"content":{"rendered":"\n<ul class=\"wp-block-list\"><li><a href=\"https:\/\/municipalidadalhue.cl\/portal\/apoyo-a-pequenos-emprendedores-agricolas\/\">Apoyo a peque\u00f1os emprendedores agr\u00edcolas<\/a><\/li><li> <a href=\"https:\/\/municipalidadalhue.cl\/portal\/atencion-a-organizaciones-sociales\/\">Atenci\u00f3n a Organizaciones Sociales <\/a><\/li><li><a href=\"https:\/\/municipalidadalhue.cl\/portal\/credencial-de-discapacidad\/\"> CREDENCIAL DE DISCAPACIDAD <\/a><\/li><li> <a href=\"https:\/\/municipalidadalhue.cl\/portal\/formulacion-de-proyectos\/\">Formulaci\u00f3n de Proyectos <\/a><\/li><li> <a href=\"https:\/\/municipalidadalhue.cl\/portal\/programa-chile-crece-contigo\/\">Programa Chile Crece Contigo <\/a><\/li><li> <a href=\"https:\/\/municipalidadalhue.cl\/portal\/programa-jefas-de-hogar\/\">Programa Jefas de Hogar <\/a><\/li><li> <a href=\"https:\/\/municipalidadalhue.cl\/portal\/talleres-de-actividad-fisica-programa-promocion-de-salud\/\">Talleres de actividad f\u00edsica programa Promoci\u00f3n de Salud <\/a><\/li><\/ul>\n\n\n\n<p><\/p>\n\n\n\n<p><\/p>\n\n\n\n<p><\/p>\n\n\n\n<p><\/p>\n\n\n\n<p><\/p>\n\n\n\n<p><\/p>\n\n\n\n<ul class=\"wp-block-list\"><li><\/li><\/ul>\n\n\n\n<p><\/p>\n\n\n\n<p><\/p>\n","protected":false},"excerpt":{"rendered":"<p>Apoyo a peque\u00f1os emprendedores agr\u00edcolas Atenci\u00f3n a Organizaciones Sociales CREDENCIAL DE DISCAPACIDAD Formulaci\u00f3n de Proyectos Programa Chile Crece Contigo Programa Jefas de Hogar Talleres de actividad f\u00edsica programa Promoci\u00f3n de Salud<\/p>\n","protected":false},"author":1,"featured_media":0,"parent":0,"menu_order":0,"comment_status":"closed","ping_status":"closed","template":"","meta":{"footnotes":""},"class_list":["post-11277","page","type-page","status-publish","hentry"],"_links":{"self":[{"href":"https:\/\/municipalidadalhue.cl\/portal\/wp-json\/wp\/v2\/pages\/11277","targetHints":{"allow":["GET"]}}],"collection":[{"href":"https:\/\/municipalidadalhue.cl\/portal\/wp-json\/wp\/v2\/pages"}],"about":[{"href":"https:\/\/municipalidadalhue.cl\/portal\/wp-json\/wp\/v2\/types\/page"}],"author":[{"embeddable":true,"href":"https:\/\/municipalidadalhue.cl\/portal\/wp-json\/wp\/v2\/users\/1"}],"replies":[{"embeddable":true,"href":"https:\/\/municipalidadalhue.cl\/portal\/wp-json\/wp\/v2\/comments?post=11277"}],"version-history":[{"count":0,"href":"https:\/\/municipalidadalhue.cl\/portal\/wp-json\/wp\/v2\/pages\/11277\/revisions"}],"wp:attachment":[{"href":"https:\/\/municipalidadalhue.cl\/portal\/wp-json\/wp\/v2\/media?parent=11277"}],"curies":[{"name":"wp","href":"https:\/\/api.w.org\/{rel}","templated":true}]}}