{"id":11286,"date":"2019-02-05T17:32:18","date_gmt":"2019-02-05T17:32:18","guid":{"rendered":"https:\/\/municipalidadalhue.cl\/portal\/?page_id=11286"},"modified":"2020-11-10T12:52:47","modified_gmt":"2020-11-10T12:52:47","slug":"direccion-de-obras","status":"publish","type":"page","link":"https:\/\/municipalidadalhue.cl\/portal\/direccion-de-obras\/","title":{"rendered":"Direcci\u00f3n de Obras"},"content":{"rendered":"\n<ul class=\"wp-block-list\"><li><strong><a rel=\"noreferrer noopener\" href=\"https:\/\/municipalidadalhue.cl\/portal\/wp-content\/uploads\/2020\/11\/manual-procedimiento-tramites-dom-municipalidad-alhue.pdf\" target=\"_blank\">Manual de tr\u00e1mites de la Direcci\u00f3n de Obras Municipales.<\/a><\/strong><\/li><li><a rel=\"noreferrer noopener\" href=\"https:\/\/municipalidadalhue.cl\/portal\/wp-content\/uploads\/2020\/11\/Decreto-Manual-de-procedimientos-DOM.pdf\" target=\"_blank\">Decreto Manual de tr\u00e1mites de la Direcci\u00f3n de Obras Municipales.<\/a><\/li><\/ul>\n\n\n\n<p>Horario de atenci\u00f3n: 09.00 a 13:00 horas (durante la pandemia).<\/p>\n","protected":false},"excerpt":{"rendered":"<p>Manual de tr\u00e1mites de la Direcci\u00f3n de Obras Municipales. Decreto Manual de tr\u00e1mites de la Direcci\u00f3n de Obras Municipales. Horario de atenci\u00f3n: 09.00 a 13:00 horas (durante la pandemia).<\/p>\n","protected":false},"author":1,"featured_media":0,"parent":0,"menu_order":0,"comment_status":"closed","ping_status":"closed","template":"","meta":{"footnotes":""},"class_list":["post-11286","page","type-page","status-publish","hentry"],"_links":{"self":[{"href":"https:\/\/municipalidadalhue.cl\/portal\/wp-json\/wp\/v2\/pages\/11286","targetHints":{"allow":["GET"]}}],"collection":[{"href":"https:\/\/municipalidadalhue.cl\/portal\/wp-json\/wp\/v2\/pages"}],"about":[{"href":"https:\/\/municipalidadalhue.cl\/portal\/wp-json\/wp\/v2\/types\/page"}],"author":[{"embeddable":true,"href":"https:\/\/municipalidadalhue.cl\/portal\/wp-json\/wp\/v2\/users\/1"}],"replies":[{"embeddable":true,"href":"https:\/\/municipalidadalhue.cl\/portal\/wp-json\/wp\/v2\/comments?post=11286"}],"version-history":[{"count":0,"href":"https:\/\/municipalidadalhue.cl\/portal\/wp-json\/wp\/v2\/pages\/11286\/revisions"}],"wp:attachment":[{"href":"https:\/\/municipalidadalhue.cl\/portal\/wp-json\/wp\/v2\/media?parent=11286"}],"curies":[{"name":"wp","href":"https:\/\/api.w.org\/{rel}","templated":true}]}}