{"id":11294,"date":"2019-02-05T17:36:07","date_gmt":"2019-02-05T17:36:07","guid":{"rendered":"https:\/\/municipalidadalhue.cl\/portal\/?page_id=11294"},"modified":"2019-03-13T14:58:12","modified_gmt":"2019-03-13T14:58:12","slug":"patentes-de-alcohol","status":"publish","type":"page","link":"https:\/\/municipalidadalhue.cl\/portal\/patentes-de-alcohol\/","title":{"rendered":"Patentes de Alcohol"},"content":{"rendered":"\n<p><strong>Requisitos\ny antecedentes:<\/strong><\/p>\n\n\n\n<p>Que el local cumpla con el\nemplazamiento establecido en el Plan Regulador de la comuna. MUNICIPALIDAD DE\nALHU\u00c9 DIRECCI\u00d3N DE ADMINISTRACI\u00d3N Y FINANZAS RENTAS Y PATENTES <\/p>\n\n\n\n<p>Que cumpla con la autorizaci\u00f3n\nde la Secretar\u00eda Regional Ministerial de Salud, si el giro considera alimentos.\n<\/p>\n\n\n\n<p>&nbsp;Que cumpla con los requisitos espec\u00edficos\nse\u00f1alados en leyes especiales, si corresponde. <\/p>\n\n\n\n<p>DOCUMENTOS SOLICITADOS PATENTE\nCOMERCIAL \u2013 <\/p>\n\n\n\n<p>Solicitud de Patente. <\/p>\n\n\n\n<p>Certificado de edificaci\u00f3n\notorgada por la Direcci\u00f3n de Obras Municipales.<\/p>\n\n\n\n<p>Certificado de Recepci\u00f3n de\nObras por el local. <\/p>\n\n\n\n<p>Resoluci\u00f3n de la Seremi de\nSalud. <\/p>\n\n\n\n<p>Certificado de Iniciaci\u00f3n de\nActividades ante S.I.I.<\/p>\n\n\n\n<p>Declaraci\u00f3n simple de Capital\navalado por Contador. <\/p>\n\n\n\n<p>Contrato de Arriendo ante\nNotario o fotocopia de Escritura de la Propiedad.<\/p>\n\n\n\n<p>Foto<\/p>\n\n\n\n<p>copia de C\u00e9dula de Identidad\npor ambos lados. <\/p>\n\n\n\n<p>SI ES SOCIEDAD: &nbsp;Rut de la sociedad<\/p>\n\n\n\n<p>Escritura de la constituci\u00f3n\nde la sociedad, original y fotocopia simple (el original ser\u00e1 devuelto).<\/p>\n\n\n\n<p><strong>Tr\u00e1mites\nen l\u00ednea<\/strong><\/p>\n\n\n\n<p>No tiene<\/p>\n\n\n\n<p><strong>Tr\u00e1mites\na realizar o etapas<\/strong><\/p>\n\n\n\n<p>Primera etapa: Presentar Solicitud de obtencion de patente\nen oficina de partes Segunda etapa: Presentar documentos para tramitar la\nobtencion de patente<\/p>\n\n\n\n<p><strong>Valor<\/strong><\/p>\n\n\n\n<p>A determinar<\/p>\n\n\n\n<p><strong>Lugar\ndonde se realiza:<\/strong><\/p>\n\n\n\n<p>Oficina de partes,\nDepartamento Finanzas, Unidad de Tesoreria<\/p>\n\n\n\n<p><strong>Requisitos\ny antecedentes Para la Renovacion:<\/strong><\/p>\n\n\n\n<p>tener cancelado los periodos anteriores<\/p>\n\n\n\n<p><strong>Tr\u00e1mites\nen l\u00ednea<\/strong><\/p>\n\n\n\n<p>No tiene<\/p>\n\n\n\n<p><strong>Tr\u00e1mites\na realizar o etapas<\/strong><\/p>\n\n\n\n<p>Primera etapa: renovar patente en dpto Finanzas Segunda\netapa: Ejecutar pago en Unidad de Finanzas<\/p>\n\n\n\n<p><strong>Valor<\/strong><\/p>\n\n\n\n<p>A determinar<\/p>\n\n\n\n<p><strong>Lugar\ndonde se realiza:<\/strong><\/p>\n\n\n\n<p>Departamento de finanzas,\nUnidad de Tesorer\u00eda<\/p>\n","protected":false},"excerpt":{"rendered":"<p>Requisitos y antecedentes: Que el local cumpla con el emplazamiento establecido en el Plan Regulador de la comuna. MUNICIPALIDAD DE ALHU\u00c9 DIRECCI\u00d3N DE ADMINISTRACI\u00d3N Y FINANZAS RENTAS Y PATENTES Que cumpla con la autorizaci\u00f3n de la Secretar\u00eda Regional Ministerial de Salud, si el giro considera alimentos. &nbsp;Que cumpla con los requisitos espec\u00edficos se\u00f1alados en leyes especiales, si corresponde. DOCUMENTOS SOLICITADOS PATENTE COMERCIAL \u2013 Solicitud de Patente. Certificado de edificaci\u00f3n otorgada por la Direcci\u00f3n de Obras Municipales. Certificado de Recepci\u00f3n de Obras por el local. Resoluci\u00f3n de la Seremi de Salud.&hellip;<\/p>\n","protected":false},"author":1,"featured_media":0,"parent":0,"menu_order":0,"comment_status":"closed","ping_status":"closed","template":"","meta":{"footnotes":""},"class_list":["post-11294","page","type-page","status-publish","hentry"],"_links":{"self":[{"href":"https:\/\/municipalidadalhue.cl\/portal\/wp-json\/wp\/v2\/pages\/11294","targetHints":{"allow":["GET"]}}],"collection":[{"href":"https:\/\/municipalidadalhue.cl\/portal\/wp-json\/wp\/v2\/pages"}],"about":[{"href":"https:\/\/municipalidadalhue.cl\/portal\/wp-json\/wp\/v2\/types\/page"}],"author":[{"embeddable":true,"href":"https:\/\/municipalidadalhue.cl\/portal\/wp-json\/wp\/v2\/users\/1"}],"replies":[{"embeddable":true,"href":"https:\/\/municipalidadalhue.cl\/portal\/wp-json\/wp\/v2\/comments?post=11294"}],"version-history":[{"count":0,"href":"https:\/\/municipalidadalhue.cl\/portal\/wp-json\/wp\/v2\/pages\/11294\/revisions"}],"wp:attachment":[{"href":"https:\/\/municipalidadalhue.cl\/portal\/wp-json\/wp\/v2\/media?parent=11294"}],"curies":[{"name":"wp","href":"https:\/\/api.w.org\/{rel}","templated":true}]}}