{"id":11297,"date":"2019-02-05T17:38:00","date_gmt":"2019-02-05T17:38:00","guid":{"rendered":"https:\/\/municipalidadalhue.cl\/portal\/?page_id=11297"},"modified":"2019-03-13T15:50:26","modified_gmt":"2019-03-13T15:50:26","slug":"patentes-comercial-y-profesional","status":"publish","type":"page","link":"https:\/\/municipalidadalhue.cl\/portal\/patentes-comercial-y-profesional\/","title":{"rendered":"Patentes Comercial"},"content":{"rendered":"\n<p><strong>Requisitos\ny antecedentes:<\/strong><\/p>\n\n\n\n<ul class=\"wp-block-list\"><li>Que el local cumpla con el emplazamiento\nestablecido en el Plan Regulador de la comuna. MUNICIPALIDAD DE ALHU\u00c9 DIRECCI\u00d3N\nDE ADMINISTRACI\u00d3N Y FINANZAS RENTAS Y PATENTES <\/li><li>Que cumpla con la autorizaci\u00f3n de la Secretar\u00eda\nRegional Ministerial de Salud, si el giro considera alimentos. <\/li><li>Que cumpla con los requisitos espec\u00edficos\nse\u00f1alados en leyes especiales, si corresponde. DOCUMENTOS SOLICITADOS PATENTE\nCOMERCIAL &nbsp;<\/li><li>Solicitud de Patente. <\/li><li>Certificado de edificaci\u00f3n otorgada por la\nDirecci\u00f3n de Obras Municipales. &nbsp;Certificado de Recepci\u00f3n de Obras por el\nlocal. <\/li><li>Resoluci\u00f3n de la Seremi de Salud. <\/li><li>Certificado de Iniciaci\u00f3n de Actividades ante\nS.I.I. <\/li><li>Declaraci\u00f3n simple de Capital avalado por\nContador. <\/li><li>Contrato de Arriendo ante Notario o fotocopia\nde Escritura de la Propiedad. &#8211; Fotocopia de C\u00e9dula de Identidad por ambos\nlados. <\/li><li>SI ES SOCIEDAD: &#8211; Rut de la sociedad &#8211;\nEscritura de la constituci\u00f3n de la sociedad, original y fotocopia simple (el\noriginal ser\u00e1 devuelto). <\/li><\/ul>\n\n\n\n<p><strong>Tr\u00e1mites\nen l\u00ednea<\/strong><\/p>\n\n\n\n<p>No tiene<\/p>\n\n\n\n<p><strong>Tr\u00e1mites\na realizar o etapas<\/strong><\/p>\n\n\n\n<ul class=\"wp-block-list\"><li>Ingresar en oficina de partes el formulario\n\u201cSolicitud de patente municipal\u201d, con todos los documentos que se soliciten\ndependiendo del tipo de patente que se solicite. <\/li><li>Direcci\u00f3n de Obras en un plazo de 30 d\u00edas\ncorridos verificara los antecedentes y condiciones de funcionamiento para la\npatente definitiva. <\/li><li>Si el inmueble cumple con las condiciones de\ninstalaci\u00f3n y funcionamiento la Direcci\u00f3n de Obras emitir\u00e1 el INFORME\nFAVORABLE, en caso contrario se indicar\u00e1n las exigencias que el contribuyente\ndeber\u00e1 cumplir para obtener la patente definitiva y los plazos otorgados para\nel cumplimiento de \u00e9stos. <\/li><\/ul>\n\n\n\n<ul class=\"wp-block-list\"><li>Una vez emitido el INFORME FAVORABLE de la\nDirecci\u00f3n de Obras, la oficina de patentes emitir\u00e1 la resoluci\u00f3n que autoriza\nel funcionamiento de su inmueble para el giro solicitado, otorg\u00e1ndole el car\u00e1cter\nde definitiva a la patente tramitada. La que ser\u00e1 de responsabilidad del\ncontribuyente el retiro y pago que corresponda.<\/li><\/ul>\n\n\n\n<p><strong>Valor<\/strong><\/p>\n\n\n\n<p>A determinar<\/p>\n\n\n\n<p><strong>Lugar\ndonde se realiza:<\/strong><\/p>\n\n\n\n<p>Oficina de partes, Departamento Finanzas, Unidad de\nTesoreria <\/p>\n\n\n\n<p><strong>Requisitos\ny antecedentes Para la Renovacion:<\/strong><\/p>\n\n\n\n<p> Que el local cumpla con el emplazamiento establecido en el Plan Regulador de la comuna. MUNICIPALIDAD DE ALHU\u00c9 DIRECCI\u00d3N DE ADMINISTRACI\u00d3N Y FINANZAS RENTAS Y PATENTES <\/p>\n\n\n\n<p>Que cumpla con la autorizaci\u00f3n de la Secretar\u00eda Regional\nMinisterial de Salud, si el giro considera alimentos. &#8211; Que cumpla con los\nrequisitos espec\u00edficos se\u00f1alados en leyes especiales, si corresponde.\nDOCUMENTOS SOLICITADOS PATENTE COMERCIAL <\/p>\n\n\n\n<p>Solicitud de Patente<\/p>\n\n\n\n<p>Certificado de edificaci\u00f3n otorgada por la Direcci\u00f3n de\nObras Municipales. <\/p>\n\n\n\n<p>Certificado de Recepci\u00f3n de Obras por el local.<\/p>\n\n\n\n<p>Resoluci\u00f3n de la Seremi de Salud. &#8211; Certificado de Iniciaci\u00f3n\nde Actividades ante S.I.I. <\/p>\n\n\n\n<p>Declaraci\u00f3n simple de Capital avalado por Contador.<\/p>\n\n\n\n<p>Contrato de Arriendo ante Notario o fotocopia de Escritura\nde la Propiedad. &#8211; Fotocopia de C\u00e9dula de Identidad por ambos lados. <\/p>\n\n\n\n<p>SI ES SOCIEDAD: &#8211; Rut de la sociedad &#8211; Escritura de la\nconstituci\u00f3n de la sociedad, original y fotocopia simple (el original ser\u00e1\ndevuelto).<\/p>\n\n\n\n<p><strong>Tr\u00e1mites\nen l\u00ednea<\/strong><\/p>\n\n\n\n<p>No tiene<\/p>\n\n\n\n<p><strong>Tr\u00e1mites\na realizar o etapas<\/strong><\/p>\n\n\n\n<p>Ingresar en oficina de partes el formulario \u201cSolicitud de\npatente municipal\u201d, con todos los documentos que se soliciten dependiendo del\ntipo de patente que se solicite. <\/p>\n\n\n\n<p>Direcci\u00f3n de Obras en un plazo de 30 d\u00edas corridos\nverificara los antecedentes y condiciones de funcionamiento para la patente\ndefinitiva.<\/p>\n\n\n\n<p>&nbsp;Si el inmueble\ncumple con las condiciones de instalaci\u00f3n y funcionamiento la Direcci\u00f3n de\nObras emitir\u00e1 el INFORME FAVORABLE, en caso contrario se indicar\u00e1n las\nexigencias que el contribuyente deber\u00e1 cumplir para obtener la patente\ndefinitiva y los plazos otorgados para el cumplimiento de \u00e9stos.<\/p>\n\n\n\n<p>Una vez emitido el INFORME FAVORABLE de la Direcci\u00f3n de\nObras, la oficina de patentes emitir\u00e1 la resoluci\u00f3n que autoriza el\nfuncionamiento de su inmueble para el giro solicitado, otorg\u00e1ndole el car\u00e1cter\nde definitiva a la patente tramitada. La que ser\u00e1 de responsabilidad del\ncontribuyente el retiro y pago que corresponda. <\/p>\n\n\n\n<p><strong>Valor<\/strong><\/p>\n\n\n\n<p>A determinar<\/p>\n\n\n\n<p><strong>Lugar\ndonde se realiza:<\/strong><\/p>\n\n\n\n<p>Departamento de finanzas,\nUnidad de Tesorer\u00eda<\/p>\n\n\n\n<p><strong>Correo\nElectr\u00f3nico.<\/strong><\/p>\n\n\n\n<p><a href=\"mailto:Apoyo.finanzas@comunaalhue.cl\">Apoyo.finanzas@comunaalhue.cl<\/a><\/p>\n\n\n\n<p>Mar\u00eda N\u00fa\u00f1ez Serrano<\/p>\n","protected":false},"excerpt":{"rendered":"<p>Requisitos y antecedentes: Que el local cumpla con el emplazamiento establecido en el Plan Regulador de la comuna. MUNICIPALIDAD DE ALHU\u00c9 DIRECCI\u00d3N DE ADMINISTRACI\u00d3N Y FINANZAS RENTAS Y PATENTES Que cumpla con la autorizaci\u00f3n de la Secretar\u00eda Regional Ministerial de Salud, si el giro considera alimentos. Que cumpla con los requisitos espec\u00edficos se\u00f1alados en leyes especiales, si corresponde. DOCUMENTOS SOLICITADOS PATENTE COMERCIAL &nbsp; Solicitud de Patente. Certificado de edificaci\u00f3n otorgada por la Direcci\u00f3n de Obras Municipales. &nbsp;Certificado de Recepci\u00f3n de Obras por el local. Resoluci\u00f3n de la Seremi de Salud.&hellip;<\/p>\n","protected":false},"author":1,"featured_media":0,"parent":0,"menu_order":0,"comment_status":"closed","ping_status":"closed","template":"","meta":{"footnotes":""},"class_list":["post-11297","page","type-page","status-publish","hentry"],"_links":{"self":[{"href":"https:\/\/municipalidadalhue.cl\/portal\/wp-json\/wp\/v2\/pages\/11297","targetHints":{"allow":["GET"]}}],"collection":[{"href":"https:\/\/municipalidadalhue.cl\/portal\/wp-json\/wp\/v2\/pages"}],"about":[{"href":"https:\/\/municipalidadalhue.cl\/portal\/wp-json\/wp\/v2\/types\/page"}],"author":[{"embeddable":true,"href":"https:\/\/municipalidadalhue.cl\/portal\/wp-json\/wp\/v2\/users\/1"}],"replies":[{"embeddable":true,"href":"https:\/\/municipalidadalhue.cl\/portal\/wp-json\/wp\/v2\/comments?post=11297"}],"version-history":[{"count":0,"href":"https:\/\/municipalidadalhue.cl\/portal\/wp-json\/wp\/v2\/pages\/11297\/revisions"}],"wp:attachment":[{"href":"https:\/\/municipalidadalhue.cl\/portal\/wp-json\/wp\/v2\/media?parent=11297"}],"curies":[{"name":"wp","href":"https:\/\/api.w.org\/{rel}","templated":true}]}}