{"id":11322,"date":"2019-02-05T18:15:02","date_gmt":"2019-02-05T18:15:02","guid":{"rendered":"https:\/\/municipalidadalhue.cl\/portal\/?page_id=11322"},"modified":"2019-02-05T18:15:58","modified_gmt":"2019-02-05T18:15:58","slug":"inscripcion-en-farmacia-popular","status":"publish","type":"page","link":"https:\/\/municipalidadalhue.cl\/portal\/inscripcion-en-farmacia-popular\/","title":{"rendered":"Inscripci\u00f3n En Farmacia Popular"},"content":{"rendered":"\n<p><strong>Requisitos y antecedentes:<\/strong><\/p>\n\n\n\n<p>Para inscribirse en el programa de farmacia popular , deber\u00e1 atender a lo menos algunos de los siguientes requisitos :<\/p>\n\n\n\n<ul class=\"wp-block-list\"><li>Tener residencia permanente en la comuna de Alhu\u00e9 . Para extranjeros , adem\u00e1s de lo anterior , contar con solicitud de residencia y\/o visa temporal<\/li><li>Ser usuario(a) de los sistemas de salud de la comuna de Alhu\u00e9, cuando corresponda.<\/li><li>&nbsp;3- Contar con su RSH ( registro social de hogares) actualizado o en tramitaci\u00f3n.<\/li><li>4- Contar con una receta de profesionales autorizados para prescribir medicamentos o recetas del centro de salud comunal, que acredite diagn\u00f3stico, nombre, c\u00e9dula de identidad para chilenos , para extranjeros ser\u00e1 pasaporte o DNI del pa\u00eds de origen ; domicilio del paciente y la dosis prescrita del medicamento y cuya fecha no sea superior a 6 meses.<\/li><\/ul>\n\n\n\n<p><strong>Tr\u00e1mites en l\u00ednea:&nbsp;<\/strong>No tiene<\/p>\n\n\n\n<p><strong>Tr\u00e1mites a realizar o etapas:<\/strong>&nbsp;Dirigirse al cesfam de Alhu\u00e9 con los antecedentes antes mencionados<\/p>\n\n\n\n<p><strong>Valor:&nbsp;<\/strong>Gratis<\/p>\n\n\n\n<p><strong>Lugar donde se realiza<\/strong>: Cesfam Alhu\u00e9 \u2013 Calle 21 de Mayo S\/N, Villa Alhu\u00e9<\/p>\n\n\n\n<p><strong>Descripci\u00f3n del servicio:<\/strong><\/p>\n","protected":false},"excerpt":{"rendered":"<p>Requisitos y antecedentes: Para inscribirse en el programa de farmacia popular , deber\u00e1 atender a lo menos algunos de los siguientes requisitos : Tener residencia permanente en la comuna de Alhu\u00e9 . Para extranjeros , adem\u00e1s de lo anterior , contar con solicitud de residencia y\/o visa temporal Ser usuario(a) de los sistemas de salud de la comuna de Alhu\u00e9, cuando corresponda. &nbsp;3- Contar con su RSH ( registro social de hogares) actualizado o en tramitaci\u00f3n. 4- Contar con una receta de profesionales autorizados para prescribir medicamentos o recetas del&hellip;<\/p>\n","protected":false},"author":1,"featured_media":0,"parent":0,"menu_order":0,"comment_status":"closed","ping_status":"closed","template":"","meta":{"footnotes":""},"class_list":["post-11322","page","type-page","status-publish","hentry"],"_links":{"self":[{"href":"https:\/\/municipalidadalhue.cl\/portal\/wp-json\/wp\/v2\/pages\/11322","targetHints":{"allow":["GET"]}}],"collection":[{"href":"https:\/\/municipalidadalhue.cl\/portal\/wp-json\/wp\/v2\/pages"}],"about":[{"href":"https:\/\/municipalidadalhue.cl\/portal\/wp-json\/wp\/v2\/types\/page"}],"author":[{"embeddable":true,"href":"https:\/\/municipalidadalhue.cl\/portal\/wp-json\/wp\/v2\/users\/1"}],"replies":[{"embeddable":true,"href":"https:\/\/municipalidadalhue.cl\/portal\/wp-json\/wp\/v2\/comments?post=11322"}],"version-history":[{"count":0,"href":"https:\/\/municipalidadalhue.cl\/portal\/wp-json\/wp\/v2\/pages\/11322\/revisions"}],"wp:attachment":[{"href":"https:\/\/municipalidadalhue.cl\/portal\/wp-json\/wp\/v2\/media?parent=11322"}],"curies":[{"name":"wp","href":"https:\/\/api.w.org\/{rel}","templated":true}]}}