{"id":11339,"date":"2019-02-05T18:27:32","date_gmt":"2019-02-05T18:27:32","guid":{"rendered":"https:\/\/municipalidadalhue.cl\/portal\/?page_id=11339"},"modified":"2019-03-13T16:00:59","modified_gmt":"2019-03-13T16:00:59","slug":"obtencion-patente-ley-de-microempresa-familiar","status":"publish","type":"page","link":"https:\/\/municipalidadalhue.cl\/portal\/obtencion-patente-ley-de-microempresa-familiar\/","title":{"rendered":"OBTENCI\u00d3N PATENTE LEY DE MICROEMPRESA FAMILIAR"},"content":{"rendered":"\n<p>A esta ley pueden acogerse todos los residentes de la\ncomuna que desean crear una microempresa familiar.<\/p>\n\n\n\n<p>La patente de Microempresa Familiar (MEF), est\u00e1 orientada\npara realizar el tr\u00e1mite de la iniciaci\u00f3n de actividades mediante un\nprocedimiento simplificado, formalizarse y funcionar sin cumplir con algunos requisitos\ncomunes exigidos a otras empresas, por ejemplo, zonificaci\u00f3n.<\/p>\n\n\n\n<p><strong>Requisitos\ny antecedentes:<\/strong><\/p>\n\n\n\n<p>&nbsp;Los requisitos para\nacogerse a la ley de micro empresa familiar, son los siguientes:<\/p>\n\n\n\n<ul class=\"wp-block-list\"><li>La actividad econ\u00f3mica que constituye su giro\ndebe desarrollar sus actividades en la casa habitaci\u00f3n familiar.<\/li><li>La microempresa debe contar con no m\u00e1s de cinco\ntrabajadores extra\u00f1os a la familia.<\/li><li>Sus activos productivos no exceden las 1.000 UF\n(no se considera el valor de la vivienda en que funciona)<\/li><li>Debe desarrollar una actividad econ\u00f3mica\nl\u00edcita, la cual no es contaminante, peligrosa ni molesta.<\/li><li>El destino de la propiedad debe ser\nhabitacional.<\/li><\/ul>\n\n\n\n<p><strong>Tr\u00e1mites\nen l\u00ednea<\/strong><\/p>\n\n\n\n<p>No tiene<\/p>\n\n\n\n<p><strong>Tr\u00e1mites\na realizar o etapas<\/strong><\/p>\n\n\n\n<p><strong>Valor<\/strong><\/p>\n\n\n\n<p>A determinar<\/p>\n\n\n\n<p><strong>Lugar\ndonde se realiza:<\/strong><\/p>\n\n\n\n<p>Departamento Finanzas,.<\/p>\n\n\n\n<p><strong>Correo\nElectr\u00f3nico.<\/strong><\/p>\n\n\n\n<p><a href=\"mailto:Apoyo.finanzas@comunaalhue.cl\">Apoyo.finanzas@comunaalhue.cl<\/a><\/p>\n\n\n\n<p>Mar\u00eda N\u00fa\u00f1ez Serrano<\/p>\n","protected":false},"excerpt":{"rendered":"<p>A esta ley pueden acogerse todos los residentes de la comuna que desean crear una microempresa familiar. La patente de Microempresa Familiar (MEF), est\u00e1 orientada para realizar el tr\u00e1mite de la iniciaci\u00f3n de actividades mediante un procedimiento simplificado, formalizarse y funcionar sin cumplir con algunos requisitos comunes exigidos a otras empresas, por ejemplo, zonificaci\u00f3n. Requisitos y antecedentes: &nbsp;Los requisitos para acogerse a la ley de micro empresa familiar, son los siguientes: La actividad econ\u00f3mica que constituye su giro debe desarrollar sus actividades en la casa habitaci\u00f3n familiar. La microempresa debe&hellip;<\/p>\n","protected":false},"author":1,"featured_media":0,"parent":0,"menu_order":0,"comment_status":"closed","ping_status":"closed","template":"","meta":{"footnotes":""},"class_list":["post-11339","page","type-page","status-publish","hentry"],"_links":{"self":[{"href":"https:\/\/municipalidadalhue.cl\/portal\/wp-json\/wp\/v2\/pages\/11339","targetHints":{"allow":["GET"]}}],"collection":[{"href":"https:\/\/municipalidadalhue.cl\/portal\/wp-json\/wp\/v2\/pages"}],"about":[{"href":"https:\/\/municipalidadalhue.cl\/portal\/wp-json\/wp\/v2\/types\/page"}],"author":[{"embeddable":true,"href":"https:\/\/municipalidadalhue.cl\/portal\/wp-json\/wp\/v2\/users\/1"}],"replies":[{"embeddable":true,"href":"https:\/\/municipalidadalhue.cl\/portal\/wp-json\/wp\/v2\/comments?post=11339"}],"version-history":[{"count":0,"href":"https:\/\/municipalidadalhue.cl\/portal\/wp-json\/wp\/v2\/pages\/11339\/revisions"}],"wp:attachment":[{"href":"https:\/\/municipalidadalhue.cl\/portal\/wp-json\/wp\/v2\/media?parent=11339"}],"curies":[{"name":"wp","href":"https:\/\/api.w.org\/{rel}","templated":true}]}}