{"id":11367,"date":"2019-02-05T18:50:28","date_gmt":"2019-02-05T18:50:28","guid":{"rendered":"https:\/\/municipalidadalhue.cl\/portal\/?page_id=11367"},"modified":"2020-06-17T04:34:58","modified_gmt":"2020-06-17T04:34:58","slug":"pension-basica-solidaria-de-vejez","status":"publish","type":"page","link":"https:\/\/municipalidadalhue.cl\/portal\/pension-basica-solidaria-de-vejez\/","title":{"rendered":"PENSI\u00d3N BASICA SOLIDARIA DE VEJEZ"},"content":{"rendered":"\n<p><strong>Requisitos y antecedentes:<\/strong><\/p>\n\n\n\n<p>Hombres y mujeres mayores de\n65 a\u00f1os, residir en el pa\u00eds hace 20 a\u00f1os, Integrar un hogar calificado dentro\ndel 60% de menores ingresos o mayor vulnerabilidad socioecon\u00f3mica.<\/p>\n\n\n\n<p>\u00ab<strong>Tr\u00e1mites en l\u00ednea<\/strong><\/p>\n\n\n\n<p>No tiene<\/p>\n\n\n\n<p><strong>Tr\u00e1mites a realizar o etapas:<\/strong><\/p>\n\n\n\n<p>Dirigirse a la Ilustre\nMunicipalidad de Alhu\u00e9, Depto Social.<\/p>\n\n\n\n<p><strong>Valor<\/strong><\/p>\n\n\n\n<p>Gratuito<\/p>\n\n\n\n<p><strong>Lugar donde se realiza:<\/strong><\/p>\n\n\n\n<p>Departamento Social<\/p>\n\n\n\n<p><strong>Informaci\u00f3n complementaria<\/strong><\/p>\n\n\n\n<p>correo electronico<\/p>\n\n\n\n<p>secretariasocial@comunaalhue.cl<\/p>\n\n\n\n<p>social@comunaalhue.cl<\/p>\n\n\n\n<p>HORARIO Lunes a y Viernes 8:30 a 13:00 \u2013 14: 00 a 17:30.&nbsp;<\/p>\n\n\n\n<p>FONO 977646534<\/p>\n","protected":false},"excerpt":{"rendered":"<p>Requisitos y antecedentes: Hombres y mujeres mayores de 65 a\u00f1os, residir en el pa\u00eds hace 20 a\u00f1os, Integrar un hogar calificado dentro del 60% de menores ingresos o mayor vulnerabilidad socioecon\u00f3mica. \u00abTr\u00e1mites en l\u00ednea No tiene Tr\u00e1mites a realizar o etapas: Dirigirse a la Ilustre Municipalidad de Alhu\u00e9, Depto Social. Valor Gratuito Lugar donde se realiza: Departamento Social Informaci\u00f3n complementaria correo electronico secretariasocial@comunaalhue.cl social@comunaalhue.cl HORARIO Lunes a y Viernes 8:30 a 13:00 \u2013 14: 00 a 17:30.&nbsp; FONO 977646534<\/p>\n","protected":false},"author":1,"featured_media":0,"parent":0,"menu_order":0,"comment_status":"closed","ping_status":"closed","template":"","meta":{"footnotes":""},"class_list":["post-11367","page","type-page","status-publish","hentry"],"_links":{"self":[{"href":"https:\/\/municipalidadalhue.cl\/portal\/wp-json\/wp\/v2\/pages\/11367","targetHints":{"allow":["GET"]}}],"collection":[{"href":"https:\/\/municipalidadalhue.cl\/portal\/wp-json\/wp\/v2\/pages"}],"about":[{"href":"https:\/\/municipalidadalhue.cl\/portal\/wp-json\/wp\/v2\/types\/page"}],"author":[{"embeddable":true,"href":"https:\/\/municipalidadalhue.cl\/portal\/wp-json\/wp\/v2\/users\/1"}],"replies":[{"embeddable":true,"href":"https:\/\/municipalidadalhue.cl\/portal\/wp-json\/wp\/v2\/comments?post=11367"}],"version-history":[{"count":0,"href":"https:\/\/municipalidadalhue.cl\/portal\/wp-json\/wp\/v2\/pages\/11367\/revisions"}],"wp:attachment":[{"href":"https:\/\/municipalidadalhue.cl\/portal\/wp-json\/wp\/v2\/media?parent=11367"}],"curies":[{"name":"wp","href":"https:\/\/api.w.org\/{rel}","templated":true}]}}