{"id":11400,"date":"2019-02-05T19:36:16","date_gmt":"2019-02-05T19:36:16","guid":{"rendered":"https:\/\/municipalidadalhue.cl\/portal\/?page_id=11400"},"modified":"2019-03-13T18:00:31","modified_gmt":"2019-03-13T18:00:31","slug":"renovacion-permiso-de-circulacion","status":"publish","type":"page","link":"https:\/\/municipalidadalhue.cl\/portal\/renovacion-permiso-de-circulacion\/","title":{"rendered":"RENOVACI\u00d3N PERMISO DE CIRCULACI\u00d3N"},"content":{"rendered":"\n<p><strong>Requisitos y antecedentes:<\/strong><\/p>\n\n\n\n<ul class=\"wp-block-list\"><li>Permiso de Circulaci\u00f3n anterior<\/li><li>Revisi\u00f3n T\u00e9cnica vigente<\/li><li>Certificado de emisiones contaminantes<\/li><li>Soap (seguro obligatorio)\u00a0<\/li><li>En la eventualidad de cambio de nombre, motor, color, debe traer Certificado de Anotaciones Vigentes.<\/li><li>No tener multas de tr\u00e1nsito impagas.<\/li><li> Presentar comprobante de pago primera cuota de permiso de circulaci\u00f3n <\/li><\/ul>\n\n\n\n<p><strong>Tr\u00e1mites en l\u00ednea:&nbsp;<\/strong>No tiene<\/p>\n\n\n\n<p><strong>Tr\u00e1mites a realizar o etapas:<\/strong>&nbsp;&nbsp;&nbsp;&nbsp;<\/p>\n\n\n\n<p> <br>primera etapa: emision de permiso en Dpto finanzas Segunda etapa: Cancelar P.C Unidad de Tesoreria <\/p>\n\n\n\n<p><strong>Valor: A determinar<\/strong><\/p>\n\n\n\n<p><strong>Lugar donde se realiza<\/strong>: DIRIGIRSE AL DEPARTAMENTO DE FINANZAS CON LOS DOCUMENTOS SOLICITADOS<\/p>\n\n\n\n<p><strong>Descripci\u00f3n del servicio:<\/strong><\/p>\n","protected":false},"excerpt":{"rendered":"<p>Requisitos y antecedentes: Permiso de Circulaci\u00f3n anterior Revisi\u00f3n T\u00e9cnica vigente Certificado de emisiones contaminantes Soap (seguro obligatorio)\u00a0 En la eventualidad de cambio de nombre, motor, color, debe traer Certificado de Anotaciones Vigentes. No tener multas de tr\u00e1nsito impagas. Presentar comprobante de pago primera cuota de permiso de circulaci\u00f3n Tr\u00e1mites en l\u00ednea:&nbsp;No tiene Tr\u00e1mites a realizar o etapas:&nbsp;&nbsp;&nbsp;&nbsp; primera etapa: emision de permiso en Dpto finanzas Segunda etapa: Cancelar P.C Unidad de Tesoreria Valor: A determinar Lugar donde se realiza: DIRIGIRSE AL DEPARTAMENTO DE FINANZAS CON LOS DOCUMENTOS SOLICITADOS Descripci\u00f3n del&hellip;<\/p>\n","protected":false},"author":1,"featured_media":0,"parent":0,"menu_order":0,"comment_status":"closed","ping_status":"closed","template":"","meta":{"footnotes":""},"class_list":["post-11400","page","type-page","status-publish","hentry"],"_links":{"self":[{"href":"https:\/\/municipalidadalhue.cl\/portal\/wp-json\/wp\/v2\/pages\/11400","targetHints":{"allow":["GET"]}}],"collection":[{"href":"https:\/\/municipalidadalhue.cl\/portal\/wp-json\/wp\/v2\/pages"}],"about":[{"href":"https:\/\/municipalidadalhue.cl\/portal\/wp-json\/wp\/v2\/types\/page"}],"author":[{"embeddable":true,"href":"https:\/\/municipalidadalhue.cl\/portal\/wp-json\/wp\/v2\/users\/1"}],"replies":[{"embeddable":true,"href":"https:\/\/municipalidadalhue.cl\/portal\/wp-json\/wp\/v2\/comments?post=11400"}],"version-history":[{"count":0,"href":"https:\/\/municipalidadalhue.cl\/portal\/wp-json\/wp\/v2\/pages\/11400\/revisions"}],"wp:attachment":[{"href":"https:\/\/municipalidadalhue.cl\/portal\/wp-json\/wp\/v2\/media?parent=11400"}],"curies":[{"name":"wp","href":"https:\/\/api.w.org\/{rel}","templated":true}]}}