{"id":11425,"date":"2019-02-05T19:53:57","date_gmt":"2019-02-05T19:53:57","guid":{"rendered":"https:\/\/municipalidadalhue.cl\/portal\/?page_id=11425"},"modified":"2019-02-05T19:53:59","modified_gmt":"2019-02-05T19:53:59","slug":"subsidio-maternal","status":"publish","type":"page","link":"https:\/\/municipalidadalhue.cl\/portal\/subsidio-maternal\/","title":{"rendered":"SUBSIDIO MATERNAL"},"content":{"rendered":"\n<p><strong>Requisitos y antecedentes:<\/strong><\/p>\n\n\n\n<ol class=\"wp-block-list\"><li>Fotocopia Carnet de Identidad de la Madre.<\/li><li>Certificado de embarazo, emitido por la Matrona\/\u00f3n<\/li><li>Ficha de Protecci\u00f3n Social puntaje m\u00e1ximo 11.734.<\/li><\/ol>\n\n\n\n<p><strong>Tr\u00e1mites en l\u00ednea:&nbsp;<\/strong>No tiene<\/p>\n\n\n\n<p><strong>Tr\u00e1mites a realizar o etapas:<\/strong>&nbsp;&nbsp;&nbsp;&nbsp;<\/p>\n\n\n\n<p>DIRIGIRSE AL DEPARTAMENTO SOCIAL CON LOS DOCUMENTOS SOLICITADOS<\/p>\n\n\n\n<p><strong>Valor:&nbsp;<\/strong>Gratis<\/p>\n\n\n\n<p><strong>Lugar donde se realiza<\/strong>: DEPARTAMENTO SOCIAL -PINTOR ONOFRE JARPA N\u00b0 55,ALHU\u00c9<\/p>\n\n\n\n<p><strong>Descripci\u00f3n del servicio:<\/strong><\/p>\n","protected":false},"excerpt":{"rendered":"<p>Requisitos y antecedentes: Fotocopia Carnet de Identidad de la Madre. Certificado de embarazo, emitido por la Matrona\/\u00f3n Ficha de Protecci\u00f3n Social puntaje m\u00e1ximo 11.734. Tr\u00e1mites en l\u00ednea:&nbsp;No tiene Tr\u00e1mites a realizar o etapas:&nbsp;&nbsp;&nbsp;&nbsp; DIRIGIRSE AL DEPARTAMENTO SOCIAL CON LOS DOCUMENTOS SOLICITADOS Valor:&nbsp;Gratis Lugar donde se realiza: DEPARTAMENTO SOCIAL -PINTOR ONOFRE JARPA N\u00b0 55,ALHU\u00c9 Descripci\u00f3n del servicio:<\/p>\n","protected":false},"author":1,"featured_media":0,"parent":0,"menu_order":0,"comment_status":"closed","ping_status":"closed","template":"","meta":{"footnotes":""},"class_list":["post-11425","page","type-page","status-publish","hentry"],"_links":{"self":[{"href":"https:\/\/municipalidadalhue.cl\/portal\/wp-json\/wp\/v2\/pages\/11425","targetHints":{"allow":["GET"]}}],"collection":[{"href":"https:\/\/municipalidadalhue.cl\/portal\/wp-json\/wp\/v2\/pages"}],"about":[{"href":"https:\/\/municipalidadalhue.cl\/portal\/wp-json\/wp\/v2\/types\/page"}],"author":[{"embeddable":true,"href":"https:\/\/municipalidadalhue.cl\/portal\/wp-json\/wp\/v2\/users\/1"}],"replies":[{"embeddable":true,"href":"https:\/\/municipalidadalhue.cl\/portal\/wp-json\/wp\/v2\/comments?post=11425"}],"version-history":[{"count":0,"href":"https:\/\/municipalidadalhue.cl\/portal\/wp-json\/wp\/v2\/pages\/11425\/revisions"}],"wp:attachment":[{"href":"https:\/\/municipalidadalhue.cl\/portal\/wp-json\/wp\/v2\/media?parent=11425"}],"curies":[{"name":"wp","href":"https:\/\/api.w.org\/{rel}","templated":true}]}}