{"id":11444,"date":"2019-02-05T20:15:59","date_gmt":"2019-02-05T20:15:59","guid":{"rendered":"https:\/\/municipalidadalhue.cl\/portal\/?page_id=11444"},"modified":"2019-03-05T18:13:32","modified_gmt":"2019-03-05T18:13:32","slug":"programa-caja-chica","status":"publish","type":"page","link":"https:\/\/municipalidadalhue.cl\/portal\/programa-caja-chica\/","title":{"rendered":"Programa caja chica"},"content":{"rendered":"\n<p><strong>Requisitos\ny antecedentes:<\/strong><\/p>\n\n\n\n<p><strong>Pago\nde servicios b\u00e1sicos: <\/strong><\/p>\n\n\n\n<p><strong>1) La boleta de consumo deber\u00e1 presentar a lo menos dos meses de impago. <\/strong><\/p>\n\n\n\n<p><strong>2) El beneficio deber\u00e1 favorecer directamente al consumo del requirente. En el caso que exista en el cargo de las cuentas la compra de electrodom\u00e9sticos u otros, el aporte va referido solo al consumo.<\/strong><\/p>\n\n\n\n<p><strong>&nbsp;3)En relaci\u00f3n al aporte para el arranque de\nagua deber\u00e1 presentar una carta de la cooperativa o APR (agua potable rural)\ndonde se estipule el monto total del arranque y el pago m\u00ednimo que tiene que\ntener para realizar la instalaci\u00f3n. <\/strong><\/p>\n\n\n\n<p><strong>4) Entrevista con profesional\nAsistente Social del Departamento Social. <\/strong><\/p>\n\n\n\n<p><strong>5) Evaluaci\u00f3n Social. Suplemento\nalimenticio y pa\u00f1ales adultos y ni\u00f1os<\/strong><\/p>\n\n\n\n<p><strong>&nbsp;1) Entrevista con profesional Asistente Social\ndel Departamento Social <\/strong><\/p>\n\n\n\n<p><strong>2) Evaluaci\u00f3n Social Medicamanto:\n<\/strong><\/p>\n\n\n\n<p><strong>1) Entrevista con profesional\nAsistente Social del Departamento Social. <\/strong><\/p>\n\n\n\n<p><strong>2) Evaluaci\u00f3n Social <\/strong><\/p>\n\n\n\n<p><strong>3) La ayuda social\n(medicamentos)se entregar\u00e1 una vez adquirida previa la firma de Anexo N\u00ba2\nFormulario de entrega de ayuda social (recibo) 4) Receta Medica <\/strong><\/p>\n\n\n\n<p><strong>5) Certificado m\u00e9dico que\nestipule la necesidad de tomar el medicamento<\/strong><\/p>\n\n\n\n<p><strong>&nbsp;6) Si el tratamiento de medicamento es\npermanente se debe gestionar recursos en la red existente. Compra de insumos\nb\u00e1sicos para operaci\u00f3n:<\/strong><\/p>\n\n\n\n<p><strong>&nbsp;1) Entrevista con profesional Asistente Social\ndel Departamento Social. <\/strong><\/p>\n\n\n\n<p><strong>2) Evaluaci\u00f3n Social <\/strong><\/p>\n\n\n\n<p><strong>3) Certificado m\u00e9dico que\nestipule la necesidad de la operaci\u00f3n<\/strong><\/p>\n\n\n\n<p><strong>Monto global asignado:<\/strong><\/p>\n\n\n\n<p>$ 2.400.000<\/p>\n\n\n\n<p><strong>Tipo unidad monetaria<\/strong><\/p>\n\n\n\n<p>Pesos<\/p>\n\n\n\n<p><strong>Inicio per\u00edodo o plazo de postulaci\u00f3n<\/strong><\/p>\n\n\n\n<p>02\/02\/2019<\/p>\n\n\n\n<p><strong>Fin per\u00edodo o plazo de postulaci\u00f3n<\/strong><\/p>\n\n\n\n<p>31\/12\/2019<\/p>\n\n\n\n<p><strong>Criterio de evaluaci\u00f3n y asignaci\u00f3n:<\/strong><\/p>\n\n\n\n<p>Ser\u00e1n beneficiarios todos los habitantes de la\ncomuna de Alhu\u00e9, que cuenten con Registro Social de Hogares, en el caso que no\ncuenten con RSH en ninguna comuna del pa\u00eds se tendr\u00e1 que certificar a trav\u00e9s de\ncertificado de residencia de la Junta de Vecinos, certificado m\u00e9dico del\nconsultorio y que se encuentren en cualquiera de los siguientes estados: <\/p>\n\n\n\n<p>a) Indigencia <\/p>\n\n\n\n<p>b) Estado de necesidad manifiesta<\/p>\n\n\n\n<p>&nbsp;c)\nSituaci\u00f3n de salud que afecte su presupuesto familiar (CA, VIH, Discapacidad\nf\u00edsica y\/o mental entre otros) <\/p>\n\n\n\n<p>d) Escasos recursos e) Aquellas personas que no\nse encuentran en ninguno de los estados anteriores y que sufran los efectos de\nsiniestros o cat\u00e1strofes naturales, lo que entenderemos como una \u201cSituaci\u00f3n de\nEmergencia.\u201d<\/p>\n\n\n\n<p><strong>Plazos asociados al procedimiento de\nevaluaci\u00f3n y asignaci\u00f3n:<\/strong><\/p>\n\n\n\n<p>A la brevedad posible<strong><\/strong><\/p>\n\n\n\n<p><strong>Objetivo del Subsidio o Beneficio:<\/strong><\/p>\n\n\n\n<p>Se entender\u00e1 como \u201cAyuda Social\u201d aquella que\nconsiste en la asistencia directa y espec\u00edfica dirigida a personas y\/o grupos\nfamiliares que presenten problemas o carencias puntuales, cuya finalidad es\nasegurarle los medios indispensables para la sobrevivencia<strong><\/strong><\/p>\n\n\n\n<p><strong>Tipo:<\/strong><\/p>\n\n\n\n<p>Decreto<strong><\/strong><\/p>\n\n\n\n<p><strong>Denominaci\u00f3n:<\/strong><\/p>\n\n\n\n<p>Reglamento de entrega de ayuda social \u00faltima modificaci\u00f3n<\/p>\n\n\n\n<p><strong>Numero:<\/strong><\/p>\n\n\n\n<p>463<\/p>\n\n\n\n<p><strong>Fecha:<\/strong><\/p>\n\n\n\n<p>27\/01\/2019<\/p>\n\n\n\n<p><strong>N\u00famero de Beneficiarios:<\/strong><\/p>\n\n\n\n<p>10<\/p>\n\n\n\n<p><strong>Razones de la exclusi\u00f3n de datos:<\/strong><\/p>\n\n\n\n<p><br>\nNo cumple con los requisitos<\/p>\n","protected":false},"excerpt":{"rendered":"<p>Requisitos y antecedentes: Pago de servicios b\u00e1sicos: 1) La boleta de consumo deber\u00e1 presentar a lo menos dos meses de impago. 2) El beneficio deber\u00e1 favorecer directamente al consumo del requirente. En el caso que exista en el cargo de las cuentas la compra de electrodom\u00e9sticos u otros, el aporte va referido solo al consumo. &nbsp;3)En relaci\u00f3n al aporte para el arranque de agua deber\u00e1 presentar una carta de la cooperativa o APR (agua potable rural) donde se estipule el monto total del arranque y el pago m\u00ednimo que tiene&hellip;<\/p>\n","protected":false},"author":1,"featured_media":0,"parent":0,"menu_order":0,"comment_status":"closed","ping_status":"closed","template":"","meta":{"footnotes":""},"class_list":["post-11444","page","type-page","status-publish","hentry"],"_links":{"self":[{"href":"https:\/\/municipalidadalhue.cl\/portal\/wp-json\/wp\/v2\/pages\/11444","targetHints":{"allow":["GET"]}}],"collection":[{"href":"https:\/\/municipalidadalhue.cl\/portal\/wp-json\/wp\/v2\/pages"}],"about":[{"href":"https:\/\/municipalidadalhue.cl\/portal\/wp-json\/wp\/v2\/types\/page"}],"author":[{"embeddable":true,"href":"https:\/\/municipalidadalhue.cl\/portal\/wp-json\/wp\/v2\/users\/1"}],"replies":[{"embeddable":true,"href":"https:\/\/municipalidadalhue.cl\/portal\/wp-json\/wp\/v2\/comments?post=11444"}],"version-history":[{"count":0,"href":"https:\/\/municipalidadalhue.cl\/portal\/wp-json\/wp\/v2\/pages\/11444\/revisions"}],"wp:attachment":[{"href":"https:\/\/municipalidadalhue.cl\/portal\/wp-json\/wp\/v2\/media?parent=11444"}],"curies":[{"name":"wp","href":"https:\/\/api.w.org\/{rel}","templated":true}]}}