{"id":11447,"date":"2019-02-05T20:18:24","date_gmt":"2019-02-05T20:18:24","guid":{"rendered":"https:\/\/municipalidadalhue.cl\/portal\/?page_id=11447"},"modified":"2020-06-17T06:23:37","modified_gmt":"2020-06-17T06:23:37","slug":"programa-canasta-familiar","status":"publish","type":"page","link":"https:\/\/municipalidadalhue.cl\/portal\/programa-canasta-familiar\/","title":{"rendered":"Programa canasta familiar"},"content":{"rendered":"\n<p><strong>Requisitos y antecedentes:<\/strong><\/p>\n\n\n\n<p>Contar con su R.S.H en la comuna.<\/p>\n\n\n\n<p>\u00ab<strong>Tr\u00e1mites en l\u00ednea<\/strong><\/p>\n\n\n\n<p>No tiene<\/p>\n\n\n\n<p><strong>Tr\u00e1mites a realizar o etapas:<\/strong><\/p>\n\n\n\n<p>Dirigirse a la Ilustre\nMunicipalidad de Alhu\u00e9, Depto Social.<\/p>\n\n\n\n<p><strong>Valor<\/strong><\/p>\n\n\n\n<p>Gratuito<\/p>\n\n\n\n<p><strong>Lugar donde se realiza:<\/strong><\/p>\n\n\n\n<p>Departamento Social<\/p>\n\n\n\n<p><strong>Informaci\u00f3n complementaria<\/strong><\/p>\n\n\n\n<p>correo electronico<\/p>\n\n\n\n<p>secretariasocial@comunaalhue.cl<\/p>\n\n\n\n<p>social@comunaalhue.cl<\/p>\n\n\n\n<p>HORARIO Lunes a y Viernes 8:30 a 13:00 \u2013 14: 00 a 17:30.&nbsp;<\/p>\n\n\n\n<p>FONO 977646534<\/p>\n\n\n\n<div class=\"wp-block-file\"><a href=\"https:\/\/municipalidadalhue.cl\/portal\/wp-content\/uploads\/2020\/06\/decreto-505-reglamento-de-entrega-de-ayudas-sociales-6.pdf\">decreto-505-reglamento-de-entrega-de-ayudas-sociales-6<\/a><a href=\"https:\/\/municipalidadalhue.cl\/portal\/wp-content\/uploads\/2020\/06\/decreto-505-reglamento-de-entrega-de-ayudas-sociales-6.pdf\" class=\"wp-block-file__button\" download>Descarga<\/a><\/div>\n","protected":false},"excerpt":{"rendered":"<p>Requisitos y antecedentes: Contar con su R.S.H en la comuna. \u00abTr\u00e1mites en l\u00ednea No tiene Tr\u00e1mites a realizar o etapas: Dirigirse a la Ilustre Municipalidad de Alhu\u00e9, Depto Social. Valor Gratuito Lugar donde se realiza: Departamento Social Informaci\u00f3n complementaria correo electronico secretariasocial@comunaalhue.cl social@comunaalhue.cl HORARIO Lunes a y Viernes 8:30 a 13:00 \u2013 14: 00 a 17:30.&nbsp; FONO 977646534<\/p>\n","protected":false},"author":1,"featured_media":0,"parent":0,"menu_order":0,"comment_status":"closed","ping_status":"closed","template":"","meta":{"footnotes":""},"class_list":["post-11447","page","type-page","status-publish","hentry"],"_links":{"self":[{"href":"https:\/\/municipalidadalhue.cl\/portal\/wp-json\/wp\/v2\/pages\/11447","targetHints":{"allow":["GET"]}}],"collection":[{"href":"https:\/\/municipalidadalhue.cl\/portal\/wp-json\/wp\/v2\/pages"}],"about":[{"href":"https:\/\/municipalidadalhue.cl\/portal\/wp-json\/wp\/v2\/types\/page"}],"author":[{"embeddable":true,"href":"https:\/\/municipalidadalhue.cl\/portal\/wp-json\/wp\/v2\/users\/1"}],"replies":[{"embeddable":true,"href":"https:\/\/municipalidadalhue.cl\/portal\/wp-json\/wp\/v2\/comments?post=11447"}],"version-history":[{"count":0,"href":"https:\/\/municipalidadalhue.cl\/portal\/wp-json\/wp\/v2\/pages\/11447\/revisions"}],"wp:attachment":[{"href":"https:\/\/municipalidadalhue.cl\/portal\/wp-json\/wp\/v2\/media?parent=11447"}],"curies":[{"name":"wp","href":"https:\/\/api.w.org\/{rel}","templated":true}]}}