{"id":11451,"date":"2019-02-05T20:20:19","date_gmt":"2019-02-05T20:20:19","guid":{"rendered":"https:\/\/municipalidadalhue.cl\/portal\/?page_id=11451"},"modified":"2019-03-13T13:04:42","modified_gmt":"2019-03-13T13:04:42","slug":"programa-de-adulto-mayor-y-o-enfermo","status":"publish","type":"page","link":"https:\/\/municipalidadalhue.cl\/portal\/programa-de-adulto-mayor-y-o-enfermo\/","title":{"rendered":"Programa de adulto mayor y \/o enfermo"},"content":{"rendered":"\n<p><strong>Tipo Subsidio o Beneficio<\/strong>: <\/p>\n\n\n\n<p><strong>Unidad, \u00f3rgano interno o dependencia que lo gestiona:<\/strong><\/p>\n\n\n\n<p>Departamento Social<\/p>\n\n\n\n<p><strong>Requisitos y antecedentes para\npostular:<\/strong><\/p>\n\n\n\n<ul class=\"wp-block-list\"><li>Entrevista con profesional Asistente Social del Departamento Social. <\/li><li>Informe social&nbsp; <\/li><li>Certificado m\u00e9dico &nbsp;<\/li><li>Colilla de pago del adulto mayor <\/li><li>Fotocopia del carnet de identidad del beneficiario y del cuidador<\/li><\/ul>\n\n\n\n<p><strong>Monto global asignado:<\/strong>&nbsp;25.000.000<\/p>\n\n\n\n<p><strong>Inicio per\u00edodo o plazo de postulaci\u00f3n:<\/strong>&nbsp;02\/02\/2019<\/p>\n\n\n\n<p><strong>Fin per\u00edodo o plazo de postulaci\u00f3n:<\/strong>&nbsp;31\/12\/2019<\/p>\n\n\n\n<p><strong>Criterio de evaluaci\u00f3n y asignaci\u00f3n:<\/strong><\/p>\n\n\n\n<p>Ser\u00e1n beneficiarios todos los habitantes de la comuna de Alhu\u00e9, que\ncuenten con Registro Social de Hogares, en el caso que no cuenten con RSH en\nninguna comuna del pa\u00eds se tendr\u00e1 que certificar a trav\u00e9s de certificado de\nresidencia de la Junta de Vecinos, certificado m\u00e9dico del consultorio y que se\nencuentren en cualquiera de los siguientes estados: <\/p>\n\n\n\n<ul class=\"wp-block-list\"><li>Indigencia <\/li><li>Estado de necesidad manifiesta <\/li><li>Situaci\u00f3n de salud que afecte su presupuesto familiar (CA, VIH,\nDiscapacidad f\u00edsica y\/o mental entre otros) <\/li><li>Escasos recursos e) Aquellas personas que no se encuentran en ninguno de\nlos estados anteriores y que sufran los efectos de siniestros o cat\u00e1strofes\nnaturales, lo que entenderemos como una \u201cSituaci\u00f3n de Emergencia.\u201d<\/li><\/ul>\n\n\n\n<p><strong>Plazos asociados al procedimiento de evaluaci\u00f3n y asignaci\u00f3n:<\/strong><\/p>\n\n\n\n<p>A la brevedad posible<\/p>\n\n\n\n<p><strong>Objetivo del Subsidio o Beneficio:<\/strong><\/p>\n\n\n\n<p>Se entender\u00e1 como \u201cAyuda Social\u201d aquella que consiste en la asistencia\ndirecta y espec\u00edfica dirigida a personas y\/o grupos familiares que presenten\nproblemas o carencias puntuales, cuya finalidad es asegurarle los medios\nindispensables para la sobrevivencia.<\/p>\n\n\n\n<p><strong>Tipo:<\/strong>&nbsp;Decreto<\/p>\n\n\n\n<p><strong>Denominaci\u00f3n:<\/strong>&nbsp;Reglamento de entrega de ayuda social \u00faltima modificaci\u00f3n<\/p>\n\n\n\n<p><strong>Numero:<\/strong>&nbsp;463<\/p>\n\n\n\n<p><strong>Fecha<\/strong>&nbsp;27\/01\/2019<\/p>\n\n\n\n<p><strong>N\u00famero de Beneficiarios:&nbsp;<\/strong>50<\/p>\n\n\n\n<p><strong>Razones de la exclusi\u00f3n de datos:<\/strong>&nbsp;No cumple con los requisitos<\/p>\n","protected":false},"excerpt":{"rendered":"<p>Tipo Subsidio o Beneficio: Unidad, \u00f3rgano interno o dependencia que lo gestiona: Departamento Social Requisitos y antecedentes para postular: Entrevista con profesional Asistente Social del Departamento Social. Informe social&nbsp; Certificado m\u00e9dico &nbsp; Colilla de pago del adulto mayor Fotocopia del carnet de identidad del beneficiario y del cuidador Monto global asignado:&nbsp;25.000.000 Inicio per\u00edodo o plazo de postulaci\u00f3n:&nbsp;02\/02\/2019 Fin per\u00edodo o plazo de postulaci\u00f3n:&nbsp;31\/12\/2019 Criterio de evaluaci\u00f3n y asignaci\u00f3n: Ser\u00e1n beneficiarios todos los habitantes de la comuna de Alhu\u00e9, que cuenten con Registro Social de Hogares, en el caso que no&hellip;<\/p>\n","protected":false},"author":1,"featured_media":0,"parent":0,"menu_order":0,"comment_status":"closed","ping_status":"closed","template":"","meta":{"footnotes":""},"class_list":["post-11451","page","type-page","status-publish","hentry"],"_links":{"self":[{"href":"https:\/\/municipalidadalhue.cl\/portal\/wp-json\/wp\/v2\/pages\/11451","targetHints":{"allow":["GET"]}}],"collection":[{"href":"https:\/\/municipalidadalhue.cl\/portal\/wp-json\/wp\/v2\/pages"}],"about":[{"href":"https:\/\/municipalidadalhue.cl\/portal\/wp-json\/wp\/v2\/types\/page"}],"author":[{"embeddable":true,"href":"https:\/\/municipalidadalhue.cl\/portal\/wp-json\/wp\/v2\/users\/1"}],"replies":[{"embeddable":true,"href":"https:\/\/municipalidadalhue.cl\/portal\/wp-json\/wp\/v2\/comments?post=11451"}],"version-history":[{"count":0,"href":"https:\/\/municipalidadalhue.cl\/portal\/wp-json\/wp\/v2\/pages\/11451\/revisions"}],"wp:attachment":[{"href":"https:\/\/municipalidadalhue.cl\/portal\/wp-json\/wp\/v2\/media?parent=11451"}],"curies":[{"name":"wp","href":"https:\/\/api.w.org\/{rel}","templated":true}]}}