{"id":11468,"date":"2019-02-06T13:39:26","date_gmt":"2019-02-06T13:39:26","guid":{"rendered":"https:\/\/municipalidadalhue.cl\/portal\/?page_id=11468"},"modified":"2020-06-17T06:21:10","modified_gmt":"2020-06-17T06:21:10","slug":"programa-de-pasajes","status":"publish","type":"page","link":"https:\/\/municipalidadalhue.cl\/portal\/programa-de-pasajes\/","title":{"rendered":"Programa de pasajes"},"content":{"rendered":"\n<p><strong>Tipo\nSubsidio o Beneficio<\/strong>:\nDepartamento Social<\/p>\n\n\n\n<p><strong>Requisitos y antecedentes.<\/strong><\/p>\n\n\n\n<p>Ser derivado por un m\u00e9dico a un centro de salud ubicado fuera de la comuna, a su vez presentar una enfermedad cr\u00f3nica, o presentar documento de tribunales.<\/p>\n\n\n\n<p><strong>Tr\u00e1mites en l\u00ednea<\/strong><\/p>\n\n\n\n<p>No tiene<\/p>\n\n\n\n<p><strong>Tr\u00e1mites a realizar o etapas:<\/strong><\/p>\n\n\n\n<p>Dirigirse a la Ilustre Municipalidad de Alhu\u00e9, Depto Social.<\/p>\n\n\n\n<p><strong>Valor<\/strong><\/p>\n\n\n\n<p>Gratuito<\/p>\n\n\n\n<p><strong>Lugar donde se realiza:<\/strong><\/p>\n\n\n\n<p>Departamento Social<\/p>\n\n\n\n<p><strong>Informaci\u00f3n complementaria<\/strong><\/p>\n\n\n\n<p>correo electronico<\/p>\n\n\n\n<p>secretariasocial@comunaalhue.cl<\/p>\n\n\n\n<p>social@comunaalhue.cl<\/p>\n\n\n\n<p>HORARIO Lunes a y Viernes 8:30 a 13:00 \u2013 14: 00 a 17:30.&nbsp;<\/p>\n\n\n\n<p>FONO 977646534<\/p>\n\n\n\n<div class=\"wp-block-file\"><a href=\"https:\/\/municipalidadalhue.cl\/portal\/wp-content\/uploads\/2020\/06\/decreto-505-reglamento-de-entrega-de-ayudas-sociales-5.pdf\">decreto-505-reglamento-de-entrega-de-ayudas-sociales-5<\/a><a href=\"https:\/\/municipalidadalhue.cl\/portal\/wp-content\/uploads\/2020\/06\/decreto-505-reglamento-de-entrega-de-ayudas-sociales-5.pdf\" class=\"wp-block-file__button\" download>Descarga<\/a><\/div>\n\n\n\n<p><\/p>\n","protected":false},"excerpt":{"rendered":"<p>Tipo Subsidio o Beneficio: Departamento Social Requisitos y antecedentes. Ser derivado por un m\u00e9dico a un centro de salud ubicado fuera de la comuna, a su vez presentar una enfermedad cr\u00f3nica, o presentar documento de tribunales. Tr\u00e1mites en l\u00ednea No tiene Tr\u00e1mites a realizar o etapas: Dirigirse a la Ilustre Municipalidad de Alhu\u00e9, Depto Social. Valor Gratuito Lugar donde se realiza: Departamento Social Informaci\u00f3n complementaria correo electronico secretariasocial@comunaalhue.cl social@comunaalhue.cl HORARIO Lunes a y Viernes 8:30 a 13:00 \u2013 14: 00 a 17:30.&nbsp; FONO 977646534<\/p>\n","protected":false},"author":1,"featured_media":0,"parent":0,"menu_order":0,"comment_status":"closed","ping_status":"closed","template":"","meta":{"footnotes":""},"class_list":["post-11468","page","type-page","status-publish","hentry"],"_links":{"self":[{"href":"https:\/\/municipalidadalhue.cl\/portal\/wp-json\/wp\/v2\/pages\/11468","targetHints":{"allow":["GET"]}}],"collection":[{"href":"https:\/\/municipalidadalhue.cl\/portal\/wp-json\/wp\/v2\/pages"}],"about":[{"href":"https:\/\/municipalidadalhue.cl\/portal\/wp-json\/wp\/v2\/types\/page"}],"author":[{"embeddable":true,"href":"https:\/\/municipalidadalhue.cl\/portal\/wp-json\/wp\/v2\/users\/1"}],"replies":[{"embeddable":true,"href":"https:\/\/municipalidadalhue.cl\/portal\/wp-json\/wp\/v2\/comments?post=11468"}],"version-history":[{"count":0,"href":"https:\/\/municipalidadalhue.cl\/portal\/wp-json\/wp\/v2\/pages\/11468\/revisions"}],"wp:attachment":[{"href":"https:\/\/municipalidadalhue.cl\/portal\/wp-json\/wp\/v2\/media?parent=11468"}],"curies":[{"name":"wp","href":"https:\/\/api.w.org\/{rel}","templated":true}]}}