{"id":11476,"date":"2019-02-06T13:50:31","date_gmt":"2019-02-06T13:50:31","guid":{"rendered":"https:\/\/municipalidadalhue.cl\/portal\/?page_id=11476"},"modified":"2019-03-13T13:27:37","modified_gmt":"2019-03-13T13:27:37","slug":"programa-mejoramiento-de-vivienda","status":"publish","type":"page","link":"https:\/\/municipalidadalhue.cl\/portal\/programa-mejoramiento-de-vivienda\/","title":{"rendered":"Programa Mejoramiento de vivienda"},"content":{"rendered":"\n<p><strong>Tipo Subsidio o Beneficio<\/strong>: Departamento Social<\/p>\n\n\n\n<p><strong>Unidad, \u00f3rgano interno o dependencia que lo gestiona:<\/strong><\/p>\n\n\n\n<p><strong>Requisitos y antecedentes para\npostular:<\/strong><\/p>\n\n\n\n<ul class=\"wp-block-list\"><li>Vivir en la comuna y contar Registro Social de Hogares.<\/li><li>En caso de ocurrir un siniestro, cat\u00e1strofe o enfermedad.<\/li><li>En caso de hacinamiento.<\/li><li>Deterioro visible de la vivienda.<\/li><li>El estado de salud de los miembros, en especial si son ni\u00f1os o ancianos, modif\u00edquese por El estado de salud de alg\u00fan miembro del grupo familiar, en especial si son ni\u00f1os o ancianos<\/li><\/ul>\n\n\n\n<p><strong>Monto global asignado:<\/strong>&nbsp;15.000.000<\/p>\n\n\n\n<p><strong>Inicio per\u00edodo o plazo de postulaci\u00f3n:<\/strong> 02\/02\/2019<\/p>\n\n\n\n<p><strong>Fin per\u00edodo o plazo de postulaci\u00f3n:<\/strong> 31\/12\/2019<\/p>\n\n\n\n<p><strong>Criterio de evaluaci\u00f3n y asignaci\u00f3n:<\/strong><\/p>\n\n\n\n<p>Ser\u00e1n beneficiarios todos los habitantes de la comuna de Alhu\u00e9, que cuenten con Registro Social de Hogares, en el caso que no cuenten con RSH en ninguna comuna del pa\u00eds se tendr\u00e1 que certificar a trav\u00e9s de certificado de residencia de la Junta de Vecinos, certificado m\u00e9dico del consultorio y que se encuentren en cualquiera de los siguientes estados:<\/p>\n\n\n\n<ul class=\"wp-block-list\"><li>Indigencia<\/li><li>Estado de necesidad manifiesta<\/li><li>Situaci\u00f3n de salud que afecte su presupuesto familiar (CA, VIH, Discapacidad f\u00edsica y\/o mental entre otros)<\/li><li>Escasos recursos<\/li><li>Aquellas personas que no se encuentran en ninguno de los estados anteriores y que sufran los efectos de siniestros o cat\u00e1strofes naturales, lo que entenderemos como una \u201cSituaci\u00f3n de Emergencia.\u201d<\/li><\/ul>\n\n\n\n<p><strong>Plazos asociados al procedimiento de evaluaci\u00f3n y asignaci\u00f3n:<\/strong><\/p>\n\n\n\n<p>A la brevedad posible<\/p>\n\n\n\n<p><strong>Objetivo del Subsidio o Beneficio:<\/strong><\/p>\n\n\n\n<p>Se entender\u00e1 como \u201cAyuda Social\u201d aquella que consiste en la asistencia directa y espec\u00edfica dirigida a personas y\/o grupos familiares que presenten problemas o carencias puntuales, cuya finalidad es asegurarle los medios indispensables para la sobrevivencia.<\/p>\n\n\n\n<p><strong>Tipo:<\/strong>&nbsp;Decreto<\/p>\n\n\n\n<p><strong>Denominaci\u00f3n:<\/strong>&nbsp;Reglamento de entrega de ayuda social ultima modificaci\u00f3n<\/p>\n\n\n\n<p><strong>Numero:<\/strong>&nbsp;463<\/p>\n\n\n\n<p><strong>Fecha<\/strong> 27\/07\/2019<\/p>\n\n\n\n<p><strong>N\u00famero de Beneficiarios:&nbsp;<\/strong>43<\/p>\n\n\n\n<p><strong>Razones de la exclusi\u00f3n de datos:<\/strong>&nbsp;No cumple con los requisitos<\/p>\n\n\n\n<p><strong>Subsidios y beneficios:<\/strong><\/p>\n","protected":false},"excerpt":{"rendered":"<p>Tipo Subsidio o Beneficio: Departamento Social Unidad, \u00f3rgano interno o dependencia que lo gestiona: Requisitos y antecedentes para postular: Vivir en la comuna y contar Registro Social de Hogares. En caso de ocurrir un siniestro, cat\u00e1strofe o enfermedad. En caso de hacinamiento. Deterioro visible de la vivienda. El estado de salud de los miembros, en especial si son ni\u00f1os o ancianos, modif\u00edquese por El estado de salud de alg\u00fan miembro del grupo familiar, en especial si son ni\u00f1os o ancianos Monto global asignado:&nbsp;15.000.000 Inicio per\u00edodo o plazo de postulaci\u00f3n: 02\/02\/2019&hellip;<\/p>\n","protected":false},"author":1,"featured_media":0,"parent":0,"menu_order":0,"comment_status":"closed","ping_status":"closed","template":"","meta":{"footnotes":""},"class_list":["post-11476","page","type-page","status-publish","hentry"],"_links":{"self":[{"href":"https:\/\/municipalidadalhue.cl\/portal\/wp-json\/wp\/v2\/pages\/11476","targetHints":{"allow":["GET"]}}],"collection":[{"href":"https:\/\/municipalidadalhue.cl\/portal\/wp-json\/wp\/v2\/pages"}],"about":[{"href":"https:\/\/municipalidadalhue.cl\/portal\/wp-json\/wp\/v2\/types\/page"}],"author":[{"embeddable":true,"href":"https:\/\/municipalidadalhue.cl\/portal\/wp-json\/wp\/v2\/users\/1"}],"replies":[{"embeddable":true,"href":"https:\/\/municipalidadalhue.cl\/portal\/wp-json\/wp\/v2\/comments?post=11476"}],"version-history":[{"count":0,"href":"https:\/\/municipalidadalhue.cl\/portal\/wp-json\/wp\/v2\/pages\/11476\/revisions"}],"wp:attachment":[{"href":"https:\/\/municipalidadalhue.cl\/portal\/wp-json\/wp\/v2\/media?parent=11476"}],"curies":[{"name":"wp","href":"https:\/\/api.w.org\/{rel}","templated":true}]}}