{"id":11686,"date":"2019-03-13T14:26:29","date_gmt":"2019-03-13T14:26:29","guid":{"rendered":"https:\/\/municipalidadalhue.cl\/portal\/?page_id=11686"},"modified":"2020-06-17T03:43:00","modified_gmt":"2020-06-17T03:43:00","slug":"certificado-de-copropiedad-inmobiliaria","status":"publish","type":"page","link":"https:\/\/municipalidadalhue.cl\/portal\/certificado-de-copropiedad-inmobiliaria\/","title":{"rendered":"Certificado de Copropiedad Inmobiliaria"},"content":{"rendered":"\n<p><strong>Requisitos\ny antecedentes:<\/strong><\/p>\n\n\n\n<p>\u2022 Solicitud de certificado<\/p>\n\n\n\n<p>&nbsp;\u2022 Documentos de\nidentificaci\u00f3n del propietario (cedula de identidad o RUT) <\/p>\n\n\n\n<p>\u2022 T\u00edtulo de Dominio vigente<\/p>\n\n\n\n<p><strong>Tr\u00e1mites\nen l\u00ednea<\/strong><\/p>\n\n\n\n<p>No tiene<\/p>\n\n\n\n<p><strong>Tr\u00e1mites a realizar o etapas<\/strong><\/p>\n\n\n\n<p>Paso 1 : Llenar formulario de solicitud.<\/p>\n\n\n\n<p>Paso 2 : Departamento verifica permiso de construcci\u00f3n de copropiedad inmobiliaria seg\u00fan Ley 19.537. <\/p>\n\n\n\n<p>Paso 3 : Se otorga certificado correspondiente con N\u00ba y timbre, dentro de un plazo de 7 d\u00edas h\u00e1biles.<\/p>\n\n\n\n<p><strong>Valor<\/strong><\/p>\n\n\n\n<p>0,05UTM, (seg\u00fan Ordenanza Municipal)<\/p>\n\n\n\n<p><strong>Lugar\ndonde se realiza:<\/strong><\/p>\n\n\n\n<p>Direcci\u00f3n de Obras Municipales, Pintor Onofre Jarpa #55, I.\nMunicipalidad de Alhu\u00e9, e-mail: obras@comunaalhue.cl, cel: +56977646518<\/p>\n","protected":false},"excerpt":{"rendered":"<p>Requisitos y antecedentes: \u2022 Solicitud de certificado &nbsp;\u2022 Documentos de identificaci\u00f3n del propietario (cedula de identidad o RUT) \u2022 T\u00edtulo de Dominio vigente Tr\u00e1mites en l\u00ednea No tiene Tr\u00e1mites a realizar o etapas Paso 1 : Llenar formulario de solicitud. Paso 2 : Departamento verifica permiso de construcci\u00f3n de copropiedad inmobiliaria seg\u00fan Ley 19.537. Paso 3 : Se otorga certificado correspondiente con N\u00ba y timbre, dentro de un plazo de 7 d\u00edas h\u00e1biles. Valor 0,05UTM, (seg\u00fan Ordenanza Municipal) Lugar donde se realiza: Direcci\u00f3n de Obras Municipales, Pintor Onofre Jarpa #55,&hellip;<\/p>\n","protected":false},"author":1,"featured_media":0,"parent":0,"menu_order":0,"comment_status":"closed","ping_status":"closed","template":"","meta":{"footnotes":""},"class_list":["post-11686","page","type-page","status-publish","hentry"],"_links":{"self":[{"href":"https:\/\/municipalidadalhue.cl\/portal\/wp-json\/wp\/v2\/pages\/11686","targetHints":{"allow":["GET"]}}],"collection":[{"href":"https:\/\/municipalidadalhue.cl\/portal\/wp-json\/wp\/v2\/pages"}],"about":[{"href":"https:\/\/municipalidadalhue.cl\/portal\/wp-json\/wp\/v2\/types\/page"}],"author":[{"embeddable":true,"href":"https:\/\/municipalidadalhue.cl\/portal\/wp-json\/wp\/v2\/users\/1"}],"replies":[{"embeddable":true,"href":"https:\/\/municipalidadalhue.cl\/portal\/wp-json\/wp\/v2\/comments?post=11686"}],"version-history":[{"count":0,"href":"https:\/\/municipalidadalhue.cl\/portal\/wp-json\/wp\/v2\/pages\/11686\/revisions"}],"wp:attachment":[{"href":"https:\/\/municipalidadalhue.cl\/portal\/wp-json\/wp\/v2\/media?parent=11686"}],"curies":[{"name":"wp","href":"https:\/\/api.w.org\/{rel}","templated":true}]}}