{"id":11741,"date":"2019-03-13T15:55:39","date_gmt":"2019-03-13T15:55:39","guid":{"rendered":"https:\/\/municipalidadalhue.cl\/portal\/?page_id=11741"},"modified":"2019-03-13T15:56:23","modified_gmt":"2019-03-13T15:56:23","slug":"patentes-profesional","status":"publish","type":"page","link":"https:\/\/municipalidadalhue.cl\/portal\/patentes-profesional\/","title":{"rendered":"Patentes Profesional"},"content":{"rendered":"\n<p><strong>Requisitos\ny antecedentes:<\/strong><\/p>\n\n\n\n<p>Que el local cumpla con el emplazamiento establecido en el Plan Regulador de la comuna. MUNICIPALIDAD DE ALHU\u00c9 DIRECCI\u00d3N DE ADMINISTRACI\u00d3N Y FINANZAS RENTAS Y PATENTES <\/p>\n\n\n\n<p>Que cumpla con la autorizaci\u00f3n de la Secretar\u00eda Regional\nMinisterial de Salud, si el giro considera alimentos. <\/p>\n\n\n\n<p>Que cumpla con los requisitos espec\u00edficos se\u00f1alados en\nleyes especiales, si corresponde. DOCUMENTOS SOLICITADOS PATENTE COMERCIAL <\/p>\n\n\n\n<p>&nbsp;Solicitud de\nPatente.<\/p>\n\n\n\n<p>Certificado de edificaci\u00f3n otorgada por la Direcci\u00f3n de\nObras Municipales<\/p>\n\n\n\n<p>. Certificado de Recepci\u00f3n de Obras por el local. <\/p>\n\n\n\n<p>&nbsp;Resoluci\u00f3n de la\nSeremi de Salud. <\/p>\n\n\n\n<p>&nbsp;Certificado de\nIniciaci\u00f3n de Actividades ante S.I.I. <\/p>\n\n\n\n<p>&nbsp;Declaraci\u00f3n simple\nde Capital avalado por Contador.<\/p>\n\n\n\n<p>&nbsp;Contrato de Arriendo\nante Notario o fotocopia de Escritura de la Propiedad.<\/p>\n\n\n\n<p>&nbsp;Fotocopia de C\u00e9dula\nde Identidad por ambos lados. SI ES SOCIEDAD: Rut de la sociedad &#8211; Escritura de\nla constituci\u00f3n de la sociedad, original y fotocopia simple (el original ser\u00e1\ndevuelto).<\/p>\n\n\n\n<p><strong>Tr\u00e1mites\nen l\u00ednea<\/strong><\/p>\n\n\n\n<p>No tiene<\/p>\n\n\n\n<p><strong>Tr\u00e1mites\na realizar o etapas<\/strong><\/p>\n\n\n\n<ul class=\"wp-block-list\"><li>Primera etapa: Presentar Solicitud de obtenci\u00f3n\nde patente en oficina de partes Segunda etapa: Presentar documentos para\ntramitar la obtenci\u00f3n de patente.<\/li><\/ul>\n\n\n\n<p><strong>Valor<\/strong><\/p>\n\n\n\n<p>A determinar<\/p>\n\n\n\n<p><strong>Lugar\ndonde se realiza:<\/strong><\/p>\n\n\n\n<p>Oficina de partes, Departamento Finanzas, Unidad de\nTesoreria <\/p>\n\n\n\n<p><strong>Requisitos\ny antecedentes Para la Renovacion:<\/strong><\/p>\n\n\n\n<p>REQUISITOS &#8211; Que el local cumpla con el emplazamiento\nestablecido en el Plan Regulador de la comuna. MUNICIPALIDAD DE ALHU\u00c9 DIRECCI\u00d3N\nDE ADMINISTRACI\u00d3N Y FINANZAS RENTAS Y PATENTES <\/p>\n\n\n\n<p>&nbsp;Que cumpla con la\nautorizaci\u00f3n de la Secretar\u00eda Regional Ministerial de Salud, si el giro\nconsidera alimentos. <\/p>\n\n\n\n<p>Que cumpla con los requisitos espec\u00edficos se\u00f1alados en\nleyes especiales, si corresponde. <\/p>\n\n\n\n<p>DOCUMENTOS SOLICITADOS PATENTE COMERCIAL <\/p>\n\n\n\n<p>Solicitud de Patente. <\/p>\n\n\n\n<p>Certificado de edificaci\u00f3n otorgada por la Direcci\u00f3n de\nObras Municipales.<\/p>\n\n\n\n<p>&nbsp;Certificado de\nRecepci\u00f3n de Obras por el local.<\/p>\n\n\n\n<p>&nbsp;Resoluci\u00f3n de la\nSeremi de Salud. <\/p>\n\n\n\n<p>Certificado de Iniciaci\u00f3n de Actividades ante S.I.I. <\/p>\n\n\n\n<p>&nbsp;Declaraci\u00f3n simple\nde Capital avalado por Contador. <\/p>\n\n\n\n<p>&nbsp;Contrato de Arriendo\nante Notario o fotocopia de Escritura de la Propiedad. <\/p>\n\n\n\n<p>Fotocopia de C\u00e9dula de Identidad por ambos lados. SI ES\nSOCIEDAD: &#8211; Rut de la sociedad &#8211; Escritura de la constituci\u00f3n de la sociedad,\noriginal y fotocopia simple (el original ser\u00e1 devuelto).<\/p>\n\n\n\n<p><strong>Tr\u00e1mites\nen l\u00ednea<\/strong><\/p>\n\n\n\n<p>No tiene<\/p>\n\n\n\n<p><strong>Tr\u00e1mites\na realizar o etapas<\/strong><\/p>\n\n\n\n<p>primera etapa: renovar patente en dpto Finanzas Segunda\netapa: Ejecutar pago en Unidad de Finanzas <\/p>\n\n\n\n<p><strong>Lugar\ndonde se realiza:<\/strong><\/p>\n\n\n\n<p>Departamento de finanzas, Unidad de Tesorer\u00eda<\/p>\n\n\n\n<p><strong>Correo\nElectr\u00f3nico.<\/strong><\/p>\n\n\n\n<p><a href=\"mailto:Apoyo.finanzas@comunaalhue.cl\">Apoyo.finanzas@comunaalhue.cl<\/a><\/p>\n\n\n\n<p>Mar\u00eda N\u00fa\u00f1ez Serrano<\/p>\n","protected":false},"excerpt":{"rendered":"<p>Requisitos y antecedentes: Que el local cumpla con el emplazamiento establecido en el Plan Regulador de la comuna. MUNICIPALIDAD DE ALHU\u00c9 DIRECCI\u00d3N DE ADMINISTRACI\u00d3N Y FINANZAS RENTAS Y PATENTES Que cumpla con la autorizaci\u00f3n de la Secretar\u00eda Regional Ministerial de Salud, si el giro considera alimentos. Que cumpla con los requisitos espec\u00edficos se\u00f1alados en leyes especiales, si corresponde. DOCUMENTOS SOLICITADOS PATENTE COMERCIAL &nbsp;Solicitud de Patente. Certificado de edificaci\u00f3n otorgada por la Direcci\u00f3n de Obras Municipales . Certificado de Recepci\u00f3n de Obras por el local. &nbsp;Resoluci\u00f3n de la Seremi de Salud.&hellip;<\/p>\n","protected":false},"author":1,"featured_media":0,"parent":0,"menu_order":0,"comment_status":"closed","ping_status":"closed","template":"","meta":{"footnotes":""},"class_list":["post-11741","page","type-page","status-publish","hentry"],"_links":{"self":[{"href":"https:\/\/municipalidadalhue.cl\/portal\/wp-json\/wp\/v2\/pages\/11741","targetHints":{"allow":["GET"]}}],"collection":[{"href":"https:\/\/municipalidadalhue.cl\/portal\/wp-json\/wp\/v2\/pages"}],"about":[{"href":"https:\/\/municipalidadalhue.cl\/portal\/wp-json\/wp\/v2\/types\/page"}],"author":[{"embeddable":true,"href":"https:\/\/municipalidadalhue.cl\/portal\/wp-json\/wp\/v2\/users\/1"}],"replies":[{"embeddable":true,"href":"https:\/\/municipalidadalhue.cl\/portal\/wp-json\/wp\/v2\/comments?post=11741"}],"version-history":[{"count":0,"href":"https:\/\/municipalidadalhue.cl\/portal\/wp-json\/wp\/v2\/pages\/11741\/revisions"}],"wp:attachment":[{"href":"https:\/\/municipalidadalhue.cl\/portal\/wp-json\/wp\/v2\/media?parent=11741"}],"curies":[{"name":"wp","href":"https:\/\/api.w.org\/{rel}","templated":true}]}}