{"id":11750,"date":"2019-03-13T18:09:42","date_gmt":"2019-03-13T18:09:42","guid":{"rendered":"https:\/\/municipalidadalhue.cl\/portal\/?page_id=11750"},"modified":"2020-06-17T04:33:32","modified_gmt":"2020-06-17T04:33:32","slug":"aporte-previsional-solidaria-de-invalidez","status":"publish","type":"page","link":"https:\/\/municipalidadalhue.cl\/portal\/aporte-previsional-solidaria-de-invalidez\/","title":{"rendered":"Aporte Previsional Solidaria de Invalidez"},"content":{"rendered":"\n<p><strong>Requisitos y antecedentes:<\/strong><\/p>\n\n\n\n<p>Tener entre 18 y 65 a\u00f1os.<\/p>\n\n\n\n<p>&nbsp;Integren un grupo familiar perteneciente al\n60% m\u00e1s pobre de la poblaci\u00f3n.<\/p>\n\n\n\n<p><strong>Tr\u00e1mites en l\u00ednea<\/strong><\/p>\n\n\n\n<p>No tiene<\/p>\n\n\n\n<p><strong>Tr\u00e1mites a realizar o etapas:<\/strong><\/p>\n\n\n\n<p>Contar con poder notarial si\nel tr\u00e1mite lo realiza el apoderado del titular. Dirijirse al Depto Social de la\nmunicipalidad para realizar el tr\u00e1mite.<\/p>\n\n\n\n<p><strong>Valor<\/strong><\/p>\n\n\n\n<p>Gratuito<\/p>\n\n\n\n<p><strong>Lugar donde se realiza:<\/strong><\/p>\n\n\n\n<p>Departamento Social<\/p>\n\n\n\n<p><strong>Informaci\u00f3n complementaria<\/strong><\/p>\n\n\n\n<p>correo electronico<\/p>\n\n\n\n<p>secretariasocial@comunaalhue.cl<\/p>\n\n\n\n<p>social@comunaalhue.cl<\/p>\n\n\n\n<p>HORARIO Lunes a y Viernes 8:30 a 13:00 \u2013 14: 00 a 17:30.&nbsp;<\/p>\n\n\n\n<p>FONO 977646534<\/p>\n","protected":false},"excerpt":{"rendered":"<p>Requisitos y antecedentes: Tener entre 18 y 65 a\u00f1os. &nbsp;Integren un grupo familiar perteneciente al 60% m\u00e1s pobre de la poblaci\u00f3n. Tr\u00e1mites en l\u00ednea No tiene Tr\u00e1mites a realizar o etapas: Contar con poder notarial si el tr\u00e1mite lo realiza el apoderado del titular. Dirijirse al Depto Social de la municipalidad para realizar el tr\u00e1mite. Valor Gratuito Lugar donde se realiza: Departamento Social Informaci\u00f3n complementaria correo electronico secretariasocial@comunaalhue.cl social@comunaalhue.cl HORARIO Lunes a y Viernes 8:30 a 13:00 \u2013 14: 00 a 17:30.&nbsp; FONO 977646534<\/p>\n","protected":false},"author":1,"featured_media":0,"parent":0,"menu_order":0,"comment_status":"closed","ping_status":"closed","template":"","meta":{"footnotes":""},"class_list":["post-11750","page","type-page","status-publish","hentry"],"_links":{"self":[{"href":"https:\/\/municipalidadalhue.cl\/portal\/wp-json\/wp\/v2\/pages\/11750","targetHints":{"allow":["GET"]}}],"collection":[{"href":"https:\/\/municipalidadalhue.cl\/portal\/wp-json\/wp\/v2\/pages"}],"about":[{"href":"https:\/\/municipalidadalhue.cl\/portal\/wp-json\/wp\/v2\/types\/page"}],"author":[{"embeddable":true,"href":"https:\/\/municipalidadalhue.cl\/portal\/wp-json\/wp\/v2\/users\/1"}],"replies":[{"embeddable":true,"href":"https:\/\/municipalidadalhue.cl\/portal\/wp-json\/wp\/v2\/comments?post=11750"}],"version-history":[{"count":0,"href":"https:\/\/municipalidadalhue.cl\/portal\/wp-json\/wp\/v2\/pages\/11750\/revisions"}],"wp:attachment":[{"href":"https:\/\/municipalidadalhue.cl\/portal\/wp-json\/wp\/v2\/media?parent=11750"}],"curies":[{"name":"wp","href":"https:\/\/api.w.org\/{rel}","templated":true}]}}