{"id":11759,"date":"2019-03-13T18:17:28","date_gmt":"2019-03-13T18:17:28","guid":{"rendered":"https:\/\/municipalidadalhue.cl\/portal\/?page_id=11759"},"modified":"2020-06-17T04:44:48","modified_gmt":"2020-06-17T04:44:48","slug":"bono-por-hijo","status":"publish","type":"page","link":"https:\/\/municipalidadalhue.cl\/portal\/bono-por-hijo\/","title":{"rendered":"Bono por Hijo"},"content":{"rendered":"\n<p><strong>Requisitos y antecedentes:<\/strong><\/p>\n\n\n\n<ul class=\"wp-block-list\"><li>C\u00e9dula de identidad\nvigente.<\/li><li>Poder notarial, si el\ntr\u00e1mite es realizado por un apoderado.<\/li><\/ul>\n\n\n\n<p>&nbsp;\u00ab<strong>Tr\u00e1mites\nen l\u00ednea<\/strong><\/p>\n\n\n\n<p>No tiene<\/p>\n\n\n\n<p><strong>Tr\u00e1mites a realizar o etapas:<\/strong><\/p>\n\n\n\n<p>Obtener los rut de cada hijo.\nDirigirse a la Ilustre Municipalidad de Alhu\u00e9, Depto Social.<\/p>\n\n\n\n<p><strong>Valor<\/strong><\/p>\n\n\n\n<p>Gratuito<\/p>\n\n\n\n<p><strong>Lugar donde se realiza:<\/strong><\/p>\n\n\n\n<p>Departamento Social<\/p>\n\n\n\n<p><strong>Informaci\u00f3n complementaria<\/strong><\/p>\n\n\n\n<p>correo electronico<\/p>\n\n\n\n<p>secretariasocial@comunaalhue.cl<\/p>\n\n\n\n<p>social@comunaalhue.cl<\/p>\n\n\n\n<p>HORARIO Lunes a y Viernes 8:30 a 13:00 \u2013 14: 00 a 17:30.&nbsp;<\/p>\n\n\n\n<p>FONO 977646534<\/p>\n","protected":false},"excerpt":{"rendered":"<p>Requisitos y antecedentes: C\u00e9dula de identidad vigente. Poder notarial, si el tr\u00e1mite es realizado por un apoderado. &nbsp;\u00abTr\u00e1mites en l\u00ednea No tiene Tr\u00e1mites a realizar o etapas: Obtener los rut de cada hijo. Dirigirse a la Ilustre Municipalidad de Alhu\u00e9, Depto Social. Valor Gratuito Lugar donde se realiza: Departamento Social Informaci\u00f3n complementaria correo electronico secretariasocial@comunaalhue.cl social@comunaalhue.cl HORARIO Lunes a y Viernes 8:30 a 13:00 \u2013 14: 00 a 17:30.&nbsp; FONO 977646534<\/p>\n","protected":false},"author":1,"featured_media":0,"parent":0,"menu_order":0,"comment_status":"closed","ping_status":"closed","template":"","meta":{"footnotes":""},"class_list":["post-11759","page","type-page","status-publish","hentry"],"_links":{"self":[{"href":"https:\/\/municipalidadalhue.cl\/portal\/wp-json\/wp\/v2\/pages\/11759","targetHints":{"allow":["GET"]}}],"collection":[{"href":"https:\/\/municipalidadalhue.cl\/portal\/wp-json\/wp\/v2\/pages"}],"about":[{"href":"https:\/\/municipalidadalhue.cl\/portal\/wp-json\/wp\/v2\/types\/page"}],"author":[{"embeddable":true,"href":"https:\/\/municipalidadalhue.cl\/portal\/wp-json\/wp\/v2\/users\/1"}],"replies":[{"embeddable":true,"href":"https:\/\/municipalidadalhue.cl\/portal\/wp-json\/wp\/v2\/comments?post=11759"}],"version-history":[{"count":0,"href":"https:\/\/municipalidadalhue.cl\/portal\/wp-json\/wp\/v2\/pages\/11759\/revisions"}],"wp:attachment":[{"href":"https:\/\/municipalidadalhue.cl\/portal\/wp-json\/wp\/v2\/media?parent=11759"}],"curies":[{"name":"wp","href":"https:\/\/api.w.org\/{rel}","templated":true}]}}