{"id":11764,"date":"2019-03-13T18:28:50","date_gmt":"2019-03-13T18:28:50","guid":{"rendered":"https:\/\/municipalidadalhue.cl\/portal\/?page_id=11764"},"modified":"2019-03-13T18:28:55","modified_gmt":"2019-03-13T18:28:55","slug":"mediaguas-de-hogar-de-cristo","status":"publish","type":"page","link":"https:\/\/municipalidadalhue.cl\/portal\/mediaguas-de-hogar-de-cristo\/","title":{"rendered":"Mediaguas de Hogar de Cristo"},"content":{"rendered":"\n<p><strong>Requisitos y antecedentes:<\/strong><\/p>\n\n\n\n<ul class=\"wp-block-list\"><li>Estado de necesidad\nmanifiesta.<\/li><li>Situaci\u00f3n de salud que\nafecte su presupuesto familiar. <\/li><li>Escasos recursos.\n*TENER RSH EN LA COMUNA \u00ab<\/li><\/ul>\n\n\n\n<p>&nbsp;\u00ab<strong>Tr\u00e1mites\nen l\u00ednea<\/strong><\/p>\n\n\n\n<p>No tiene<\/p>\n\n\n\n<p><strong>Tr\u00e1mites a realizar o etapas:<\/strong><\/p>\n\n\n\n<p>Entrevista con profesional\nAsistente Social del Departamento Social. Evaluaci\u00f3n Social. Dirigirse a la\nIlustre Municipalidad de Alhu\u00e9, Depto Social. Oficina de vivienda \u00ab<\/p>\n\n\n\n<p><strong>Valor<\/strong><\/p>\n\n\n\n<p>Gratuito<\/p>\n\n\n\n<p><strong>Lugar donde se realiza:<\/strong><\/p>\n\n\n\n<p>Departamento Social<\/p>\n","protected":false},"excerpt":{"rendered":"<p>Requisitos y antecedentes: Estado de necesidad manifiesta. Situaci\u00f3n de salud que afecte su presupuesto familiar. Escasos recursos. *TENER RSH EN LA COMUNA \u00ab &nbsp;\u00abTr\u00e1mites en l\u00ednea No tiene Tr\u00e1mites a realizar o etapas: Entrevista con profesional Asistente Social del Departamento Social. Evaluaci\u00f3n Social. Dirigirse a la Ilustre Municipalidad de Alhu\u00e9, Depto Social. Oficina de vivienda \u00ab Valor Gratuito Lugar donde se realiza: Departamento Social<\/p>\n","protected":false},"author":1,"featured_media":0,"parent":0,"menu_order":0,"comment_status":"closed","ping_status":"closed","template":"","meta":{"footnotes":""},"class_list":["post-11764","page","type-page","status-publish","hentry"],"_links":{"self":[{"href":"https:\/\/municipalidadalhue.cl\/portal\/wp-json\/wp\/v2\/pages\/11764","targetHints":{"allow":["GET"]}}],"collection":[{"href":"https:\/\/municipalidadalhue.cl\/portal\/wp-json\/wp\/v2\/pages"}],"about":[{"href":"https:\/\/municipalidadalhue.cl\/portal\/wp-json\/wp\/v2\/types\/page"}],"author":[{"embeddable":true,"href":"https:\/\/municipalidadalhue.cl\/portal\/wp-json\/wp\/v2\/users\/1"}],"replies":[{"embeddable":true,"href":"https:\/\/municipalidadalhue.cl\/portal\/wp-json\/wp\/v2\/comments?post=11764"}],"version-history":[{"count":0,"href":"https:\/\/municipalidadalhue.cl\/portal\/wp-json\/wp\/v2\/pages\/11764\/revisions"}],"wp:attachment":[{"href":"https:\/\/municipalidadalhue.cl\/portal\/wp-json\/wp\/v2\/media?parent=11764"}],"curies":[{"name":"wp","href":"https:\/\/api.w.org\/{rel}","templated":true}]}}