{"id":11798,"date":"2019-03-14T15:01:03","date_gmt":"2019-03-14T15:01:03","guid":{"rendered":"https:\/\/municipalidadalhue.cl\/portal\/?page_id=11798"},"modified":"2020-06-17T04:14:37","modified_gmt":"2020-06-17T04:14:37","slug":"registro-social-de-hogares","status":"publish","type":"page","link":"https:\/\/municipalidadalhue.cl\/portal\/registro-social-de-hogares\/","title":{"rendered":"Registro Social de Hogares"},"content":{"rendered":"\n<p><strong>Requisitos y antecedentes:<\/strong><\/p>\n\n\n\n<p>Entrevista con Asistente\nSocial, los d\u00edas lunes a viernes. (Para realizar las distintas actualizaciones\nde su Registro Social de Hogares)<\/p>\n\n\n\n<p><strong>Tr\u00e1mites en l\u00ednea<\/strong><\/p>\n\n\n\n<p>www.registrosocial.cl<\/p>\n\n\n\n<p><strong>Tr\u00e1mites a realizar o etapas:<\/strong><\/p>\n\n\n\n<p>Ilustre Municipalidad de\nAlhu\u00e9, Departamento Social Entrevista con asistente social<\/p>\n\n\n\n<p><strong>Valor<\/strong><\/p>\n\n\n\n<p>Gratuito<\/p>\n\n\n\n<p><strong>Lugar donde se realiza:<\/strong><\/p>\n\n\n\n<p>Departamento Social.<\/p>\n\n\n\n<p><strong>Informaci\u00f3n complementaria<\/strong><\/p>\n\n\n\n<p> correo electronico <\/p>\n\n\n\n<p>rsh@comunaalhue.cl<\/p>\n\n\n\n<p> social@comunaalhue.cl <\/p>\n\n\n\n<p>HORARIO Lunes a y Viernes 8:30 a 13:00 &#8211; 14: 00 a 17:30.\u00a0 <\/p>\n\n\n\n<p>FONO 977646534<\/p>\n","protected":false},"excerpt":{"rendered":"<p>Requisitos y antecedentes: Entrevista con Asistente Social, los d\u00edas lunes a viernes. (Para realizar las distintas actualizaciones de su Registro Social de Hogares) Tr\u00e1mites en l\u00ednea www.registrosocial.cl Tr\u00e1mites a realizar o etapas: Ilustre Municipalidad de Alhu\u00e9, Departamento Social Entrevista con asistente social Valor Gratuito Lugar donde se realiza: Departamento Social. Informaci\u00f3n complementaria correo electronico rsh@comunaalhue.cl social@comunaalhue.cl HORARIO Lunes a y Viernes 8:30 a 13:00 &#8211; 14: 00 a 17:30.\u00a0 FONO 977646534<\/p>\n","protected":false},"author":1,"featured_media":0,"parent":0,"menu_order":0,"comment_status":"closed","ping_status":"closed","template":"","meta":{"footnotes":""},"class_list":["post-11798","page","type-page","status-publish","hentry"],"_links":{"self":[{"href":"https:\/\/municipalidadalhue.cl\/portal\/wp-json\/wp\/v2\/pages\/11798","targetHints":{"allow":["GET"]}}],"collection":[{"href":"https:\/\/municipalidadalhue.cl\/portal\/wp-json\/wp\/v2\/pages"}],"about":[{"href":"https:\/\/municipalidadalhue.cl\/portal\/wp-json\/wp\/v2\/types\/page"}],"author":[{"embeddable":true,"href":"https:\/\/municipalidadalhue.cl\/portal\/wp-json\/wp\/v2\/users\/1"}],"replies":[{"embeddable":true,"href":"https:\/\/municipalidadalhue.cl\/portal\/wp-json\/wp\/v2\/comments?post=11798"}],"version-history":[{"count":0,"href":"https:\/\/municipalidadalhue.cl\/portal\/wp-json\/wp\/v2\/pages\/11798\/revisions"}],"wp:attachment":[{"href":"https:\/\/municipalidadalhue.cl\/portal\/wp-json\/wp\/v2\/media?parent=11798"}],"curies":[{"name":"wp","href":"https:\/\/api.w.org\/{rel}","templated":true}]}}