{"id":11814,"date":"2019-03-14T15:16:10","date_gmt":"2019-03-14T15:16:10","guid":{"rendered":"https:\/\/municipalidadalhue.cl\/portal\/?page_id=11814"},"modified":"2019-03-14T15:16:12","modified_gmt":"2019-03-14T15:16:12","slug":"yo-emprendo-semilla","status":"publish","type":"page","link":"https:\/\/municipalidadalhue.cl\/portal\/yo-emprendo-semilla\/","title":{"rendered":"Yo Emprendo Semilla"},"content":{"rendered":"\n<p><strong>Requisitos y antecedentes:<\/strong><\/p>\n\n\n\n<p>Mayor antig\u00fcedad en el\nsubsistema Chile Seguridades y Oportunidades. Ser miembro de una familia que\nrequiera de inserci\u00f3n laboral para su mantenci\u00f3n.<\/p>\n\n\n\n<p><strong>Tr\u00e1mites en l\u00ednea<\/strong><\/p>\n\n\n\n<p>No tiene<\/p>\n\n\n\n<p><strong>Tr\u00e1mites a realizar o etapas:<\/strong><\/p>\n\n\n\n<p>Dirigirse a la Ilustre\nMunicipalidad de Alhu\u00e9, Depto Social.<\/p>\n\n\n\n<p><strong>Valor<\/strong><\/p>\n\n\n\n<p>Gratuito<\/p>\n\n\n\n<p><strong>Lugar donde se realiza:<\/strong><\/p>\n\n\n\n<p>Departamento Social<\/p>\n","protected":false},"excerpt":{"rendered":"<p>Requisitos y antecedentes: Mayor antig\u00fcedad en el subsistema Chile Seguridades y Oportunidades. Ser miembro de una familia que requiera de inserci\u00f3n laboral para su mantenci\u00f3n. Tr\u00e1mites en l\u00ednea No tiene Tr\u00e1mites a realizar o etapas: Dirigirse a la Ilustre Municipalidad de Alhu\u00e9, Depto Social. Valor Gratuito Lugar donde se realiza: Departamento Social<\/p>\n","protected":false},"author":1,"featured_media":0,"parent":0,"menu_order":0,"comment_status":"closed","ping_status":"closed","template":"","meta":{"footnotes":""},"class_list":["post-11814","page","type-page","status-publish","hentry"],"_links":{"self":[{"href":"https:\/\/municipalidadalhue.cl\/portal\/wp-json\/wp\/v2\/pages\/11814","targetHints":{"allow":["GET"]}}],"collection":[{"href":"https:\/\/municipalidadalhue.cl\/portal\/wp-json\/wp\/v2\/pages"}],"about":[{"href":"https:\/\/municipalidadalhue.cl\/portal\/wp-json\/wp\/v2\/types\/page"}],"author":[{"embeddable":true,"href":"https:\/\/municipalidadalhue.cl\/portal\/wp-json\/wp\/v2\/users\/1"}],"replies":[{"embeddable":true,"href":"https:\/\/municipalidadalhue.cl\/portal\/wp-json\/wp\/v2\/comments?post=11814"}],"version-history":[{"count":0,"href":"https:\/\/municipalidadalhue.cl\/portal\/wp-json\/wp\/v2\/pages\/11814\/revisions"}],"wp:attachment":[{"href":"https:\/\/municipalidadalhue.cl\/portal\/wp-json\/wp\/v2\/media?parent=11814"}],"curies":[{"name":"wp","href":"https:\/\/api.w.org\/{rel}","templated":true}]}}