{"id":11817,"date":"2019-03-14T15:23:51","date_gmt":"2019-03-14T15:23:51","guid":{"rendered":"https:\/\/municipalidadalhue.cl\/portal\/?page_id=11817"},"modified":"2019-03-14T15:33:33","modified_gmt":"2019-03-14T15:33:33","slug":"odel-2","status":"publish","type":"page","link":"https:\/\/municipalidadalhue.cl\/portal\/odel-2\/","title":{"rendered":"Odel"},"content":{"rendered":"\n<ul class=\"wp-block-list\"><li><a href=\"https:\/\/municipalidadalhue.cl\/portal\/atencion-a-la-mujer\/\">Atenci\u00f3n a la Mujer<\/a><\/li><li><a href=\"https:\/\/municipalidadalhue.cl\/portal\/capital-abeja\/\">Capital Abeja<\/a><\/li><li><a href=\"https:\/\/municipalidadalhue.cl\/portal\/capital-fondo-crece\/\">Capital Fondo Crece<\/a><\/li><li><a href=\"https:\/\/municipalidadalhue.cl\/portal\/capital-semilla\/\">Capital Semilla<\/a><\/li><li><a href=\"https:\/\/municipalidadalhue.cl\/portal\/postulacion-proyectos-fosis\/\">Postulaci\u00f3n proyectos Fosis<\/a><\/li><li><a href=\"https:\/\/municipalidadalhue.cl\/portal\/proyectos-fondos-concursables-sercotec-almacenes-de-chile-sistema\/\">Proyectos Fondos Concursables Sercotec, , Almacenes de Chile Sistema<\/a><\/li><li> <a href=\"https:\/\/municipalidadalhue.cl\/portal\/sistema-registro-nacional-de-artesania\/\">Registro Nacional de Artesan\u00eda <\/a><\/li><\/ul>\n","protected":false},"excerpt":{"rendered":"<p>Atenci\u00f3n a la Mujer Capital Abeja Capital Fondo Crece Capital Semilla Postulaci\u00f3n proyectos Fosis Proyectos Fondos Concursables Sercotec, , Almacenes de Chile Sistema Registro Nacional de Artesan\u00eda<\/p>\n","protected":false},"author":1,"featured_media":0,"parent":0,"menu_order":0,"comment_status":"closed","ping_status":"closed","template":"","meta":{"footnotes":""},"class_list":["post-11817","page","type-page","status-publish","hentry"],"_links":{"self":[{"href":"https:\/\/municipalidadalhue.cl\/portal\/wp-json\/wp\/v2\/pages\/11817","targetHints":{"allow":["GET"]}}],"collection":[{"href":"https:\/\/municipalidadalhue.cl\/portal\/wp-json\/wp\/v2\/pages"}],"about":[{"href":"https:\/\/municipalidadalhue.cl\/portal\/wp-json\/wp\/v2\/types\/page"}],"author":[{"embeddable":true,"href":"https:\/\/municipalidadalhue.cl\/portal\/wp-json\/wp\/v2\/users\/1"}],"replies":[{"embeddable":true,"href":"https:\/\/municipalidadalhue.cl\/portal\/wp-json\/wp\/v2\/comments?post=11817"}],"version-history":[{"count":0,"href":"https:\/\/municipalidadalhue.cl\/portal\/wp-json\/wp\/v2\/pages\/11817\/revisions"}],"wp:attachment":[{"href":"https:\/\/municipalidadalhue.cl\/portal\/wp-json\/wp\/v2\/media?parent=11817"}],"curies":[{"name":"wp","href":"https:\/\/api.w.org\/{rel}","templated":true}]}}