{"id":11828,"date":"2019-03-14T15:29:30","date_gmt":"2019-03-14T15:29:30","guid":{"rendered":"https:\/\/municipalidadalhue.cl\/portal\/?page_id=11828"},"modified":"2019-03-14T15:42:22","modified_gmt":"2019-03-14T15:42:22","slug":"capital-semilla","status":"publish","type":"page","link":"https:\/\/municipalidadalhue.cl\/portal\/capital-semilla\/","title":{"rendered":"Capital Semilla"},"content":{"rendered":"\n<p><strong>Requisitos y antecedentes:<\/strong><\/p>\n\n\n\n<p>Ser Varones con ideas de\nnegocio, sin iniciaci\u00f3n de actividades.<\/p>\n\n\n\n<p><strong>Tr\u00e1mites en l\u00ednea<\/strong><\/p>\n\n\n\n<p>No tiene<\/p>\n\n\n\n<p><strong>Tr\u00e1mites a realizar o etapas:<\/strong><\/p>\n\n\n\n<p>Traer Carn\u00e9 de Identidad y\nCartola de Registro Social de Hogares (aprox. hasta 40%)<\/p>\n\n\n\n<p><strong>Valor<\/strong><\/p>\n\n\n\n<p>Gratuito<\/p>\n\n\n\n<p><strong>Lugar donde se realiza:<\/strong><\/p>\n\n\n\n<p>Odel@comunaalhue.cl &nbsp;Oficina Odel de Ilustre\nMunicipalidad de Alhu\u00e9 Pintor Onofre Jarpa #55 Fono 562 28319296 Horarios de\natenci\u00f3n: Lunes a Jueves: 8:30 a 13:00 y 14:00 a 17:30 Viernes 8:30 a 16:30<\/p>\n","protected":false},"excerpt":{"rendered":"<p>Requisitos y antecedentes: Ser Varones con ideas de negocio, sin iniciaci\u00f3n de actividades. Tr\u00e1mites en l\u00ednea No tiene Tr\u00e1mites a realizar o etapas: Traer Carn\u00e9 de Identidad y Cartola de Registro Social de Hogares (aprox. hasta 40%) Valor Gratuito Lugar donde se realiza: Odel@comunaalhue.cl &nbsp;Oficina Odel de Ilustre Municipalidad de Alhu\u00e9 Pintor Onofre Jarpa #55 Fono 562 28319296 Horarios de atenci\u00f3n: Lunes a Jueves: 8:30 a 13:00 y 14:00 a 17:30 Viernes 8:30 a 16:30<\/p>\n","protected":false},"author":1,"featured_media":0,"parent":0,"menu_order":0,"comment_status":"closed","ping_status":"closed","template":"","meta":{"footnotes":""},"class_list":["post-11828","page","type-page","status-publish","hentry"],"_links":{"self":[{"href":"https:\/\/municipalidadalhue.cl\/portal\/wp-json\/wp\/v2\/pages\/11828","targetHints":{"allow":["GET"]}}],"collection":[{"href":"https:\/\/municipalidadalhue.cl\/portal\/wp-json\/wp\/v2\/pages"}],"about":[{"href":"https:\/\/municipalidadalhue.cl\/portal\/wp-json\/wp\/v2\/types\/page"}],"author":[{"embeddable":true,"href":"https:\/\/municipalidadalhue.cl\/portal\/wp-json\/wp\/v2\/users\/1"}],"replies":[{"embeddable":true,"href":"https:\/\/municipalidadalhue.cl\/portal\/wp-json\/wp\/v2\/comments?post=11828"}],"version-history":[{"count":0,"href":"https:\/\/municipalidadalhue.cl\/portal\/wp-json\/wp\/v2\/pages\/11828\/revisions"}],"wp:attachment":[{"href":"https:\/\/municipalidadalhue.cl\/portal\/wp-json\/wp\/v2\/media?parent=11828"}],"curies":[{"name":"wp","href":"https:\/\/api.w.org\/{rel}","templated":true}]}}