{"id":11832,"date":"2019-03-14T15:30:28","date_gmt":"2019-03-14T15:30:28","guid":{"rendered":"https:\/\/municipalidadalhue.cl\/portal\/?page_id=11832"},"modified":"2019-03-14T15:43:14","modified_gmt":"2019-03-14T15:43:14","slug":"postulacion-proyectos-fosis","status":"publish","type":"page","link":"https:\/\/municipalidadalhue.cl\/portal\/postulacion-proyectos-fosis\/","title":{"rendered":"Postulaci\u00f3n proyectos Fosis"},"content":{"rendered":"\n<p><strong>Requisitos y antecedentes:<\/strong><\/p>\n\n\n\n<p>Tener m\u00e1s de 18 a\u00f1os de edad.\nTener la Cartola de Registro Social de Hogares en la comuna de Alhu\u00e9. Tramo 40%\nde Vulnerabilidad. Debe contar con una idea de emprendimiento o emprendimiento\nfuncionando.<\/p>\n\n\n\n<p><strong>Tr\u00e1mites en l\u00ednea<\/strong><\/p>\n\n\n\n<p>No tiene<\/p>\n\n\n\n<p><strong>Tr\u00e1mites a realizar o etapas:<\/strong><\/p>\n\n\n\n<p>Traer Carn\u00e9 de Identidad y\nCartola de Registro Social de Hogares (aprox. hasta 40%)<\/p>\n\n\n\n<p><strong>Valor<\/strong><\/p>\n\n\n\n<p>Gratuito<\/p>\n\n\n\n<p><strong>Lugar donde se realiza:<\/strong><\/p>\n\n\n\n<p>Odel@comunaalhue.cl &nbsp;Oficina Odel de Ilustre\nMunicipalidad de Alhu\u00e9 Pintor Onofre Jarpa #55 Fono 562 28319296 Horarios de\natenci\u00f3n: Lunes a Jueves: 8:30 a 13:00 y 14:00 a 17:30 Viernes 8:30 a 16:30<\/p>\n","protected":false},"excerpt":{"rendered":"<p>Requisitos y antecedentes: Tener m\u00e1s de 18 a\u00f1os de edad. Tener la Cartola de Registro Social de Hogares en la comuna de Alhu\u00e9. Tramo 40% de Vulnerabilidad. Debe contar con una idea de emprendimiento o emprendimiento funcionando. Tr\u00e1mites en l\u00ednea No tiene Tr\u00e1mites a realizar o etapas: Traer Carn\u00e9 de Identidad y Cartola de Registro Social de Hogares (aprox. hasta 40%) Valor Gratuito Lugar donde se realiza: Odel@comunaalhue.cl &nbsp;Oficina Odel de Ilustre Municipalidad de Alhu\u00e9 Pintor Onofre Jarpa #55 Fono 562 28319296 Horarios de atenci\u00f3n: Lunes a Jueves: 8:30 a&hellip;<\/p>\n","protected":false},"author":1,"featured_media":0,"parent":0,"menu_order":0,"comment_status":"closed","ping_status":"closed","template":"","meta":{"footnotes":""},"class_list":["post-11832","page","type-page","status-publish","hentry"],"_links":{"self":[{"href":"https:\/\/municipalidadalhue.cl\/portal\/wp-json\/wp\/v2\/pages\/11832","targetHints":{"allow":["GET"]}}],"collection":[{"href":"https:\/\/municipalidadalhue.cl\/portal\/wp-json\/wp\/v2\/pages"}],"about":[{"href":"https:\/\/municipalidadalhue.cl\/portal\/wp-json\/wp\/v2\/types\/page"}],"author":[{"embeddable":true,"href":"https:\/\/municipalidadalhue.cl\/portal\/wp-json\/wp\/v2\/users\/1"}],"replies":[{"embeddable":true,"href":"https:\/\/municipalidadalhue.cl\/portal\/wp-json\/wp\/v2\/comments?post=11832"}],"version-history":[{"count":0,"href":"https:\/\/municipalidadalhue.cl\/portal\/wp-json\/wp\/v2\/pages\/11832\/revisions"}],"wp:attachment":[{"href":"https:\/\/municipalidadalhue.cl\/portal\/wp-json\/wp\/v2\/media?parent=11832"}],"curies":[{"name":"wp","href":"https:\/\/api.w.org\/{rel}","templated":true}]}}