{"id":11835,"date":"2019-03-14T15:31:40","date_gmt":"2019-03-14T15:31:40","guid":{"rendered":"https:\/\/municipalidadalhue.cl\/portal\/?page_id=11835"},"modified":"2019-03-14T15:44:12","modified_gmt":"2019-03-14T15:44:12","slug":"proyectos-fondos-concursables-sercotec-almacenes-de-chile-sistema","status":"publish","type":"page","link":"https:\/\/municipalidadalhue.cl\/portal\/proyectos-fondos-concursables-sercotec-almacenes-de-chile-sistema\/","title":{"rendered":"Proyectos Fondos Concursables Sercotec,  Almacenes de Chile Sistema"},"content":{"rendered":"\n<p><strong>Requisitos y antecedentes:<\/strong><\/p>\n\n\n\n<p>Es un subsidio no reembolsable\ndestinado al crecimiento de los almacenes de Chile y su acceso a nuevas\noportunidades de negocio y su requisito Tener un Negocio Formalizado (con\niniciaci\u00f3n de actividad en primera categor\u00eda ante el SII), con una antig\u00fcedad\nsuperior a 12 meses y que tengan giro o actividad de Almac\u00e9n. Deben ser\npropietarios de la infraestructura del almac\u00e9n.<\/p>\n\n\n\n<p><strong>Tr\u00e1mites en l\u00ednea<\/strong><\/p>\n\n\n\n<p>No tiene<\/p>\n\n\n\n<p><strong>Tr\u00e1mites a realizar o etapas:<\/strong><\/p>\n\n\n\n<p>Traer Carn\u00e9 de Identidad y\nCartola de Registro Social de Hogares (aprox. hasta 40%)<\/p>\n\n\n\n<p><strong>Valor<\/strong><\/p>\n\n\n\n<p>Gratuito<\/p>\n\n\n\n<p><strong>Lugar donde se realiza:<\/strong><\/p>\n\n\n\n<p>Odel@comunaalhue.cl &nbsp;Oficina Odel de Ilustre\nMunicipalidad de Alhu\u00e9 Pintor Onofre Jarpa #55 Fono 562 28319296 Horarios de\natenci\u00f3n: Lunes a Jueves: 8:30 a 13:00 y 14:00 a 17:30 Viernes 8:30 a 16:30<\/p>\n","protected":false},"excerpt":{"rendered":"<p>Requisitos y antecedentes: Es un subsidio no reembolsable destinado al crecimiento de los almacenes de Chile y su acceso a nuevas oportunidades de negocio y su requisito Tener un Negocio Formalizado (con iniciaci\u00f3n de actividad en primera categor\u00eda ante el SII), con una antig\u00fcedad superior a 12 meses y que tengan giro o actividad de Almac\u00e9n. Deben ser propietarios de la infraestructura del almac\u00e9n. Tr\u00e1mites en l\u00ednea No tiene Tr\u00e1mites a realizar o etapas: Traer Carn\u00e9 de Identidad y Cartola de Registro Social de Hogares (aprox. hasta 40%) Valor Gratuito&hellip;<\/p>\n","protected":false},"author":1,"featured_media":0,"parent":0,"menu_order":0,"comment_status":"closed","ping_status":"closed","template":"","meta":{"footnotes":""},"class_list":["post-11835","page","type-page","status-publish","hentry"],"_links":{"self":[{"href":"https:\/\/municipalidadalhue.cl\/portal\/wp-json\/wp\/v2\/pages\/11835","targetHints":{"allow":["GET"]}}],"collection":[{"href":"https:\/\/municipalidadalhue.cl\/portal\/wp-json\/wp\/v2\/pages"}],"about":[{"href":"https:\/\/municipalidadalhue.cl\/portal\/wp-json\/wp\/v2\/types\/page"}],"author":[{"embeddable":true,"href":"https:\/\/municipalidadalhue.cl\/portal\/wp-json\/wp\/v2\/users\/1"}],"replies":[{"embeddable":true,"href":"https:\/\/municipalidadalhue.cl\/portal\/wp-json\/wp\/v2\/comments?post=11835"}],"version-history":[{"count":0,"href":"https:\/\/municipalidadalhue.cl\/portal\/wp-json\/wp\/v2\/pages\/11835\/revisions"}],"wp:attachment":[{"href":"https:\/\/municipalidadalhue.cl\/portal\/wp-json\/wp\/v2\/media?parent=11835"}],"curies":[{"name":"wp","href":"https:\/\/api.w.org\/{rel}","templated":true}]}}