{"id":11837,"date":"2019-03-14T15:32:21","date_gmt":"2019-03-14T15:32:21","guid":{"rendered":"https:\/\/municipalidadalhue.cl\/portal\/?page_id=11837"},"modified":"2019-03-14T15:45:37","modified_gmt":"2019-03-14T15:45:37","slug":"sistema-registro-nacional-de-artesania","status":"publish","type":"page","link":"https:\/\/municipalidadalhue.cl\/portal\/sistema-registro-nacional-de-artesania\/","title":{"rendered":"Sistema Registro Nacional de Artesan\u00eda"},"content":{"rendered":"\n<p><strong>Requisitos y antecedentes:<\/strong><\/p>\n\n\n\n<p>Es un sistema que busca\nreconocer y valorar la artesan\u00eda nacional a quienes la desarrollan,\ngarantizando su autenticidad, caracter\u00edsticas de su identidad, atributos de la\ncreaci\u00f3n y promoci\u00f3n de calidad de su arte<\/p>\n\n\n\n<p><strong>Tr\u00e1mites en l\u00ednea<\/strong><\/p>\n\n\n\n<p>No tiene<\/p>\n\n\n\n<p><strong>Tr\u00e1mites a realizar o etapas:<\/strong><\/p>\n\n\n\n<p>Traer Carn\u00e9 de Identidad y\nCartola de Registro Social de Hogares (aprox. hasta 40%)<\/p>\n\n\n\n<p><strong>Valor<\/strong><\/p>\n\n\n\n<p>Gratuito<\/p>\n\n\n\n<p><strong>Lugar donde se realiza:<\/strong><\/p>\n\n\n\n<p>Odel@comunaalhue.cl &nbsp;Oficina Odel de Ilustre\nMunicipalidad de Alhu\u00e9 Pintor Onofre Jarpa #55 Fono 562 28319296 Horarios de\natenci\u00f3n: Lunes a Jueves: 8:30 a 13:00 y 14:00 a 17:30 Viernes 8:30 a 16:30<\/p>\n","protected":false},"excerpt":{"rendered":"<p>Requisitos y antecedentes: Es un sistema que busca reconocer y valorar la artesan\u00eda nacional a quienes la desarrollan, garantizando su autenticidad, caracter\u00edsticas de su identidad, atributos de la creaci\u00f3n y promoci\u00f3n de calidad de su arte Tr\u00e1mites en l\u00ednea No tiene Tr\u00e1mites a realizar o etapas: Traer Carn\u00e9 de Identidad y Cartola de Registro Social de Hogares (aprox. hasta 40%) Valor Gratuito Lugar donde se realiza: Odel@comunaalhue.cl &nbsp;Oficina Odel de Ilustre Municipalidad de Alhu\u00e9 Pintor Onofre Jarpa #55 Fono 562 28319296 Horarios de atenci\u00f3n: Lunes a Jueves: 8:30 a 13:00&hellip;<\/p>\n","protected":false},"author":1,"featured_media":0,"parent":0,"menu_order":0,"comment_status":"closed","ping_status":"closed","template":"","meta":{"footnotes":""},"class_list":["post-11837","page","type-page","status-publish","hentry"],"_links":{"self":[{"href":"https:\/\/municipalidadalhue.cl\/portal\/wp-json\/wp\/v2\/pages\/11837","targetHints":{"allow":["GET"]}}],"collection":[{"href":"https:\/\/municipalidadalhue.cl\/portal\/wp-json\/wp\/v2\/pages"}],"about":[{"href":"https:\/\/municipalidadalhue.cl\/portal\/wp-json\/wp\/v2\/types\/page"}],"author":[{"embeddable":true,"href":"https:\/\/municipalidadalhue.cl\/portal\/wp-json\/wp\/v2\/users\/1"}],"replies":[{"embeddable":true,"href":"https:\/\/municipalidadalhue.cl\/portal\/wp-json\/wp\/v2\/comments?post=11837"}],"version-history":[{"count":0,"href":"https:\/\/municipalidadalhue.cl\/portal\/wp-json\/wp\/v2\/pages\/11837\/revisions"}],"wp:attachment":[{"href":"https:\/\/municipalidadalhue.cl\/portal\/wp-json\/wp\/v2\/media?parent=11837"}],"curies":[{"name":"wp","href":"https:\/\/api.w.org\/{rel}","templated":true}]}}