{"id":11851,"date":"2019-03-14T15:48:58","date_gmt":"2019-03-14T15:48:58","guid":{"rendered":"https:\/\/municipalidadalhue.cl\/portal\/?page_id=11851"},"modified":"2019-03-14T17:46:07","modified_gmt":"2019-03-14T17:46:07","slug":"departamento-administracion-y-finanzas","status":"publish","type":"page","link":"https:\/\/municipalidadalhue.cl\/portal\/departamento-administracion-y-finanzas\/","title":{"rendered":"Departamento Administraci\u00f3n Y Finanzas"},"content":{"rendered":"\n<ul class=\"wp-block-list\"><li><a href=\"https:\/\/municipalidadalhue.cl\/portal\/transferencia-de-vehiculos-motorizados\/\">Transferencia de veh\u00edculos motorizados<\/a><\/li><li><a href=\"https:\/\/municipalidadalhue.cl\/portal\/pago-alcantarillado\/\">Pago alcantarillado<\/a><\/li><li><a href=\"https:\/\/municipalidadalhue.cl\/portal\/pago-multas-e-infracciones-juzgado-policia-local\/\">Pago multas e infracciones Juzgado polic\u00eda local<\/a><\/li><li><a href=\"https:\/\/municipalidadalhue.cl\/portal\/pago-puestos-para-ferias\/\">Pago puesto para ferias<\/a><\/li><li><a href=\"https:\/\/municipalidadalhue.cl\/portal\/pagos-certificados-de-numeros-y-otros-dpto-de-obras\/\">Pagos certificados de n\u00fameros y otros Dpto de Obras<\/a><\/li><li><a href=\"https:\/\/municipalidadalhue.cl\/portal\/permiso-para-eventos-trillas-carreras-a-la-chilena-circos-bautizos-etc\/\">Permiso para eventos (trillas, carreras a la chilena, circos, bautizos etc)<\/a><\/li><li><a href=\"https:\/\/municipalidadalhue.cl\/portal\/venta-ambulante-varios\/\">Venta ambulante (varios)<\/a><\/li><li><a href=\"https:\/\/municipalidadalhue.cl\/portal\/venta-comercio-permisos-provisorios\/\">Venta comercio (permisos provisorios)<\/a><\/li><\/ul>\n","protected":false},"excerpt":{"rendered":"<p>Transferencia de veh\u00edculos motorizados Pago alcantarillado Pago multas e infracciones Juzgado polic\u00eda local Pago puesto para ferias Pagos certificados de n\u00fameros y otros Dpto de Obras Permiso para eventos (trillas, carreras a la chilena, circos, bautizos etc) Venta ambulante (varios) Venta comercio (permisos provisorios)<\/p>\n","protected":false},"author":1,"featured_media":0,"parent":0,"menu_order":0,"comment_status":"closed","ping_status":"closed","template":"","meta":{"footnotes":""},"class_list":["post-11851","page","type-page","status-publish","hentry"],"_links":{"self":[{"href":"https:\/\/municipalidadalhue.cl\/portal\/wp-json\/wp\/v2\/pages\/11851","targetHints":{"allow":["GET"]}}],"collection":[{"href":"https:\/\/municipalidadalhue.cl\/portal\/wp-json\/wp\/v2\/pages"}],"about":[{"href":"https:\/\/municipalidadalhue.cl\/portal\/wp-json\/wp\/v2\/types\/page"}],"author":[{"embeddable":true,"href":"https:\/\/municipalidadalhue.cl\/portal\/wp-json\/wp\/v2\/users\/1"}],"replies":[{"embeddable":true,"href":"https:\/\/municipalidadalhue.cl\/portal\/wp-json\/wp\/v2\/comments?post=11851"}],"version-history":[{"count":0,"href":"https:\/\/municipalidadalhue.cl\/portal\/wp-json\/wp\/v2\/pages\/11851\/revisions"}],"wp:attachment":[{"href":"https:\/\/municipalidadalhue.cl\/portal\/wp-json\/wp\/v2\/media?parent=11851"}],"curies":[{"name":"wp","href":"https:\/\/api.w.org\/{rel}","templated":true}]}}