{"id":11861,"date":"2019-03-14T15:56:46","date_gmt":"2019-03-14T15:56:46","guid":{"rendered":"https:\/\/municipalidadalhue.cl\/portal\/?page_id=11861"},"modified":"2019-03-14T15:58:45","modified_gmt":"2019-03-14T15:58:45","slug":"pago-alcantarillado","status":"publish","type":"page","link":"https:\/\/municipalidadalhue.cl\/portal\/pago-alcantarillado\/","title":{"rendered":"Pago alcantarillado"},"content":{"rendered":"\n<p><strong>Requisitos y antecedentes:<\/strong><\/p>\n\n\n\n<p>Entregar rut o nombre de la persona inscrita<\/p>\n\n\n\n<p><strong>Tr\u00e1mites en l\u00ednea<\/strong><\/p>\n\n\n\n<p>No tiene<\/p>\n\n\n\n<p><strong>Tr\u00e1mites a realizar o etapas:<\/strong><\/p>\n\n\n\n<p>Emitir comprobante de pago\nDpto Finanzas, Emitir pago Unidad de Tesorer\u00eda<\/p>\n\n\n\n<p><strong>Valor<\/strong><\/p>\n\n\n\n<p>A determinar<\/p>\n\n\n\n<p><strong>Lugar donde se realiza:<\/strong><\/p>\n\n\n\n<p>Departamento de finanzas,\nUnidad de Tesorer\u00eda<\/p>\n\n\n\n<p>Ilustre Municipalidad de Alhu\u00e9\nPintor Onofre Jarpa #55 Fono 562 28319296 <\/p>\n","protected":false},"excerpt":{"rendered":"<p>Requisitos y antecedentes: Entregar rut o nombre de la persona inscrita Tr\u00e1mites en l\u00ednea No tiene Tr\u00e1mites a realizar o etapas: Emitir comprobante de pago Dpto Finanzas, Emitir pago Unidad de Tesorer\u00eda Valor A determinar Lugar donde se realiza: Departamento de finanzas, Unidad de Tesorer\u00eda Ilustre Municipalidad de Alhu\u00e9 Pintor Onofre Jarpa #55 Fono 562 28319296<\/p>\n","protected":false},"author":1,"featured_media":0,"parent":0,"menu_order":0,"comment_status":"closed","ping_status":"closed","template":"","meta":{"footnotes":""},"class_list":["post-11861","page","type-page","status-publish","hentry"],"_links":{"self":[{"href":"https:\/\/municipalidadalhue.cl\/portal\/wp-json\/wp\/v2\/pages\/11861","targetHints":{"allow":["GET"]}}],"collection":[{"href":"https:\/\/municipalidadalhue.cl\/portal\/wp-json\/wp\/v2\/pages"}],"about":[{"href":"https:\/\/municipalidadalhue.cl\/portal\/wp-json\/wp\/v2\/types\/page"}],"author":[{"embeddable":true,"href":"https:\/\/municipalidadalhue.cl\/portal\/wp-json\/wp\/v2\/users\/1"}],"replies":[{"embeddable":true,"href":"https:\/\/municipalidadalhue.cl\/portal\/wp-json\/wp\/v2\/comments?post=11861"}],"version-history":[{"count":0,"href":"https:\/\/municipalidadalhue.cl\/portal\/wp-json\/wp\/v2\/pages\/11861\/revisions"}],"wp:attachment":[{"href":"https:\/\/municipalidadalhue.cl\/portal\/wp-json\/wp\/v2\/media?parent=11861"}],"curies":[{"name":"wp","href":"https:\/\/api.w.org\/{rel}","templated":true}]}}