{"id":11874,"date":"2019-03-14T17:40:49","date_gmt":"2019-03-14T17:40:49","guid":{"rendered":"https:\/\/municipalidadalhue.cl\/portal\/?page_id=11874"},"modified":"2019-03-14T17:40:51","modified_gmt":"2019-03-14T17:40:51","slug":"pagos-certificados-de-numeros-y-otros-dpto-de-obras","status":"publish","type":"page","link":"https:\/\/municipalidadalhue.cl\/portal\/pagos-certificados-de-numeros-y-otros-dpto-de-obras\/","title":{"rendered":"Pagos certificados de n\u00fameros y otros Dpto de Obras"},"content":{"rendered":"\n<p><strong>Requisitos y antecedentes:<\/strong><\/p>\n\n\n\n<p>Obras<\/p>\n\n\n\n<p>Traer Documento detalle de\npago desde Departamento de Obras<\/p>\n\n\n\n<p><strong>Tr\u00e1mites en l\u00ednea<\/strong><\/p>\n\n\n\n<p>No tiene<\/p>\n\n\n\n<p><strong>Tr\u00e1mites a realizar o etapas:<\/strong><\/p>\n\n\n\n<p>Emitir comprobante de pago\nDpto Finanzas, Emitir pago Unidad de Tesorer\u00eda<\/p>\n\n\n\n<p><strong>Valor<\/strong><\/p>\n\n\n\n<p>A determinar<\/p>\n\n\n\n<p><strong>Lugar donde se realiza:<\/strong><\/p>\n\n\n\n<p>Departamento de finanzas,\nUnidad de Tesoreria<\/p>\n\n\n\n<p>Ilustre Municipalidad de Alhu\u00e9\nPintor Onofre Jarpa #55 Fono 562 28319296 <\/p>\n","protected":false},"excerpt":{"rendered":"<p>Requisitos y antecedentes: Obras Traer Documento detalle de pago desde Departamento de Obras Tr\u00e1mites en l\u00ednea No tiene Tr\u00e1mites a realizar o etapas: Emitir comprobante de pago Dpto Finanzas, Emitir pago Unidad de Tesorer\u00eda Valor A determinar Lugar donde se realiza: Departamento de finanzas, Unidad de Tesoreria Ilustre Municipalidad de Alhu\u00e9 Pintor Onofre Jarpa #55 Fono 562 28319296<\/p>\n","protected":false},"author":1,"featured_media":0,"parent":0,"menu_order":0,"comment_status":"closed","ping_status":"closed","template":"","meta":{"footnotes":""},"class_list":["post-11874","page","type-page","status-publish","hentry"],"_links":{"self":[{"href":"https:\/\/municipalidadalhue.cl\/portal\/wp-json\/wp\/v2\/pages\/11874","targetHints":{"allow":["GET"]}}],"collection":[{"href":"https:\/\/municipalidadalhue.cl\/portal\/wp-json\/wp\/v2\/pages"}],"about":[{"href":"https:\/\/municipalidadalhue.cl\/portal\/wp-json\/wp\/v2\/types\/page"}],"author":[{"embeddable":true,"href":"https:\/\/municipalidadalhue.cl\/portal\/wp-json\/wp\/v2\/users\/1"}],"replies":[{"embeddable":true,"href":"https:\/\/municipalidadalhue.cl\/portal\/wp-json\/wp\/v2\/comments?post=11874"}],"version-history":[{"count":0,"href":"https:\/\/municipalidadalhue.cl\/portal\/wp-json\/wp\/v2\/pages\/11874\/revisions"}],"wp:attachment":[{"href":"https:\/\/municipalidadalhue.cl\/portal\/wp-json\/wp\/v2\/media?parent=11874"}],"curies":[{"name":"wp","href":"https:\/\/api.w.org\/{rel}","templated":true}]}}