{"id":11880,"date":"2019-03-14T17:43:33","date_gmt":"2019-03-14T17:43:33","guid":{"rendered":"https:\/\/municipalidadalhue.cl\/portal\/?page_id=11880"},"modified":"2019-03-14T17:43:37","modified_gmt":"2019-03-14T17:43:37","slug":"venta-ambulante-varios","status":"publish","type":"page","link":"https:\/\/municipalidadalhue.cl\/portal\/venta-ambulante-varios\/","title":{"rendered":"Venta ambulante (varios)"},"content":{"rendered":"\n<p><strong>Requisitos y antecedentes:<\/strong><\/p>\n\n\n\n<p>Presentar solicitud en oficina\nde partes<\/p>\n\n\n\n<p><strong>Tr\u00e1mites en l\u00ednea<\/strong><\/p>\n\n\n\n<p>No tiene<\/p>\n\n\n\n<p><strong>Tr\u00e1mites a realizar o etapas:<\/strong><\/p>\n\n\n\n<p>Presentar solicitud en oficina\nde partes, si se aprueba dirigirse a Dpto de Finanzas y Realizar pago en Unidad\nTesorer\u00eda<\/p>\n\n\n\n<p><strong>Valor<\/strong><\/p>\n\n\n\n<p>A determinar<\/p>\n\n\n\n<p><strong>Lugar donde se realiza:<\/strong><\/p>\n\n\n\n<p>Oficina de partes,\nDepartamento de finanzas, Unidad de Tesoreria<\/p>\n\n\n\n<p>Ilustre Municipalidad de Alhu\u00e9\nPintor Onofre Jarpa #55 Fono 562 28319296 <\/p>\n","protected":false},"excerpt":{"rendered":"<p>Requisitos y antecedentes: Presentar solicitud en oficina de partes Tr\u00e1mites en l\u00ednea No tiene Tr\u00e1mites a realizar o etapas: Presentar solicitud en oficina de partes, si se aprueba dirigirse a Dpto de Finanzas y Realizar pago en Unidad Tesorer\u00eda Valor A determinar Lugar donde se realiza: Oficina de partes, Departamento de finanzas, Unidad de Tesoreria Ilustre Municipalidad de Alhu\u00e9 Pintor Onofre Jarpa #55 Fono 562 28319296<\/p>\n","protected":false},"author":1,"featured_media":0,"parent":0,"menu_order":0,"comment_status":"closed","ping_status":"closed","template":"","meta":{"footnotes":""},"class_list":["post-11880","page","type-page","status-publish","hentry"],"_links":{"self":[{"href":"https:\/\/municipalidadalhue.cl\/portal\/wp-json\/wp\/v2\/pages\/11880","targetHints":{"allow":["GET"]}}],"collection":[{"href":"https:\/\/municipalidadalhue.cl\/portal\/wp-json\/wp\/v2\/pages"}],"about":[{"href":"https:\/\/municipalidadalhue.cl\/portal\/wp-json\/wp\/v2\/types\/page"}],"author":[{"embeddable":true,"href":"https:\/\/municipalidadalhue.cl\/portal\/wp-json\/wp\/v2\/users\/1"}],"replies":[{"embeddable":true,"href":"https:\/\/municipalidadalhue.cl\/portal\/wp-json\/wp\/v2\/comments?post=11880"}],"version-history":[{"count":0,"href":"https:\/\/municipalidadalhue.cl\/portal\/wp-json\/wp\/v2\/pages\/11880\/revisions"}],"wp:attachment":[{"href":"https:\/\/municipalidadalhue.cl\/portal\/wp-json\/wp\/v2\/media?parent=11880"}],"curies":[{"name":"wp","href":"https:\/\/api.w.org\/{rel}","templated":true}]}}