{"id":11887,"date":"2019-03-14T17:51:50","date_gmt":"2019-03-14T17:51:50","guid":{"rendered":"https:\/\/municipalidadalhue.cl\/portal\/?page_id=11887"},"modified":"2019-03-14T17:51:59","modified_gmt":"2019-03-14T17:51:59","slug":"alimentacion-complementaria-para-el-adulto-mayor","status":"publish","type":"page","link":"https:\/\/municipalidadalhue.cl\/portal\/alimentacion-complementaria-para-el-adulto-mayor\/","title":{"rendered":"Alimentaci\u00f3n Complementaria para el Adulto Mayor"},"content":{"rendered":"\n<p><strong>Requisitos y antecedentes:<\/strong><\/p>\n\n\n\n<p>Estar inscrito(a) en el\nestablecimiento de salud. Cumplir con el criterio de inclusi\u00f3n correspondientes\na la edad (mayores de 65 a\u00f1os). Controles al d\u00eda y otras actividades de\nprevenci\u00f3n y promoci\u00f3n solicitadas por equipo de salud.<\/p>\n\n\n\n<p><strong>Tr\u00e1mites en l\u00ednea<\/strong><\/p>\n\n\n\n<p>No tiene<\/p>\n\n\n\n<p><strong>Tr\u00e1mites a realizar o etapas:<\/strong><\/p>\n\n\n\n<p>Es un conjunto de actividades\nde apoyo alimentario nutricional de car\u00e1cter preventivo y de recuperaci\u00f3n a trav\u00e9s\nde las cuales se distribuyen alimentos fortificados con micronutrientes a los\nadultos mayores a trav\u00e9s de bebida l\u00e1ctea y Crema a\u00f1os dorados.<\/p>\n\n\n\n<p><strong>Valor<\/strong><\/p>\n\n\n\n<p>Gratuito<\/p>\n\n\n\n<p><strong>Lugar donde se realiza:<\/strong><\/p>\n\n\n\n<p>Lunes a jueves 8-16hrs. viernes\n8-13hrs Departamento de Salud<\/p>\n\n\n\n<p>Ilustre Municipalidad de Alhu\u00e9\nPintor Onofre Jarpa #55 Fono 562 28319296 <\/p>\n","protected":false},"excerpt":{"rendered":"<p>Requisitos y antecedentes: Estar inscrito(a) en el establecimiento de salud. Cumplir con el criterio de inclusi\u00f3n correspondientes a la edad (mayores de 65 a\u00f1os). Controles al d\u00eda y otras actividades de prevenci\u00f3n y promoci\u00f3n solicitadas por equipo de salud. Tr\u00e1mites en l\u00ednea No tiene Tr\u00e1mites a realizar o etapas: Es un conjunto de actividades de apoyo alimentario nutricional de car\u00e1cter preventivo y de recuperaci\u00f3n a trav\u00e9s de las cuales se distribuyen alimentos fortificados con micronutrientes a los adultos mayores a trav\u00e9s de bebida l\u00e1ctea y Crema a\u00f1os dorados. Valor Gratuito&hellip;<\/p>\n","protected":false},"author":1,"featured_media":0,"parent":0,"menu_order":0,"comment_status":"closed","ping_status":"closed","template":"","meta":{"footnotes":""},"class_list":["post-11887","page","type-page","status-publish","hentry"],"_links":{"self":[{"href":"https:\/\/municipalidadalhue.cl\/portal\/wp-json\/wp\/v2\/pages\/11887","targetHints":{"allow":["GET"]}}],"collection":[{"href":"https:\/\/municipalidadalhue.cl\/portal\/wp-json\/wp\/v2\/pages"}],"about":[{"href":"https:\/\/municipalidadalhue.cl\/portal\/wp-json\/wp\/v2\/types\/page"}],"author":[{"embeddable":true,"href":"https:\/\/municipalidadalhue.cl\/portal\/wp-json\/wp\/v2\/users\/1"}],"replies":[{"embeddable":true,"href":"https:\/\/municipalidadalhue.cl\/portal\/wp-json\/wp\/v2\/comments?post=11887"}],"version-history":[{"count":0,"href":"https:\/\/municipalidadalhue.cl\/portal\/wp-json\/wp\/v2\/pages\/11887\/revisions"}],"wp:attachment":[{"href":"https:\/\/municipalidadalhue.cl\/portal\/wp-json\/wp\/v2\/media?parent=11887"}],"curies":[{"name":"wp","href":"https:\/\/api.w.org\/{rel}","templated":true}]}}