{"id":11907,"date":"2019-03-14T18:15:19","date_gmt":"2019-03-14T18:15:19","guid":{"rendered":"https:\/\/municipalidadalhue.cl\/portal\/?page_id=11907"},"modified":"2019-03-14T18:15:21","modified_gmt":"2019-03-14T18:15:21","slug":"programa-ampliado-de-inmunizaciones","status":"publish","type":"page","link":"https:\/\/municipalidadalhue.cl\/portal\/programa-ampliado-de-inmunizaciones\/","title":{"rendered":"Programa Ampliado de Inmunizaciones"},"content":{"rendered":"\n<p><strong>Requisitos y antecedentes:<\/strong><\/p>\n\n\n\n<p>Prestaci\u00f3n universal de bien\np\u00fablico para quienes cumplan requisito que est\u00e1 en el calendario del PNI (Programa\nNacional de Inmunizaci\u00f3n<\/p>\n\n\n\n<p><strong>Tr\u00e1mites en l\u00ednea<\/strong><\/p>\n\n\n\n<p>No tiene<\/p>\n\n\n\n<p><strong>Tr\u00e1mites a realizar o etapas:<\/strong><\/p>\n\n\n\n<p>El Programa Ampliado de\nInmunizaciones, es una accion conjunta de las naciones del mundo, de la\nOrganizaci\u00f3n Mundial de la Salud y la Organizaci\u00f3n Panamericana de la Salud,\npara el control, eliminaci\u00f3n y erradicaci\u00f3n de enfermedades prevenibles por\nvacunas. Chile es un pa\u00eds suscrito al cumplimiento de las metas internacionales\nde este Programa. El Servicio de Salud responde a todas las campa\u00f1as de\nvacunaci\u00f3n implementadas pro el Ministerio de Salud<\/p>\n\n\n\n<p><strong>Valor<\/strong><\/p>\n\n\n\n<p>Gratuito<\/p>\n\n\n\n<p><strong>Lugar donde se realiza:<\/strong><\/p>\n\n\n\n<p>Lunes a jueves 8-17hrs.\nViernes 8-16hrs en Vacuna torio<\/p>\n\n\n\n<p>Departamento de Salud<\/p>\n\n\n\n<p>Ilustre Municipalidad de Alhu\u00e9\nPintor Onofre Jarpa #55 Fono 562 28319296 <\/p>\n","protected":false},"excerpt":{"rendered":"<p>Requisitos y antecedentes: Prestaci\u00f3n universal de bien p\u00fablico para quienes cumplan requisito que est\u00e1 en el calendario del PNI (Programa Nacional de Inmunizaci\u00f3n Tr\u00e1mites en l\u00ednea No tiene Tr\u00e1mites a realizar o etapas: El Programa Ampliado de Inmunizaciones, es una accion conjunta de las naciones del mundo, de la Organizaci\u00f3n Mundial de la Salud y la Organizaci\u00f3n Panamericana de la Salud, para el control, eliminaci\u00f3n y erradicaci\u00f3n de enfermedades prevenibles por vacunas. Chile es un pa\u00eds suscrito al cumplimiento de las metas internacionales de este Programa. El Servicio de Salud&hellip;<\/p>\n","protected":false},"author":1,"featured_media":0,"parent":0,"menu_order":0,"comment_status":"closed","ping_status":"closed","template":"","meta":{"footnotes":""},"class_list":["post-11907","page","type-page","status-publish","hentry"],"_links":{"self":[{"href":"https:\/\/municipalidadalhue.cl\/portal\/wp-json\/wp\/v2\/pages\/11907","targetHints":{"allow":["GET"]}}],"collection":[{"href":"https:\/\/municipalidadalhue.cl\/portal\/wp-json\/wp\/v2\/pages"}],"about":[{"href":"https:\/\/municipalidadalhue.cl\/portal\/wp-json\/wp\/v2\/types\/page"}],"author":[{"embeddable":true,"href":"https:\/\/municipalidadalhue.cl\/portal\/wp-json\/wp\/v2\/users\/1"}],"replies":[{"embeddable":true,"href":"https:\/\/municipalidadalhue.cl\/portal\/wp-json\/wp\/v2\/comments?post=11907"}],"version-history":[{"count":0,"href":"https:\/\/municipalidadalhue.cl\/portal\/wp-json\/wp\/v2\/pages\/11907\/revisions"}],"wp:attachment":[{"href":"https:\/\/municipalidadalhue.cl\/portal\/wp-json\/wp\/v2\/media?parent=11907"}],"curies":[{"name":"wp","href":"https:\/\/api.w.org\/{rel}","templated":true}]}}