{"id":11912,"date":"2019-03-14T18:27:22","date_gmt":"2019-03-14T18:27:22","guid":{"rendered":"https:\/\/municipalidadalhue.cl\/portal\/?page_id=11912"},"modified":"2019-03-14T18:27:24","modified_gmt":"2019-03-14T18:27:24","slug":"programa-nacional-de-alimentacion-complementaria","status":"publish","type":"page","link":"https:\/\/municipalidadalhue.cl\/portal\/programa-nacional-de-alimentacion-complementaria\/","title":{"rendered":"Programa Nacional de Alimentaci\u00f3n Complementaria"},"content":{"rendered":"\n<p><strong>Requisitos y antecedentes:<\/strong><\/p>\n\n\n\n<p>Estar inscrito(a) en nuestro\nestablecimiento de atenci\u00f3n primaria de salud, tener controles de salud al d\u00eda.\nTener esquema de vacunaci\u00f3n al d\u00eda en menores de 6 a\u00f1os. Podr\u00e1n retirar\nalimentos aquellos beneficiarios del extra sistema que presenten su formulario\nrespectivo de FONASA, libre elecci\u00f3n, ISAPRES y FF.AA. que tengan sus vacunas y\ncontroles de salud al d\u00eda. Podr\u00e1n retirar el producto los beneficiarios del\nPNAC de prematuros extremos, esto es ni\u00f1os nacidos con menos de 1.500 gramos\ny\/o menos de 32 semanas de gestaci\u00f3n, deben presentar en CESFAM, el formulario\nde Prematuro y el documento de control de salud.<\/p>\n\n\n\n<p><strong>Tr\u00e1mites en l\u00ednea<\/strong><\/p>\n\n\n\n<p>No tiene<\/p>\n\n\n\n<p><strong>Tr\u00e1mites a realizar o etapas:<\/strong><\/p>\n\n\n\n<p>Es un sistema de distribuci\u00f3n\ngratuita de alimentos para la poblaci\u00f3n infantil y para las embarazadas de\nnuestro pa\u00eds, independiente de su situaci\u00f3n previsional de salud, con el objeto\nde mantener en \u00f3ptimas condiciones nutricionales a las embarazadas para\nasegurar un desarrollo normal del feto, una lactancia materna exitosa, y un\ncrecimiento y desarrollo normal del ni\u00f1o, contribuyendo a la reducci\u00f3n de la\nobesidad y de la existencia de enfermedades cr\u00f3nicas no transmisibles del\nadulto. Los productos que se entregan son: Leche Purita Fortificada, Purita\nMam\u00e1, Purita Cereal, Mi Sopita, Formula de Prematuros y de Continuaci\u00f3n.<\/p>\n\n\n\n<p><strong>Valor<\/strong><\/p>\n\n\n\n<p>Gratuito<\/p>\n\n\n\n<p><strong>Lugar donde se realiza:<\/strong><\/p>\n\n\n\n<p>Lunes a jueves 8-16hrs.\nViernes 8-13hrs Departamento de Salud<\/p>\n\n\n\n<p>Ilustre Municipalidad de Alhu\u00e9\nPintor Onofre Jarpa #55 Fono 562 28319296 <\/p>\n","protected":false},"excerpt":{"rendered":"<p>Requisitos y antecedentes: Estar inscrito(a) en nuestro establecimiento de atenci\u00f3n primaria de salud, tener controles de salud al d\u00eda. Tener esquema de vacunaci\u00f3n al d\u00eda en menores de 6 a\u00f1os. Podr\u00e1n retirar alimentos aquellos beneficiarios del extra sistema que presenten su formulario respectivo de FONASA, libre elecci\u00f3n, ISAPRES y FF.AA. que tengan sus vacunas y controles de salud al d\u00eda. Podr\u00e1n retirar el producto los beneficiarios del PNAC de prematuros extremos, esto es ni\u00f1os nacidos con menos de 1.500 gramos y\/o menos de 32 semanas de gestaci\u00f3n, deben presentar en&hellip;<\/p>\n","protected":false},"author":1,"featured_media":0,"parent":0,"menu_order":0,"comment_status":"closed","ping_status":"closed","template":"","meta":{"footnotes":""},"class_list":["post-11912","page","type-page","status-publish","hentry"],"_links":{"self":[{"href":"https:\/\/municipalidadalhue.cl\/portal\/wp-json\/wp\/v2\/pages\/11912","targetHints":{"allow":["GET"]}}],"collection":[{"href":"https:\/\/municipalidadalhue.cl\/portal\/wp-json\/wp\/v2\/pages"}],"about":[{"href":"https:\/\/municipalidadalhue.cl\/portal\/wp-json\/wp\/v2\/types\/page"}],"author":[{"embeddable":true,"href":"https:\/\/municipalidadalhue.cl\/portal\/wp-json\/wp\/v2\/users\/1"}],"replies":[{"embeddable":true,"href":"https:\/\/municipalidadalhue.cl\/portal\/wp-json\/wp\/v2\/comments?post=11912"}],"version-history":[{"count":0,"href":"https:\/\/municipalidadalhue.cl\/portal\/wp-json\/wp\/v2\/pages\/11912\/revisions"}],"wp:attachment":[{"href":"https:\/\/municipalidadalhue.cl\/portal\/wp-json\/wp\/v2\/media?parent=11912"}],"curies":[{"name":"wp","href":"https:\/\/api.w.org\/{rel}","templated":true}]}}