{"id":11917,"date":"2019-03-14T18:32:28","date_gmt":"2019-03-14T18:32:28","guid":{"rendered":"https:\/\/municipalidadalhue.cl\/portal\/?page_id=11917"},"modified":"2019-03-14T18:32:31","modified_gmt":"2019-03-14T18:32:31","slug":"sistema-de-proteccion-integral-a-la-infancia-chile-crece-contigo","status":"publish","type":"page","link":"https:\/\/municipalidadalhue.cl\/portal\/sistema-de-proteccion-integral-a-la-infancia-chile-crece-contigo\/","title":{"rendered":"Sistema de Protecci\u00f3n Integral a la Infancia Chile Crece Contigo"},"content":{"rendered":"\n<p><strong>Requisitos y antecedentes:<\/strong><\/p>\n\n\n\n<p>Ser usuaria del Sistema de\nsalud P\u00fablico desde primer control prenatal. Ficha Cl\u00ednica Familiar (debe estar\ninscrita en nuestro establecimiento de salud)<\/p>\n\n\n\n<p><strong>Tr\u00e1mites en l\u00ednea<\/strong><\/p>\n\n\n\n<p>No tiene<\/p>\n\n\n\n<p><strong>Tr\u00e1mites a realizar o etapas:<\/strong><\/p>\n\n\n\n<p>Chile Crece Contigo es un\nSistema de Protecci\u00f3n Integral a la Infancia que tiene como misi\u00f3n acompa\u00f1ar,\nproteger y apoyar integralmente, a todos los ni\u00f1os, ni\u00f1as y sus familias, a\ntrav\u00e9s de acciones y servicios de car\u00e1cter universal, as\u00ed como focalizando\napoyos especiales a aquellos que presentan alguna vulnerabilidad mayor: \u00aba\ncada quien seg\u00fan sus necesidades\u201d. El ingreso a Salud es a trav\u00e9s del programa\nde Apoyo Biopsicosocial cuyo objetivo principal es acompa\u00f1ar y hacer un\nseguimiento personalizado a la trayectoria de desarrollo de los ni\u00f1os y ni\u00f1as,\ndesde el primer control de gestaci\u00f3n hasta su ingreso al sistema escolar en el\nprimer nivel de transici\u00f3n o pre k\u00ednder (alrededor de los 4 o 5 a\u00f1os de edad).<\/p>\n\n\n\n<p><strong>Valor<\/strong><\/p>\n\n\n\n<p>Gratuito<\/p>\n\n\n\n<p><strong>Lugar donde se realiza:<\/strong><\/p>\n\n\n\n<p>Lunes a jueves 8-17hrs. viernes\n8-16hrs en horario de funcionamiento equipo profesional CESFAM Departamento de\nSalud<\/p>\n\n\n\n<p>Ilustre Municipalidad de Alhu\u00e9\nPintor Onofre Jarpa #55 Fono 562 28319296 <\/p>\n","protected":false},"excerpt":{"rendered":"<p>Requisitos y antecedentes: Ser usuaria del Sistema de salud P\u00fablico desde primer control prenatal. Ficha Cl\u00ednica Familiar (debe estar inscrita en nuestro establecimiento de salud) Tr\u00e1mites en l\u00ednea No tiene Tr\u00e1mites a realizar o etapas: Chile Crece Contigo es un Sistema de Protecci\u00f3n Integral a la Infancia que tiene como misi\u00f3n acompa\u00f1ar, proteger y apoyar integralmente, a todos los ni\u00f1os, ni\u00f1as y sus familias, a trav\u00e9s de acciones y servicios de car\u00e1cter universal, as\u00ed como focalizando apoyos especiales a aquellos que presentan alguna vulnerabilidad mayor: \u00aba cada quien seg\u00fan sus&hellip;<\/p>\n","protected":false},"author":1,"featured_media":0,"parent":0,"menu_order":0,"comment_status":"closed","ping_status":"closed","template":"","meta":{"footnotes":""},"class_list":["post-11917","page","type-page","status-publish","hentry"],"_links":{"self":[{"href":"https:\/\/municipalidadalhue.cl\/portal\/wp-json\/wp\/v2\/pages\/11917","targetHints":{"allow":["GET"]}}],"collection":[{"href":"https:\/\/municipalidadalhue.cl\/portal\/wp-json\/wp\/v2\/pages"}],"about":[{"href":"https:\/\/municipalidadalhue.cl\/portal\/wp-json\/wp\/v2\/types\/page"}],"author":[{"embeddable":true,"href":"https:\/\/municipalidadalhue.cl\/portal\/wp-json\/wp\/v2\/users\/1"}],"replies":[{"embeddable":true,"href":"https:\/\/municipalidadalhue.cl\/portal\/wp-json\/wp\/v2\/comments?post=11917"}],"version-history":[{"count":0,"href":"https:\/\/municipalidadalhue.cl\/portal\/wp-json\/wp\/v2\/pages\/11917\/revisions"}],"wp:attachment":[{"href":"https:\/\/municipalidadalhue.cl\/portal\/wp-json\/wp\/v2\/media?parent=11917"}],"curies":[{"name":"wp","href":"https:\/\/api.w.org\/{rel}","templated":true}]}}