{"id":11940,"date":"2019-03-18T14:03:02","date_gmt":"2019-03-18T14:03:02","guid":{"rendered":"https:\/\/municipalidadalhue.cl\/portal\/?page_id=11940"},"modified":"2019-03-18T14:04:16","modified_gmt":"2019-03-18T14:04:16","slug":"apoyo-a-pequenos-emprendedores-agricolas","status":"publish","type":"page","link":"https:\/\/municipalidadalhue.cl\/portal\/apoyo-a-pequenos-emprendedores-agricolas\/","title":{"rendered":"Apoyo a peque\u00f1os emprendedores agr\u00edcolas"},"content":{"rendered":"\n<p><strong>Requisitos\ny antecedentes:<\/strong><\/p>\n\n\n\n<p>&nbsp;Cumplir los\nrequisitos para ser beneficiario de INDAP, seg\u00fan ley org\u00e1nica N\u00ba 18.910,\nmodificada por ley N\u00ba 19.213. No recibir otros beneficios de forma\nsimult\u00e1neamente, otros incentivos econ\u00f3micos de fomento productivo. No tener\ndeudas morosas con INDAP.<\/p>\n\n\n\n<p><strong>Tr\u00e1mites\nen l\u00ednea<\/strong><\/p>\n\n\n\n<p>No tiene<\/p>\n\n\n\n<p><strong>Tr\u00e1mites\na realizar o etapas:<\/strong><\/p>\n\n\n\n<p>Asesor\u00eda t\u00e9cnica Entrega de subsidios a peque\u00f1os\nagricultores.<\/p>\n\n\n\n<p><strong>Valor<\/strong><\/p>\n\n\n\n<p>Gratuito<\/p>\n\n\n\n<p><strong>Lugar\ndonde se realiza:<\/strong><\/p>\n\n\n\n<p>Oficina PRODESAL, ubicada calle 18 de septiembre, Villa\nAlhu\u00e9. horario de atenci\u00f3n Lunes a Viernes desde las 09:00 a 13:00<\/p>\n\n\n\n<p><strong>Correo\nElectr\u00f3nico.<\/strong><\/p>\n\n\n\n<p><a href=\"mailto:contrapartemunicipal.prodesal@comunaalhue.cl\">contrapartemunicipal.prodesal@comunaalhue.cl<\/a><\/p>\n","protected":false},"excerpt":{"rendered":"<p>Requisitos y antecedentes: &nbsp;Cumplir los requisitos para ser beneficiario de INDAP, seg\u00fan ley org\u00e1nica N\u00ba 18.910, modificada por ley N\u00ba 19.213. No recibir otros beneficios de forma simult\u00e1neamente, otros incentivos econ\u00f3micos de fomento productivo. No tener deudas morosas con INDAP. Tr\u00e1mites en l\u00ednea No tiene Tr\u00e1mites a realizar o etapas: Asesor\u00eda t\u00e9cnica Entrega de subsidios a peque\u00f1os agricultores. Valor Gratuito Lugar donde se realiza: Oficina PRODESAL, ubicada calle 18 de septiembre, Villa Alhu\u00e9. horario de atenci\u00f3n Lunes a Viernes desde las 09:00 a 13:00 Correo Electr\u00f3nico. contrapartemunicipal.prodesal@comunaalhue.cl<\/p>\n","protected":false},"author":1,"featured_media":0,"parent":0,"menu_order":0,"comment_status":"closed","ping_status":"closed","template":"","meta":{"footnotes":""},"class_list":["post-11940","page","type-page","status-publish","hentry"],"_links":{"self":[{"href":"https:\/\/municipalidadalhue.cl\/portal\/wp-json\/wp\/v2\/pages\/11940","targetHints":{"allow":["GET"]}}],"collection":[{"href":"https:\/\/municipalidadalhue.cl\/portal\/wp-json\/wp\/v2\/pages"}],"about":[{"href":"https:\/\/municipalidadalhue.cl\/portal\/wp-json\/wp\/v2\/types\/page"}],"author":[{"embeddable":true,"href":"https:\/\/municipalidadalhue.cl\/portal\/wp-json\/wp\/v2\/users\/1"}],"replies":[{"embeddable":true,"href":"https:\/\/municipalidadalhue.cl\/portal\/wp-json\/wp\/v2\/comments?post=11940"}],"version-history":[{"count":1,"href":"https:\/\/municipalidadalhue.cl\/portal\/wp-json\/wp\/v2\/pages\/11940\/revisions"}],"predecessor-version":[{"id":19032,"href":"https:\/\/municipalidadalhue.cl\/portal\/wp-json\/wp\/v2\/pages\/11940\/revisions\/19032"}],"wp:attachment":[{"href":"https:\/\/municipalidadalhue.cl\/portal\/wp-json\/wp\/v2\/media?parent=11940"}],"curies":[{"name":"wp","href":"https:\/\/api.w.org\/{rel}","templated":true}]}}