{"id":11944,"date":"2019-03-18T14:05:36","date_gmt":"2019-03-18T14:05:36","guid":{"rendered":"https:\/\/municipalidadalhue.cl\/portal\/?page_id=11944"},"modified":"2019-03-18T14:05:37","modified_gmt":"2019-03-18T14:05:37","slug":"atencion-a-organizaciones-sociales","status":"publish","type":"page","link":"https:\/\/municipalidadalhue.cl\/portal\/atencion-a-organizaciones-sociales\/","title":{"rendered":"Atenci\u00f3n a Organizaciones Sociales"},"content":{"rendered":"\n<p><strong>Requisitos\ny antecedentes:<\/strong><\/p>\n\n\n\n<p>&nbsp;Cedula de identidad. Ser Dirigente social de\nuna organizaci\u00f3n social con personalidad jur\u00eddica. Contar con un grupo de 15\npersonas m\u00ednimo, de 18 a\u00f1os hacia arriba para constituir. Solicitar hora, d\u00eda\ncon anticipaci\u00f3n en el departamento de DIDECO, con la encargada de\nOrganizaciones Sociales.<\/p>\n\n\n\n<p><strong>Tr\u00e1mites\nen l\u00ednea<\/strong><\/p>\n\n\n\n<p>No tiene<\/p>\n\n\n\n<p><strong>Tr\u00e1mites\na realizar o etapas:<\/strong><\/p>\n\n\n\n<p>Renovaci\u00f3n y constituci\u00f3n de\norganizaciones sociales. Asesor\u00eda en la elaboraci\u00f3n de proyectos sociales.<\/p>\n\n\n\n<p><strong>Valor<\/strong><\/p>\n\n\n\n<p>Gratuito<\/p>\n\n\n\n<p><strong>Lugar\ndonde se realiza:<\/strong><\/p>\n\n\n\n<p>Oficina de DIDECO de la\nIlustre Municipalidad de Alhu\u00e9 Pintor Onofre Jarpa #55 Fono 562 28319296\nHorarios de atenci\u00f3n: Lunes a Jueves: 8:30 a 13:00 y 14:00 a 17:30 Viernes 8:30\na 16:30<\/p>\n\n\n\n<p><strong>Correo\nElectr\u00f3nico.<\/strong><\/p>\n\n\n\n<p><a href=\"mailto:Dideco@comunaalhue.cl\">Dideco@comunaalhue.cl<\/a><\/p>\n","protected":false},"excerpt":{"rendered":"<p>Requisitos y antecedentes: &nbsp;Cedula de identidad. Ser Dirigente social de una organizaci\u00f3n social con personalidad jur\u00eddica. Contar con un grupo de 15 personas m\u00ednimo, de 18 a\u00f1os hacia arriba para constituir. Solicitar hora, d\u00eda con anticipaci\u00f3n en el departamento de DIDECO, con la encargada de Organizaciones Sociales. Tr\u00e1mites en l\u00ednea No tiene Tr\u00e1mites a realizar o etapas: Renovaci\u00f3n y constituci\u00f3n de organizaciones sociales. Asesor\u00eda en la elaboraci\u00f3n de proyectos sociales. Valor Gratuito Lugar donde se realiza: Oficina de DIDECO de la Ilustre Municipalidad de Alhu\u00e9 Pintor Onofre Jarpa #55 Fono&hellip;<\/p>\n","protected":false},"author":1,"featured_media":0,"parent":0,"menu_order":0,"comment_status":"closed","ping_status":"closed","template":"","meta":{"footnotes":""},"class_list":["post-11944","page","type-page","status-publish","hentry"],"_links":{"self":[{"href":"https:\/\/municipalidadalhue.cl\/portal\/wp-json\/wp\/v2\/pages\/11944","targetHints":{"allow":["GET"]}}],"collection":[{"href":"https:\/\/municipalidadalhue.cl\/portal\/wp-json\/wp\/v2\/pages"}],"about":[{"href":"https:\/\/municipalidadalhue.cl\/portal\/wp-json\/wp\/v2\/types\/page"}],"author":[{"embeddable":true,"href":"https:\/\/municipalidadalhue.cl\/portal\/wp-json\/wp\/v2\/users\/1"}],"replies":[{"embeddable":true,"href":"https:\/\/municipalidadalhue.cl\/portal\/wp-json\/wp\/v2\/comments?post=11944"}],"version-history":[{"count":0,"href":"https:\/\/municipalidadalhue.cl\/portal\/wp-json\/wp\/v2\/pages\/11944\/revisions"}],"wp:attachment":[{"href":"https:\/\/municipalidadalhue.cl\/portal\/wp-json\/wp\/v2\/media?parent=11944"}],"curies":[{"name":"wp","href":"https:\/\/api.w.org\/{rel}","templated":true}]}}