{"id":11946,"date":"2019-03-18T14:06:14","date_gmt":"2019-03-18T14:06:14","guid":{"rendered":"https:\/\/municipalidadalhue.cl\/portal\/?page_id=11946"},"modified":"2019-03-18T14:06:16","modified_gmt":"2019-03-18T14:06:16","slug":"credencial-de-discapacidad","status":"publish","type":"page","link":"https:\/\/municipalidadalhue.cl\/portal\/credencial-de-discapacidad\/","title":{"rendered":"CREDENCIAL DE DISCAPACIDAD"},"content":{"rendered":"\n<p><strong>Requisitos\ny antecedentes:<\/strong><\/p>\n\n\n\n<p>&nbsp;Documentos obligatorios; Pertenecer y tener\nresidencia en la comuna. Certificado de Residencia. Fotocopia de Carnet.\nCertificado de Nacimiento.<\/p>\n\n\n\n<p><strong>Tr\u00e1mites\nen l\u00ednea<\/strong><\/p>\n\n\n\n<p>No tiene<\/p>\n\n\n\n<p><strong>Tr\u00e1mites\na realizar o etapas:<\/strong><\/p>\n\n\n\n<p>Orientaci\u00f3n en cuanto a la\ncredencial de discapacidad y sus beneficios.<\/p>\n\n\n\n<p><strong>Valor<\/strong><\/p>\n\n\n\n<p>Gratuito<\/p>\n\n\n\n<p><strong>Lugar\ndonde se realiza:<\/strong><\/p>\n\n\n\n<p>Oficina de DIDECO de la\nIlustre Municipalidad de Alhu\u00e9 Pintor Onofre Jarpa #55 Fono 562 28319296\nHorarios de atenci\u00f3n: Lunes a Jueves: 8:30 a 13:00 y 14:00 a 17:30 Viernes 8:30\na 16:30 Encargada oficina BEATRIZ BRAVO LABRA\u00d1A<\/p>\n\n\n\n<p><strong>Correo\nElectr\u00f3nico.<\/strong><\/p>\n\n\n\n<p>Dideco@comunaalhue.cl<\/p>\n","protected":false},"excerpt":{"rendered":"<p>Requisitos y antecedentes: &nbsp;Documentos obligatorios; Pertenecer y tener residencia en la comuna. Certificado de Residencia. Fotocopia de Carnet. Certificado de Nacimiento. Tr\u00e1mites en l\u00ednea No tiene Tr\u00e1mites a realizar o etapas: Orientaci\u00f3n en cuanto a la credencial de discapacidad y sus beneficios. Valor Gratuito Lugar donde se realiza: Oficina de DIDECO de la Ilustre Municipalidad de Alhu\u00e9 Pintor Onofre Jarpa #55 Fono 562 28319296 Horarios de atenci\u00f3n: Lunes a Jueves: 8:30 a 13:00 y 14:00 a 17:30 Viernes 8:30 a 16:30 Encargada oficina BEATRIZ BRAVO LABRA\u00d1A Correo Electr\u00f3nico. Dideco@comunaalhue.cl<\/p>\n","protected":false},"author":1,"featured_media":0,"parent":0,"menu_order":0,"comment_status":"closed","ping_status":"closed","template":"","meta":{"footnotes":""},"class_list":["post-11946","page","type-page","status-publish","hentry"],"_links":{"self":[{"href":"https:\/\/municipalidadalhue.cl\/portal\/wp-json\/wp\/v2\/pages\/11946","targetHints":{"allow":["GET"]}}],"collection":[{"href":"https:\/\/municipalidadalhue.cl\/portal\/wp-json\/wp\/v2\/pages"}],"about":[{"href":"https:\/\/municipalidadalhue.cl\/portal\/wp-json\/wp\/v2\/types\/page"}],"author":[{"embeddable":true,"href":"https:\/\/municipalidadalhue.cl\/portal\/wp-json\/wp\/v2\/users\/1"}],"replies":[{"embeddable":true,"href":"https:\/\/municipalidadalhue.cl\/portal\/wp-json\/wp\/v2\/comments?post=11946"}],"version-history":[{"count":0,"href":"https:\/\/municipalidadalhue.cl\/portal\/wp-json\/wp\/v2\/pages\/11946\/revisions"}],"wp:attachment":[{"href":"https:\/\/municipalidadalhue.cl\/portal\/wp-json\/wp\/v2\/media?parent=11946"}],"curies":[{"name":"wp","href":"https:\/\/api.w.org\/{rel}","templated":true}]}}