{"id":11948,"date":"2019-03-18T14:07:03","date_gmt":"2019-03-18T14:07:03","guid":{"rendered":"https:\/\/municipalidadalhue.cl\/portal\/?page_id=11948"},"modified":"2019-03-18T14:07:05","modified_gmt":"2019-03-18T14:07:05","slug":"formulacion-de-proyectos","status":"publish","type":"page","link":"https:\/\/municipalidadalhue.cl\/portal\/formulacion-de-proyectos\/","title":{"rendered":"Formulaci\u00f3n de Proyectos"},"content":{"rendered":"\n<p><strong>Requisitos\ny antecedentes:<\/strong><\/p>\n\n\n\n<p>Se requiere personalidad\njur\u00eddica de entidad funcional o territorial, sin fines de lucro. Seg\u00fan ley\n19.418 Se requiere ser entidad deportiva con personalidad jur\u00eddica seg\u00fan ley\n19418. Se requiere tener antecedentes de vigencia al d\u00eda..<\/p>\n\n\n\n<p><strong>Tr\u00e1mites\nen l\u00ednea<\/strong><\/p>\n\n\n\n<p>No tiene<\/p>\n\n\n\n<p><strong>Tr\u00e1mites\na realizar o etapas:<\/strong><\/p>\n\n\n\n<p>Presentaci\u00f3n de proyectos\nsociales a distintas v\u00edas de financiamiento estatal.<\/p>\n\n\n\n<p><strong>Valor<\/strong><\/p>\n\n\n\n<p>Gratuito<\/p>\n\n\n\n<p><strong>Lugar\ndonde se realiza:<\/strong><\/p>\n\n\n\n<p>Oficina de DIDECO de la\nIlustre Municipalidad de Alhu\u00e9 Pintor Onofre Jarpa #55 Fono 562 28319296\nHorarios de atenci\u00f3n: Lunes a Jueves: 8:30 a 13:00 y 14:00 a 17:30 Viernes 8:30\na 16:30 Funcionario a cargo: GERARDO TIZNADO CANDIA <a href=\"mailto:gerardotiznadocandia@yahoo.es\">gerardotiznadocandia@yahoo.es<\/a><\/p>\n\n\n\n<p><strong>Correo\nElectr\u00f3nico.<\/strong><\/p>\n\n\n\n<p><a href=\"mailto:Dideco@comunaalhue.cl\">Dideco@comunaalhue.cl<\/a><\/p>\n","protected":false},"excerpt":{"rendered":"<p>Requisitos y antecedentes: Se requiere personalidad jur\u00eddica de entidad funcional o territorial, sin fines de lucro. Seg\u00fan ley 19.418 Se requiere ser entidad deportiva con personalidad jur\u00eddica seg\u00fan ley 19418. Se requiere tener antecedentes de vigencia al d\u00eda.. Tr\u00e1mites en l\u00ednea No tiene Tr\u00e1mites a realizar o etapas: Presentaci\u00f3n de proyectos sociales a distintas v\u00edas de financiamiento estatal. Valor Gratuito Lugar donde se realiza: Oficina de DIDECO de la Ilustre Municipalidad de Alhu\u00e9 Pintor Onofre Jarpa #55 Fono 562 28319296 Horarios de atenci\u00f3n: Lunes a Jueves: 8:30 a 13:00 y&hellip;<\/p>\n","protected":false},"author":1,"featured_media":0,"parent":0,"menu_order":0,"comment_status":"closed","ping_status":"closed","template":"","meta":{"footnotes":""},"class_list":["post-11948","page","type-page","status-publish","hentry"],"_links":{"self":[{"href":"https:\/\/municipalidadalhue.cl\/portal\/wp-json\/wp\/v2\/pages\/11948","targetHints":{"allow":["GET"]}}],"collection":[{"href":"https:\/\/municipalidadalhue.cl\/portal\/wp-json\/wp\/v2\/pages"}],"about":[{"href":"https:\/\/municipalidadalhue.cl\/portal\/wp-json\/wp\/v2\/types\/page"}],"author":[{"embeddable":true,"href":"https:\/\/municipalidadalhue.cl\/portal\/wp-json\/wp\/v2\/users\/1"}],"replies":[{"embeddable":true,"href":"https:\/\/municipalidadalhue.cl\/portal\/wp-json\/wp\/v2\/comments?post=11948"}],"version-history":[{"count":0,"href":"https:\/\/municipalidadalhue.cl\/portal\/wp-json\/wp\/v2\/pages\/11948\/revisions"}],"wp:attachment":[{"href":"https:\/\/municipalidadalhue.cl\/portal\/wp-json\/wp\/v2\/media?parent=11948"}],"curies":[{"name":"wp","href":"https:\/\/api.w.org\/{rel}","templated":true}]}}