{"id":11950,"date":"2019-03-18T14:07:40","date_gmt":"2019-03-18T14:07:40","guid":{"rendered":"https:\/\/municipalidadalhue.cl\/portal\/?page_id=11950"},"modified":"2019-03-18T14:07:42","modified_gmt":"2019-03-18T14:07:42","slug":"programa-chile-crece-contigo","status":"publish","type":"page","link":"https:\/\/municipalidadalhue.cl\/portal\/programa-chile-crece-contigo\/","title":{"rendered":"Programa Chile Crece Contigo"},"content":{"rendered":"\n<p><strong>Requisitos\ny antecedentes:<\/strong><\/p>\n\n\n\n<p>Controlarse en el servicio de\nsalud publico Realizar el primer control de embarazo Realizar control de Diada\n(10 D\u00edas)<\/p>\n\n\n\n<p><strong>Tr\u00e1mites\nen l\u00ednea<\/strong><\/p>\n\n\n\n<p>No tiene<\/p>\n\n\n\n<p><strong>Tr\u00e1mites\na realizar o etapas:<\/strong><\/p>\n\n\n\n<p>Acompa\u00f1ar, proteger y apoyar\nintegralmente el desarrollo de ni\u00f1os y ni\u00f1as a trav\u00e9s de acceso a servicios y\nprestaciones que atiendan sus necesidades desde la gestaci\u00f3n hasta cumple los 9\na\u00f1os de edad.<\/p>\n\n\n\n<p><strong>Valor<\/strong><\/p>\n\n\n\n<p>Gratuito<\/p>\n\n\n\n<p><strong>Lugar\ndonde se realiza:<\/strong><\/p>\n\n\n\n<p>Servicio de salud Publico\nCESFAM Villa Alhu\u00e9, CECOSF Hacienda Alhu\u00e9, EMR Pincha, Posta Pichi, Posta El\nAsiento y Jardines Infantiles. Oficina de DIDECO de la Ilustre Municipalidad de\nAlhu\u00e9 Pintor Onofre Jarpa #55 Fono 562 28319296 Horarios de atenci\u00f3n: Lunes a\nJueves: 8:30 a 13:00 y 14:00 a 17:30 Viernes 8:30 a 16:30<\/p>\n\n\n\n<p><strong>Correo\nElectr\u00f3nico.<\/strong><\/p>\n\n\n\n<p><a href=\"mailto:Dideco@comunaalhue.cl\">Dideco@comunaalhue.cl<\/a><\/p>\n","protected":false},"excerpt":{"rendered":"<p>Requisitos y antecedentes: Controlarse en el servicio de salud publico Realizar el primer control de embarazo Realizar control de Diada (10 D\u00edas) Tr\u00e1mites en l\u00ednea No tiene Tr\u00e1mites a realizar o etapas: Acompa\u00f1ar, proteger y apoyar integralmente el desarrollo de ni\u00f1os y ni\u00f1as a trav\u00e9s de acceso a servicios y prestaciones que atiendan sus necesidades desde la gestaci\u00f3n hasta cumple los 9 a\u00f1os de edad. Valor Gratuito Lugar donde se realiza: Servicio de salud Publico CESFAM Villa Alhu\u00e9, CECOSF Hacienda Alhu\u00e9, EMR Pincha, Posta Pichi, Posta El Asiento y Jardines&hellip;<\/p>\n","protected":false},"author":1,"featured_media":0,"parent":0,"menu_order":0,"comment_status":"closed","ping_status":"closed","template":"","meta":{"footnotes":""},"class_list":["post-11950","page","type-page","status-publish","hentry"],"_links":{"self":[{"href":"https:\/\/municipalidadalhue.cl\/portal\/wp-json\/wp\/v2\/pages\/11950","targetHints":{"allow":["GET"]}}],"collection":[{"href":"https:\/\/municipalidadalhue.cl\/portal\/wp-json\/wp\/v2\/pages"}],"about":[{"href":"https:\/\/municipalidadalhue.cl\/portal\/wp-json\/wp\/v2\/types\/page"}],"author":[{"embeddable":true,"href":"https:\/\/municipalidadalhue.cl\/portal\/wp-json\/wp\/v2\/users\/1"}],"replies":[{"embeddable":true,"href":"https:\/\/municipalidadalhue.cl\/portal\/wp-json\/wp\/v2\/comments?post=11950"}],"version-history":[{"count":0,"href":"https:\/\/municipalidadalhue.cl\/portal\/wp-json\/wp\/v2\/pages\/11950\/revisions"}],"wp:attachment":[{"href":"https:\/\/municipalidadalhue.cl\/portal\/wp-json\/wp\/v2\/media?parent=11950"}],"curies":[{"name":"wp","href":"https:\/\/api.w.org\/{rel}","templated":true}]}}