{"id":11952,"date":"2019-03-18T14:08:11","date_gmt":"2019-03-18T14:08:11","guid":{"rendered":"https:\/\/municipalidadalhue.cl\/portal\/?page_id=11952"},"modified":"2019-03-18T14:08:13","modified_gmt":"2019-03-18T14:08:13","slug":"programa-jefas-de-hogar","status":"publish","type":"page","link":"https:\/\/municipalidadalhue.cl\/portal\/programa-jefas-de-hogar\/","title":{"rendered":"Programa Jefas de Hogar"},"content":{"rendered":"\n<p><strong>Requisitos\ny antecedentes:<\/strong><\/p>\n\n\n\n<p>Tener entre 18 y 65 a\u00f1os.\nTener la Cartola de Registro Social de Hogares en la comuna sin importar el\npuntaje. Debe ser Jefa de Hogar o N\u00facleo. Debe estar trabajando, tener un\nemprendimiento o tener la idea de un emprendimiento.<\/p>\n\n\n\n<p><strong>Tr\u00e1mites\nen l\u00ednea<\/strong><\/p>\n\n\n\n<p>No tiene<\/p>\n\n\n\n<p><strong>Tr\u00e1mites\na realizar o etapas:<\/strong><\/p>\n\n\n\n<p>Traer Carn\u00e9 de Identidad.\nTraer Cartola de Registro Social de Hogares.<\/p>\n\n\n\n<p><strong>Valor<\/strong><\/p>\n\n\n\n<p>Gratuito<\/p>\n\n\n\n<p><strong>Lugar\ndonde se realiza:<\/strong><\/p>\n\n\n\n<p>Oficina Odel de Ilustre\nMunicipalidad de Alhu\u00e9 Pintor Onofre Jarpa #55 Fono 562 28319296 Horarios de\natenci\u00f3n: Lunes a Jueves: 8:30 a 13:00 y 14:00 a 17:30 Viernes 8:30 a 16:30<\/p>\n\n\n\n<p><strong>Correo\nElectr\u00f3nico.<\/strong><\/p>\n\n\n\n<p>odel@comunaalhue.cl<\/p>\n","protected":false},"excerpt":{"rendered":"<p>Requisitos y antecedentes: Tener entre 18 y 65 a\u00f1os. Tener la Cartola de Registro Social de Hogares en la comuna sin importar el puntaje. Debe ser Jefa de Hogar o N\u00facleo. Debe estar trabajando, tener un emprendimiento o tener la idea de un emprendimiento. Tr\u00e1mites en l\u00ednea No tiene Tr\u00e1mites a realizar o etapas: Traer Carn\u00e9 de Identidad. Traer Cartola de Registro Social de Hogares. Valor Gratuito Lugar donde se realiza: Oficina Odel de Ilustre Municipalidad de Alhu\u00e9 Pintor Onofre Jarpa #55 Fono 562 28319296 Horarios de atenci\u00f3n: Lunes a&hellip;<\/p>\n","protected":false},"author":1,"featured_media":0,"parent":0,"menu_order":0,"comment_status":"closed","ping_status":"closed","template":"","meta":{"footnotes":""},"class_list":["post-11952","page","type-page","status-publish","hentry"],"_links":{"self":[{"href":"https:\/\/municipalidadalhue.cl\/portal\/wp-json\/wp\/v2\/pages\/11952","targetHints":{"allow":["GET"]}}],"collection":[{"href":"https:\/\/municipalidadalhue.cl\/portal\/wp-json\/wp\/v2\/pages"}],"about":[{"href":"https:\/\/municipalidadalhue.cl\/portal\/wp-json\/wp\/v2\/types\/page"}],"author":[{"embeddable":true,"href":"https:\/\/municipalidadalhue.cl\/portal\/wp-json\/wp\/v2\/users\/1"}],"replies":[{"embeddable":true,"href":"https:\/\/municipalidadalhue.cl\/portal\/wp-json\/wp\/v2\/comments?post=11952"}],"version-history":[{"count":0,"href":"https:\/\/municipalidadalhue.cl\/portal\/wp-json\/wp\/v2\/pages\/11952\/revisions"}],"wp:attachment":[{"href":"https:\/\/municipalidadalhue.cl\/portal\/wp-json\/wp\/v2\/media?parent=11952"}],"curies":[{"name":"wp","href":"https:\/\/api.w.org\/{rel}","templated":true}]}}