{"id":11954,"date":"2019-03-18T14:09:09","date_gmt":"2019-03-18T14:09:09","guid":{"rendered":"https:\/\/municipalidadalhue.cl\/portal\/?page_id=11954"},"modified":"2019-03-18T14:09:11","modified_gmt":"2019-03-18T14:09:11","slug":"talleres-de-actividad-fisica-programa-promocion-de-salud","status":"publish","type":"page","link":"https:\/\/municipalidadalhue.cl\/portal\/talleres-de-actividad-fisica-programa-promocion-de-salud\/","title":{"rendered":"Talleres de actividad f\u00edsica programa Promoci\u00f3n de Salud"},"content":{"rendered":"\n<p><strong>Requisitos\ny antecedentes:<\/strong><\/p>\n\n\n\n<ol class=\"wp-block-list\"><li>Pertenecer y tener residencia en la comuna. <\/li><li>Ser mayor de 18 a\u00f1os. En caso de ser menor de\nedad debe presentar autorizaci\u00f3n firmada de sus padres y\/o apoderados<\/li><\/ol>\n\n\n\n<p><strong>Tr\u00e1mites\nen l\u00ednea<\/strong><\/p>\n\n\n\n<p>No tiene<\/p>\n\n\n\n<p><strong>Tr\u00e1mites\na realizar o etapas:<\/strong><\/p>\n\n\n\n<p>Realizar consultas en oficina\nde DIDECO de la Ilustre Municipalidad de Alhu\u00e9<\/p>\n\n\n\n<p><strong>Valor<\/strong><\/p>\n\n\n\n<p>Gratuito<\/p>\n\n\n\n<p><strong>Lugar\ndonde se realiza:<\/strong><\/p>\n\n\n\n<p>Oficina de DIDECO de la\nIlustre Municipalidad de Alhu\u00e9 Pintor Onofre Jarpa #55 Fono 562 28319296\nHorarios de atenci\u00f3n: Lunes a Jueves: 8:30 a 13:00 y 14:00 a 17:30 Viernes 8:30\na 16:30.<\/p>\n\n\n\n<p><strong>Correo\nElectr\u00f3nico.<\/strong><\/p>\n\n\n\n<p>Dideco@comunaalhue.cl<\/p>\n","protected":false},"excerpt":{"rendered":"<p>Requisitos y antecedentes: Pertenecer y tener residencia en la comuna. Ser mayor de 18 a\u00f1os. En caso de ser menor de edad debe presentar autorizaci\u00f3n firmada de sus padres y\/o apoderados Tr\u00e1mites en l\u00ednea No tiene Tr\u00e1mites a realizar o etapas: Realizar consultas en oficina de DIDECO de la Ilustre Municipalidad de Alhu\u00e9 Valor Gratuito Lugar donde se realiza: Oficina de DIDECO de la Ilustre Municipalidad de Alhu\u00e9 Pintor Onofre Jarpa #55 Fono 562 28319296 Horarios de atenci\u00f3n: Lunes a Jueves: 8:30 a 13:00 y 14:00 a 17:30 Viernes 8:30&hellip;<\/p>\n","protected":false},"author":1,"featured_media":0,"parent":0,"menu_order":0,"comment_status":"closed","ping_status":"closed","template":"","meta":{"footnotes":""},"class_list":["post-11954","page","type-page","status-publish","hentry"],"_links":{"self":[{"href":"https:\/\/municipalidadalhue.cl\/portal\/wp-json\/wp\/v2\/pages\/11954","targetHints":{"allow":["GET"]}}],"collection":[{"href":"https:\/\/municipalidadalhue.cl\/portal\/wp-json\/wp\/v2\/pages"}],"about":[{"href":"https:\/\/municipalidadalhue.cl\/portal\/wp-json\/wp\/v2\/types\/page"}],"author":[{"embeddable":true,"href":"https:\/\/municipalidadalhue.cl\/portal\/wp-json\/wp\/v2\/users\/1"}],"replies":[{"embeddable":true,"href":"https:\/\/municipalidadalhue.cl\/portal\/wp-json\/wp\/v2\/comments?post=11954"}],"version-history":[{"count":0,"href":"https:\/\/municipalidadalhue.cl\/portal\/wp-json\/wp\/v2\/pages\/11954\/revisions"}],"wp:attachment":[{"href":"https:\/\/municipalidadalhue.cl\/portal\/wp-json\/wp\/v2\/media?parent=11954"}],"curies":[{"name":"wp","href":"https:\/\/api.w.org\/{rel}","templated":true}]}}