{"id":12189,"date":"2019-05-28T16:11:57","date_gmt":"2019-05-28T16:11:57","guid":{"rendered":"https:\/\/municipalidadalhue.cl\/portal\/?page_id=12189"},"modified":"2022-05-03T14:54:34","modified_gmt":"2022-05-03T14:54:34","slug":"cuentas-publicas","status":"publish","type":"page","link":"https:\/\/municipalidadalhue.cl\/portal\/cuentas-publicas\/","title":{"rendered":"Cuentas P\u00fablicas"},"content":{"rendered":"\r\n<p>&nbsp;<\/p>\r\n\r\n\r\n\r\n<p>&nbsp;<\/p>\r\n\r\n\r\n\r\n<figure class=\"wp-block-table alignwide is-style-stripes\">\r\n<table class=\"has-fixed-layout\">\r\n<tbody>\r\n<tr>\r\n<td><strong>Cuenta P\u00fablica A\u00f1o 2006<\/strong><\/td>\r\n<td><a href=\"https:\/\/drive.google.com\/file\/d\/1fRE1GXs4E_CfqwX6yHFvmpue-7JYKtk9\/view?usp=sharing\" target=\"_blank\" rel=\"noreferrer noopener\" aria-label=\" (abre en una nueva pesta\u00f1a)\">Enlace<\/a><\/td>\r\n<\/tr>\r\n<tr>\r\n<td><strong>Cuenta P\u00fablica A\u00f1o 2007<\/strong><\/td>\r\n<td><a href=\"https:\/\/drive.google.com\/file\/d\/1bwlHpnqgGbKUVXVuTJSUqIwNo5VcHoVj\/view?usp=sharing\" target=\"_blank\" rel=\"noreferrer noopener\" aria-label=\" (abre en una nueva pesta\u00f1a)\">Enlace<\/a><\/td>\r\n<\/tr>\r\n<tr>\r\n<td><strong> Cuenta P\u00fablica A\u00f1o 2008<\/strong><\/td>\r\n<td><a href=\"https:\/\/drive.google.com\/file\/d\/1XLz54lXivoV9pjseH7NCkLWgFkg4QB2s\/view?usp=sharing\" target=\"_blank\" rel=\"noreferrer noopener\" aria-label=\"Enlace  (abre en una nueva pesta\u00f1a)\">Enlace <\/a><\/td>\r\n<\/tr>\r\n<tr>\r\n<td><strong> Cuenta P\u00fablica A\u00f1o 2009<\/strong><\/td>\r\n<td>\u00a0<\/td>\r\n<\/tr>\r\n<tr>\r\n<td><strong> Cuenta P\u00fablica A\u00f1o 2010 <\/strong><\/td>\r\n<td><a href=\"https:\/\/drive.google.com\/file\/d\/1DvubL_R_youj3YDG0JRqAGNGbkU8JMmT\/view?usp=sharing\" target=\"_blank\" rel=\"noreferrer noopener\" aria-label=\" (abre en una nueva pesta\u00f1a)\">Enlace<\/a><\/td>\r\n<\/tr>\r\n<tr>\r\n<td><strong>Cuenta P\u00fablica A\u00f1o 2011 <\/strong><\/td>\r\n<td>\u00a0<\/td>\r\n<\/tr>\r\n<tr>\r\n<td><strong>Cuenta P\u00fablica A\u00f1o 2012 <\/strong><\/td>\r\n<td>\u00a0<\/td>\r\n<\/tr>\r\n<tr>\r\n<td><strong>Cuenta P\u00fablica A\u00f1o 2013<\/strong><\/td>\r\n<td><a href=\"https:\/\/drive.google.com\/file\/d\/1joKJVzs5RuKkr1Ed3U00ahH9iywDy-9m\/view?usp=sharing\" target=\"_blank\" rel=\"noreferrer noopener\" aria-label=\"Enlace  (abre en una nueva pesta\u00f1a)\">Enlace <\/a><\/td>\r\n<\/tr>\r\n<tr>\r\n<td><strong> Cuenta P\u00fablica A\u00f1o 2014 <\/strong><\/td>\r\n<td>\u00a0<\/td>\r\n<\/tr>\r\n<tr>\r\n<td><strong>Cuenta P\u00fablica A\u00f1o 2015 <\/strong><\/td>\r\n<td><a href=\"https:\/\/drive.google.com\/file\/d\/1b0PXYGSrpoO2Iw6aaSgIeSunnikTUUYP\/view?usp=sharing\" target=\"_blank\" rel=\"noreferrer noopener\" aria-label=\" (abre en una nueva pesta\u00f1a)\">Enlace<\/a><\/td>\r\n<\/tr>\r\n<tr>\r\n<td><strong>Cuenta P\u00fablica A\u00f1o 2016 <\/strong><\/td>\r\n<td><a href=\"https:\/\/drive.google.com\/file\/d\/15nKPed1H8lUeYfdGd8NVHyXH7uEjH4jD\/view?usp=sharing\" target=\"_blank\" rel=\"noreferrer noopener\" aria-label=\" (abre en una nueva pesta\u00f1a)\">Enlace<\/a><\/td>\r\n<\/tr>\r\n<tr>\r\n<td><strong> Cuenta P\u00fablica A\u00f1o 2017 <\/strong><\/td>\r\n<td><a href=\"https:\/\/drive.google.com\/file\/d\/1y_wQk_ZPp4lVWVr6ljbeBA2V24s6cZVr\/view?usp=sharing\" target=\"_blank\" rel=\"noreferrer noopener\" aria-label=\"Enlace  (abre en una nueva pesta\u00f1a)\">Enlace <\/a><\/td>\r\n<\/tr>\r\n<tr>\r\n<td><strong>Cuenta P\u00fablica A\u00f1o 2018<\/strong><\/td>\r\n<td><a href=\"https:\/\/drive.google.com\/file\/d\/1Rts_YsaQd5rHIkOeHMITWFep9AmpZzsS\/view?usp=sharing\" target=\"_blank\" rel=\"noreferrer noopener\">Enlace<\/a><\/td>\r\n<\/tr>\r\n<tr>\r\n<td><strong>Cuenta P\u00fablica A\u00f1o 2019<\/strong><\/td>\r\n<td><a href=\"https:\/\/drive.google.com\/file\/d\/1eXVnspropX1_AGYlvU0MIW7nJNysrWZm\/view?usp=sharing\" target=\"_blank\" rel=\"noreferrer noopener\">Enlace<\/a><\/td>\r\n<\/tr>\r\n<tr>\r\n<td><strong>Cuenta P\u00fablica A\u00f1o 2020<\/strong><\/td>\r\n<td><a href=\"https:\/\/drive.google.com\/file\/d\/1uJfBdnzJJ5JjZVCZDIy2_tG_vMs8Di88\/view?usp=sharing\" target=\"_blank\" rel=\"noreferrer noopener\">Enlace<\/a><\/td>\r\n<\/tr>\r\n<tr>\r\n<td><strong>Cuenta P\u00fablica A\u00f1o 2021<\/strong><\/td>\r\n<td><a href=\"https:\/\/drive.google.com\/file\/d\/12gHglJkoClzSSWcNiuquqzkyaQbNI08U\/view?usp=sharing\">Enlace<\/a><\/td>\r\n<\/tr>\r\n<\/tbody>\r\n<\/table>\r\n<\/figure>\r\n\r\n\r\n","protected":false},"excerpt":{"rendered":"<p>&nbsp; &nbsp; Cuenta P\u00fablica A\u00f1o 2006 Enlace Cuenta P\u00fablica A\u00f1o 2007 Enlace Cuenta P\u00fablica A\u00f1o 2008 Enlace Cuenta P\u00fablica A\u00f1o 2009 \u00a0 Cuenta P\u00fablica A\u00f1o 2010 Enlace Cuenta P\u00fablica A\u00f1o 2011 \u00a0 Cuenta P\u00fablica A\u00f1o 2012 \u00a0 Cuenta P\u00fablica A\u00f1o 2013 Enlace Cuenta P\u00fablica A\u00f1o 2014 \u00a0 Cuenta P\u00fablica A\u00f1o 2015 Enlace Cuenta P\u00fablica A\u00f1o 2016 Enlace Cuenta P\u00fablica A\u00f1o 2017 Enlace Cuenta P\u00fablica A\u00f1o 2018 Enlace Cuenta P\u00fablica A\u00f1o 2019 Enlace Cuenta P\u00fablica A\u00f1o 2020 Enlace Cuenta P\u00fablica A\u00f1o 2021 Enlace<\/p>\n","protected":false},"author":1,"featured_media":0,"parent":0,"menu_order":0,"comment_status":"closed","ping_status":"closed","template":"","meta":{"footnotes":""},"class_list":["post-12189","page","type-page","status-publish","hentry"],"_links":{"self":[{"href":"https:\/\/municipalidadalhue.cl\/portal\/wp-json\/wp\/v2\/pages\/12189","targetHints":{"allow":["GET"]}}],"collection":[{"href":"https:\/\/municipalidadalhue.cl\/portal\/wp-json\/wp\/v2\/pages"}],"about":[{"href":"https:\/\/municipalidadalhue.cl\/portal\/wp-json\/wp\/v2\/types\/page"}],"author":[{"embeddable":true,"href":"https:\/\/municipalidadalhue.cl\/portal\/wp-json\/wp\/v2\/users\/1"}],"replies":[{"embeddable":true,"href":"https:\/\/municipalidadalhue.cl\/portal\/wp-json\/wp\/v2\/comments?post=12189"}],"version-history":[{"count":0,"href":"https:\/\/municipalidadalhue.cl\/portal\/wp-json\/wp\/v2\/pages\/12189\/revisions"}],"wp:attachment":[{"href":"https:\/\/municipalidadalhue.cl\/portal\/wp-json\/wp\/v2\/media?parent=12189"}],"curies":[{"name":"wp","href":"https:\/\/api.w.org\/{rel}","templated":true}]}}