{"id":13078,"date":"2020-01-09T19:56:04","date_gmt":"2020-01-09T19:56:04","guid":{"rendered":"https:\/\/municipalidadalhue.cl\/portal\/?page_id=13078"},"modified":"2025-06-09T13:15:55","modified_gmt":"2025-06-09T13:15:55","slug":"contactos-2","status":"publish","type":"page","link":"https:\/\/municipalidadalhue.cl\/portal\/contactos-2\/","title":{"rendered":"Fonos de utilidad p\u00fablica"},"content":{"rendered":"\r\n<h2><strong>RED MUNICIPAL<\/strong><\/h2>\r\n<p>\r\n\r\n<\/p>\r\n<ul>\r\n<li><strong>Ilustre Municipalidad de Alhu\u00e9<\/strong><\/li>\r\n<\/ul>\r\n<p>\r\n\r\n<\/p>\r\n<p>+569 7764 6500<\/p>\r\n<ul>\r\n<li><strong>Departamento de Educaci\u00f3n<\/strong><\/li>\r\n<\/ul>\r\n<p>+569 7764 6547<\/p>\r\n<ul>\r\n<li><strong>Departamento de Salud<\/strong><\/li>\r\n<\/ul>\r\n<p>\r\n\r\n<\/p>\r\n<p>(2) 2612 5203<\/p>\r\n<p>(2) 2612 5201<\/p>\r\n<ul>\r\n<li><strong>Direcci\u00f3n de Finanzas<\/strong><\/li>\r\n<\/ul>\r\n<p>\r\n\r\n<\/p>\r\n<p>+569 7764 6538<\/p>\r\n<ul>\r\n<li><strong>Pago Permisos de Circulaci\u00f3n<\/strong><\/li>\r\n<\/ul>\r\n<p>\r\n\r\n<\/p>\r\n<p>+569 4006 2710<\/p>\r\n<p>+569 4858 6456<\/p>\r\n<p>+569 4470 9287<\/p>\r\n<p>+569 5202 9220<\/p>\r\n<p>encargadapcv@comunaalhue.cl<\/p>\r\n<p>permisosdecirculacion@comunaalhue.cl<\/p>\r\n<ul>\r\n<li><strong>Secretar\u00eda Comunal de Planificaci\u00f3n y Coordinaci\u00f3n (SECPLAC)<\/strong><\/li>\r\n<\/ul>\r\n<p>+569 844 98307<\/p>\r\n<ul>\r\n<li><strong>Direcci\u00f3n de Obras Municipal<\/strong><\/li>\r\n<\/ul>\r\n<p>+569 7764 6518<\/p>\r\n<ul>\r\n<li><strong>Departamento de Transparencia Municipal<\/strong><\/li>\r\n<\/ul>\r\n<p>+569 6617 3452<\/p>\r\n<ul>\r\n<li><strong>Direcci\u00f3n de Desarrollo Comunitario (DIDECO)<\/strong><\/li>\r\n<\/ul>\r\n<p>+569 7764 6532<\/p>\r\n<ul>\r\n<li><strong>Oficina Social<\/strong><\/li>\r\n<\/ul>\r\n<p>+569 6617 2778<\/p>\r\n<ul>\r\n<li><strong>Oficina Medio Ambiente<\/strong><\/li>\r\n<\/ul>\r\n<p>+569 +56 9 7764 6508<\/p>\r\n<ul>\r\n<li><strong>Oficina de Desarrollo Econ\u00f3mico Local (ODEL)\u00a0<\/strong><\/li>\r\n<\/ul>\r\n<p>+569 7764 6540<\/p>\r\n<ul>\r\n<li><strong>Oficina Municipal de Informaci\u00f3n Laboral (OMIL)\u00a0 \u00a0<\/strong><\/li>\r\n<\/ul>\r\n<p>+569 3922 3643<\/p>\r\n<ul>\r\n<li><strong>Direcci\u00f3n de Seguridad<\/strong><\/li>\r\n<\/ul>\r\n<p>+569 4042 4739<\/p>\r\n<ul>\r\n<li><strong>Centro de Atenci\u00f3n a la Familia\u00a0<\/strong><\/li>\r\n<\/ul>\r\n<p>+569 6617 3361<\/p>\r\n<ul>\r\n<li><strong>Oficina Local de la Ni\u00f1ez<\/strong><\/li>\r\n<\/ul>\r\n<p>+569 6617 0844<\/p>\r\n<ul>\r\n<li><strong>Transporte Municipal<\/strong><\/li>\r\n<\/ul>\r\n<p>+569 3922 3649<\/p>\r\n<ul>\r\n<li><strong>Aseo, Ornato y Emergencias Municipal<\/strong><\/li>\r\n<\/ul>\r\n<p><span style=\"font-weight: 400;\">+569 7764 6502<\/span><\/p>\r\n<ul>\r\n<li><b>PRODESAL (Programa de Desarrollo Local)<\/b><\/li>\r\n<\/ul>\r\n<p>+569 7764 6545<\/p>\r\n<ul>\r\n<li><strong>Centro Veterinario de Atenci\u00f3n Primaria<\/strong><\/li>\r\n<\/ul>\r\n<p>+569 8449 8388<\/p>\r\n<h2><strong>RED DE EDUCACI\u00d3N<\/strong><\/h2>\r\n<p>\r\n\r\n<\/p>\r\n\r\n\r\n\r\n<ul class=\"wp-block-list\">\r\n<li><strong>Liceo Sara Troncoso T.\u00a0 \u00a0 \u00a0 \u00a0 \u00a0 \u00a0 \u00a0\u00a0<\/strong><\/li>\r\n<\/ul>\r\n\r\n\r\n\r\n<p>+569 7764 6520<\/p>\r\n<p>liceost@educacionalhue.cl<\/p>\r\n\r\n\r\n\r\n<ul class=\"wp-block-list\">\r\n<li><strong>Escuela San Alfonso\u00a0 \u00a0 \u00a0 \u00a0 \u00a0 \u00a0 \u00a0\u00a0<\/strong><\/li>\r\n<\/ul>\r\n<p>\r\n\r\n<\/p>\r\n<p>+569 9783 9559<\/p>\r\n<p>sanalfonso@educacionalhue.cl<\/p>\r\n<p>\r\n\r\n<\/p>\r\n<ul class=\"wp-block-list\">\r\n<li><strong>Escuela Hacienda Alhu\u00e9\u00a0 \u00a0 \u00a0 \u00a0 \u00a0 \u00a0 \u00a0\u00a0<\/strong><\/li>\r\n<\/ul>\r\n<p>\r\n\r\n<\/p>\r\n<p>+569 7764 6524<\/p>\r\n<p>escuelahacienda@educacionalhue.cl<\/p>\r\n<p>\r\n\r\n<\/p>\r\n<ul class=\"wp-block-list\">\r\n<li><strong>Escuela El Asiento<\/strong><\/li>\r\n<\/ul>\r\n<p>\r\n\r\n<\/p>\r\n<p>+569 7764 6492<\/p>\r\n<p>escuelaelasiento@educacionalhue.cl<\/p>\r\n<p>\r\n\r\n<\/p>\r\n<ul class=\"wp-block-list\">\r\n<li><strong>Escuela Barrancas de Pichi\u00a0 \u00a0 \u00a0 \u00a0 \u00a0 \u00a0\u00a0<\/strong><\/li>\r\n<\/ul>\r\n<p>\r\n\r\n<\/p>\r\n<p>+569 7764 6528<\/p>\r\n<p>\r\n\r\n<\/p>\r\n<p>escuelapichi@educacionalhue.cl<\/p>\r\n\r\n\r\n\r\n\r\n\r\n\r\n\r\n<h2><strong>RED DE SALUD COMUNAL<\/strong><\/h2>\r\n\r\n\r\n\r\n<ul class=\"wp-block-list\">\r\n<li><strong>Centro de Salud Familiar (CESFAM) de Villa Alhu\u00e9 &#8211; SOME (Servicio de\u00a0<b>Orientaci\u00f3n M\u00e9dica Estad\u00edstica)<\/b><\/strong><\/li>\r\n<\/ul>\r\n\r\n\r\n\r\n<p>+569 8449 9065<\/p>\r\n\r\n\r\n\r\n<p>+569 4227 3176<\/p>\r\n\r\n\r\n\r\n<ul class=\"wp-block-list\">\r\n<li><strong>Servicio de Urgencias\u00a0<\/strong><\/li>\r\n<\/ul>\r\n\r\n\r\n\r\n\r\n\r\n<p>+569 4227 3174<\/p>\r\n<p>(2) 2612 5220<\/p>\r\n<ul>\r\n<li><strong>Centro Comunitario de Salud Familiar (CECOSF) de Hacienda Alhu\u00e9<\/strong><\/li>\r\n<\/ul>\r\n<p>\r\n\r\n<\/p>\r\n<p>+569 6457 3198<\/p>\r\n<ul>\r\n<li><strong>Posta de Salud Rural El Asiento<\/strong><\/li>\r\n<\/ul>\r\n<p>\r\n\r\n<\/p>\r\n<p>+569 4227 3172<\/p>\r\n<p>\r\n\r\n<\/p>\r\n<ul class=\"wp-block-list\">\r\n<li><strong>Posta de Salud Rural Pichi<\/strong><\/li>\r\n<\/ul>\r\n<p>\r\n\r\n<\/p>\r\n<p>+569 4227 3169<\/p>\r\n\r\n\r\n\r\n\r\n\r\n<ul class=\"wp-block-list\">\r\n<li><strong>Estaci\u00f3n M\u00e9dico Rural Poblaci\u00f3n Ignacio Carrera Pinto<\/strong><\/li>\r\n<\/ul>\r\n\r\n\r\n\r\n<p>+569 4227 3173<\/p>\r\n\r\n\r\n\r\n\r\n\r\n\r\n\r\n<ul class=\"wp-block-list\">\r\n<li><strong>Estaci\u00f3n M\u00e9dico Rural Hijuelas de Pincha<\/strong><\/li>\r\n<\/ul>\r\n\r\n\r\n\r\n<p>+569 4706 5619<\/p>\r\n<ul>\r\n<li><strong>Estaci\u00f3n M\u00e9dico Rural Talam\u00ed<\/strong><\/li>\r\n<\/ul>\r\n<p>\r\n\r\n<\/p>\r\n<p>+569 4413 8063<\/p>\r\n\r\n\r\n\r\n<ul class=\"wp-block-list\">\r\n<li><strong>Centro Comunitario de Rehabilitaci\u00f3n (CCR)<\/strong><\/li>\r\n<\/ul>\r\n\r\n\r\n\r\n<p>\u200e+569 4047 8438<\/p>\r\n<h2><strong>RED P\u00daBLICA<\/strong><\/h2>\r\n<ul>\r\n<li><strong>Central Cuerpo de Bomberos de Alhu\u00e9\u00a0 \u00a0 \u00a0 \u00a0 \u00a0 \u00a0 \u00a0 \u00a0 \u00a0<\/strong><\/li>\r\n<\/ul>\r\n<p>\r\n\r\n<\/p>\r\n<p>+569 6604 2016<\/p>\r\n<p>+569 2064 2494<\/p>\r\n<p>\r\n\r\n<\/p>\r\n<ul class=\"wp-block-list\">\r\n<li><strong>Carabineros<\/strong><\/li>\r\n<\/ul>\r\n<p>\r\n\r\n\r\n\r\n<\/p>\r\n<p>(2) 2922 4418<\/p>\r\n<p>\r\n\r\n<\/p>\r\n<ul class=\"wp-block-list\">\r\n<li><strong>Plan Cuadrante de Carabineros<\/strong><\/li>\r\n<\/ul>\r\n<p>\r\n\r\n<\/p>\r\n<p>+56 9 8428 9068<\/p>\r\n<p>\r\n\r\n<\/p>\r\n<ul class=\"wp-block-list\">\r\n<li><strong>Juzgado de Polic\u00eda Local<\/strong><\/li>\r\n<\/ul>\r\n<p>\r\n\r\n<\/p>\r\n<p>+569 6617 3126<\/p>\r\n<p>\r\n\r\n<\/p>\r\n<ul class=\"wp-block-list\">\r\n<li><strong>Registro Civil<\/strong><\/li>\r\n<\/ul>\r\n<p>\r\n\r\n<\/p>\r\n<p>(2) 2611 5122<\/p>\r\n\r\n\r\n","protected":false},"excerpt":{"rendered":"<p>RED MUNICIPAL Ilustre Municipalidad de Alhu\u00e9 +569 7764 6500 Departamento de Educaci\u00f3n +569 7764 6547 Departamento de Salud (2) 2612 5203 (2) 2612 5201 Direcci\u00f3n de Finanzas +569 7764 6538 Pago Permisos de Circulaci\u00f3n +569 4006 2710 +569 4858 6456 +569 4470 9287 +569 5202 9220 encargadapcv@comunaalhue.cl permisosdecirculacion@comunaalhue.cl Secretar\u00eda Comunal de Planificaci\u00f3n y Coordinaci\u00f3n (SECPLAC) +569 844 98307 Direcci\u00f3n de Obras Municipal +569 7764 6518 Departamento de Transparencia Municipal +569 6617 3452 Direcci\u00f3n de Desarrollo Comunitario (DIDECO) +569 7764 6532 Oficina Social +569 6617 2778 Oficina Medio Ambiente +569 +56&hellip;<\/p>\n","protected":false},"author":1,"featured_media":0,"parent":0,"menu_order":0,"comment_status":"closed","ping_status":"closed","template":"","meta":{"footnotes":""},"class_list":["post-13078","page","type-page","status-publish","hentry"],"_links":{"self":[{"href":"https:\/\/municipalidadalhue.cl\/portal\/wp-json\/wp\/v2\/pages\/13078","targetHints":{"allow":["GET"]}}],"collection":[{"href":"https:\/\/municipalidadalhue.cl\/portal\/wp-json\/wp\/v2\/pages"}],"about":[{"href":"https:\/\/municipalidadalhue.cl\/portal\/wp-json\/wp\/v2\/types\/page"}],"author":[{"embeddable":true,"href":"https:\/\/municipalidadalhue.cl\/portal\/wp-json\/wp\/v2\/users\/1"}],"replies":[{"embeddable":true,"href":"https:\/\/municipalidadalhue.cl\/portal\/wp-json\/wp\/v2\/comments?post=13078"}],"version-history":[{"count":27,"href":"https:\/\/municipalidadalhue.cl\/portal\/wp-json\/wp\/v2\/pages\/13078\/revisions"}],"predecessor-version":[{"id":19380,"href":"https:\/\/municipalidadalhue.cl\/portal\/wp-json\/wp\/v2\/pages\/13078\/revisions\/19380"}],"wp:attachment":[{"href":"https:\/\/municipalidadalhue.cl\/portal\/wp-json\/wp\/v2\/media?parent=13078"}],"curies":[{"name":"wp","href":"https:\/\/api.w.org\/{rel}","templated":true}]}}