{"id":13661,"date":"2020-05-04T15:37:40","date_gmt":"2020-05-04T15:37:40","guid":{"rendered":"https:\/\/municipalidadalhue.cl\/portal\/?page_id=13661"},"modified":"2024-12-04T19:58:24","modified_gmt":"2024-12-04T19:58:24","slug":"transparencia-2","status":"publish","type":"page","link":"https:\/\/municipalidadalhue.cl\/portal\/transparencia-2\/","title":{"rendered":"Transparencia Municipal"},"content":{"rendered":"\r\n<p><strong>OBJETIVO GENERAL:<\/strong><\/p>\r\n\r\n\r\n\r\n<p>El principal objetivo del Departamento es Transparentar la informaci\u00f3n de la I Municipalidad de Alhu\u00e9, dando cumplimiento al acceso a la informaci\u00f3n p\u00fablica regulada en la Ley 20.285 promoviendo un sistema estatal m\u00e1s cercano, generando nuevos espacios para la participaci\u00f3n y mejorando las exigencias de rendici\u00f3n de cuentas de la gesti\u00f3n p\u00fablica.<\/p>\r\n\r\n\r\n\r\n<p><strong>FUNCIONES:<\/strong><\/p>\r\n\r\n\r\n\r\n<p>\u2022 Coordinar todo el proceso de Solicitudes de Informaci\u00f3n ingresadas al municipio, desde su ingreso hasta la firma de la respuesta por parte de la autoridad y su posterior despacho, de acuerdo a lo solicitado por el requirente.<\/p>\r\n\r\n\r\n\r\n<p>\u2022 Coordinar la labor de Transparencia en todo el municipio, supervigilando a encargados de TA, SAI y GD. Informando peri\u00f3dicamente de su gesti\u00f3n al Alcalde\/sa.<\/p>\r\n\r\n\r\n\r\n<p>\u2022 Precisar las funciones de los funcionarios de las oficinas que reciban solicitudes de acceso, en especial, Oficina de Partes y las Oficinas de Informaciones, Reclamos y Sugerencias.<\/p>\r\n\r\n\r\n\r\n<p>\u2022 Determinar el responsable del sistema en l\u00ednea de recepci\u00f3n de solicitudes y, de ser procedente, del sistema inform\u00e1tico de acceso a la informaci\u00f3n.<\/p>\r\n\r\n\r\n\r\n<p>\u2022 Definir a los funcionarios responsables de tramitar el procedimiento administrativo de acceso a la informaci\u00f3n y las funciones y atribuciones puntuales que tendr\u00e1 para cumplir cada uno.<\/p>\r\n\r\n\r\n\r\n<p>\u2022 Instruir (por s\u00ed o por intermedio de la autoridad) a todos los funcionarios municipales sobre la necesidad de apoyar y otorgar celeridad a los requerimientos que el o los responsables del procedimiento de acceso a la informaci\u00f3n les formule con ocasi\u00f3n de una solicitud o, en general, para mejorar el procedimiento.<\/p>\r\n\r\n\r\n\r\n<p>\u2022 Hacer menci\u00f3n expresa a la responsabilidad de llevar un expediente administrativo por cada solicitud y el tratamiento documental del mismo.<\/p>\r\n\r\n\r\n\r\n<p>\u2022 Disponer las delegaciones de firma correspondientes, en funci\u00f3n a cada una de las etapas definidas.<\/p>\r\n\r\n\r\n\r\n<p>\u2022 Establecer la forma de hacerse cargo de las observaciones formuladas en los procesos de fiscalizaci\u00f3n del Consejo para la Transparencia y en las decisiones de amparos.<\/p>\r\n\r\n\r\n\r\n<p>\u2022 Coordinar la labor de TA en el municipio, velando por que todo el proceso en tiempos, formas y calidad de la informaci\u00f3n a publicar, se haga de acuerdo al Reglamento Interno de Transparencia.<\/p>\r\n\r\n\r\n\r\n<p>\u2022 Recopilar la informaci\u00f3n de las distintas unidades generadoras y agruparla en funci\u00f3n de las categor\u00edas que establece la Ley de Transparencia.<\/p>\r\n\r\n\r\n\r\n<p><br \/>\u2022 Entregar la informaci\u00f3n al publicador para ser subida al portal municipal y supervisar que esta se publique antes del d\u00eda 10 del mes.<\/p>\r\n\r\n\r\n\r\n<p><strong>AVANCES Y DESAF\u00cdOS DE LAS \u00c1REAS DE ACCI\u00d3N, \u00c1MBITO Y PROCESOS INVOLUCRADOS:<\/strong><\/p>\r\n\r\n\r\n\r\n<p><br \/>Durante el a\u00f1o 2019, el Departamento dio cumplimiento a lo exigido por el Consejo para la Transparencia, no siendo observado a la fecha de incumplimientos y \/o debilidades.<\/p>\r\n\r\n\r\n\r\n<p><br \/><strong>\u00c1REAS CON DEBILIDADES Y LAS SOLUCIONES QUE HAN IMPLEMENTADO:<\/strong><\/p>\r\n\r\n\r\n\r\n<p><br \/>Dentro del cumplimiento de las obligaciones est\u00e1 el aclarar dudas y\/ o sugerencia a las \u00e1reas cuando presentan dificultades para responder, las cuales se realizan en conjunto para ser resueltas.<\/p>\r\n\r\n\r\n\r\n<p><br \/><strong>PROGRAMAS Y PROYECTOS QUE SE EST\u00c1N DESARROLLANDO, SUS OBJETIVOS Y AVANCES:<\/strong><\/p>\r\n\r\n\r\n\r\n<p><br \/>El cumplimiento al Acceso a la informaci\u00f3n es permanente, de acuerdo a lo regulado por la ley 20.285, por lo tanto los programas se cumplen de acuerdo a lo establecido.<\/p>\r\n\r\n\r\n\r\n<p><strong>FUNCIONARIOS:<\/strong><\/p>\r\n\r\n\r\n\r\n<p>&nbsp;<\/p>\r\n\r\n\r\n\r\n<figure class=\"wp-block-table aligncenter is-style-stripes\">\r\n<table>\r\n<tbody>\r\n<tr>\r\n<td><strong>Directora :<\/strong><\/td>\r\n<td><strong>Yohana Guzm\u00e1n Soto<\/strong><\/td>\r\n<td><strong>Transparencia@comunaalhue.cl<\/strong><\/td>\r\n<\/tr>\r\n<tr>\r\n<td>\u00a0<\/td>\r\n<td>\u00a0<\/td>\r\n<td>\u00a0<\/td>\r\n<\/tr>\r\n<tr>\r\n<td><strong>Apoyo Informativo <\/strong><\/td>\r\n<td><strong>Vicente Palacio<\/strong><\/td>\r\n<td><strong>Transparencia.activa@comunaalhue.cl<\/strong><\/td>\r\n<\/tr>\r\n<tr>\r\n<td><strong>Tel\u00e9fono:<\/strong><\/td>\r\n<td><strong>+56966173452<\/strong><\/td>\r\n<td>\u00a0<\/td>\r\n<\/tr>\r\n<\/tbody>\r\n<\/table>\r\n<\/figure>\r\n","protected":false},"excerpt":{"rendered":"<p>OBJETIVO GENERAL: El principal objetivo del Departamento es Transparentar la informaci\u00f3n de la I Municipalidad de Alhu\u00e9, dando cumplimiento al acceso a la informaci\u00f3n p\u00fablica regulada en la Ley 20.285 promoviendo un sistema estatal m\u00e1s cercano, generando nuevos espacios para la participaci\u00f3n y mejorando las exigencias de rendici\u00f3n de cuentas de la gesti\u00f3n p\u00fablica. FUNCIONES: \u2022 Coordinar todo el proceso de Solicitudes de Informaci\u00f3n ingresadas al municipio, desde su ingreso hasta la firma de la respuesta por parte de la autoridad y su posterior despacho, de acuerdo a lo solicitado&hellip;<\/p>\n","protected":false},"author":1,"featured_media":0,"parent":0,"menu_order":0,"comment_status":"closed","ping_status":"closed","template":"","meta":{"footnotes":""},"class_list":["post-13661","page","type-page","status-publish","hentry"],"_links":{"self":[{"href":"https:\/\/municipalidadalhue.cl\/portal\/wp-json\/wp\/v2\/pages\/13661","targetHints":{"allow":["GET"]}}],"collection":[{"href":"https:\/\/municipalidadalhue.cl\/portal\/wp-json\/wp\/v2\/pages"}],"about":[{"href":"https:\/\/municipalidadalhue.cl\/portal\/wp-json\/wp\/v2\/types\/page"}],"author":[{"embeddable":true,"href":"https:\/\/municipalidadalhue.cl\/portal\/wp-json\/wp\/v2\/users\/1"}],"replies":[{"embeddable":true,"href":"https:\/\/municipalidadalhue.cl\/portal\/wp-json\/wp\/v2\/comments?post=13661"}],"version-history":[{"count":1,"href":"https:\/\/municipalidadalhue.cl\/portal\/wp-json\/wp\/v2\/pages\/13661\/revisions"}],"predecessor-version":[{"id":18704,"href":"https:\/\/municipalidadalhue.cl\/portal\/wp-json\/wp\/v2\/pages\/13661\/revisions\/18704"}],"wp:attachment":[{"href":"https:\/\/municipalidadalhue.cl\/portal\/wp-json\/wp\/v2\/media?parent=13661"}],"curies":[{"name":"wp","href":"https:\/\/api.w.org\/{rel}","templated":true}]}}