{"id":13902,"date":"2020-06-17T04:39:19","date_gmt":"2020-06-17T04:39:19","guid":{"rendered":"https:\/\/municipalidadalhue.cl\/portal\/?page_id=13902"},"modified":"2020-06-17T04:41:12","modified_gmt":"2020-06-17T04:41:12","slug":"aporte-previsional-solidario-de-vejez","status":"publish","type":"page","link":"https:\/\/municipalidadalhue.cl\/portal\/aporte-previsional-solidario-de-vejez\/","title":{"rendered":"Aporte Previsional Solidario de Vejez"},"content":{"rendered":"\n<p><strong>Requisitos y antecedentes:<\/strong><\/p>\n\n\n\n<ul class=\"wp-block-list\"><li>Tener 65 a\u00f1os al momento de la solicitud.<\/li><li>Integrar un hogar calificado dentro del 60% de menores ingresos o mayor vulnerabilidad socioecon\u00f3mica.<\/li><\/ul>\n\n\n\n<p><\/p>\n\n\n\n<p>\u201c<strong>Tr\u00e1mites en l\u00ednea<\/strong><\/p>\n\n\n\n<p>No tiene<\/p>\n\n\n\n<p><strong>Tr\u00e1mites a realizar o etapas:<\/strong><\/p>\n\n\n\n<p>Dirigirse a la Ilustre Municipalidad de Alhu\u00e9, Depto Social.<\/p>\n\n\n\n<p><strong>Valor<\/strong><\/p>\n\n\n\n<p>Gratuito<\/p>\n\n\n\n<p><strong>Lugar donde se realiza:<\/strong><\/p>\n\n\n\n<p>Departamento Social<\/p>\n\n\n\n<p><strong>Informaci\u00f3n complementaria<\/strong><\/p>\n\n\n\n<p>correo electronico<\/p>\n\n\n\n<p>secretariasocial@comunaalhue.cl<\/p>\n\n\n\n<p>social@comunaalhue.cl<\/p>\n\n\n\n<p>HORARIO Lunes a y Viernes 8:30 a 13:00 \u2013 14: 00 a 17:30.&nbsp;<\/p>\n\n\n\n<p>FONO 977646534<\/p>\n","protected":false},"excerpt":{"rendered":"<p>Requisitos y antecedentes: Tener 65 a\u00f1os al momento de la solicitud. Integrar un hogar calificado dentro del 60% de menores ingresos o mayor vulnerabilidad socioecon\u00f3mica. \u201cTr\u00e1mites en l\u00ednea No tiene Tr\u00e1mites a realizar o etapas: Dirigirse a la Ilustre Municipalidad de Alhu\u00e9, Depto Social. Valor Gratuito Lugar donde se realiza: Departamento Social Informaci\u00f3n complementaria correo electronico secretariasocial@comunaalhue.cl social@comunaalhue.cl HORARIO Lunes a y Viernes 8:30 a 13:00 \u2013 14: 00 a 17:30.&nbsp; FONO 977646534<\/p>\n","protected":false},"author":1,"featured_media":0,"parent":0,"menu_order":0,"comment_status":"closed","ping_status":"closed","template":"","meta":{"footnotes":""},"class_list":["post-13902","page","type-page","status-publish","hentry"],"_links":{"self":[{"href":"https:\/\/municipalidadalhue.cl\/portal\/wp-json\/wp\/v2\/pages\/13902","targetHints":{"allow":["GET"]}}],"collection":[{"href":"https:\/\/municipalidadalhue.cl\/portal\/wp-json\/wp\/v2\/pages"}],"about":[{"href":"https:\/\/municipalidadalhue.cl\/portal\/wp-json\/wp\/v2\/types\/page"}],"author":[{"embeddable":true,"href":"https:\/\/municipalidadalhue.cl\/portal\/wp-json\/wp\/v2\/users\/1"}],"replies":[{"embeddable":true,"href":"https:\/\/municipalidadalhue.cl\/portal\/wp-json\/wp\/v2\/comments?post=13902"}],"version-history":[{"count":0,"href":"https:\/\/municipalidadalhue.cl\/portal\/wp-json\/wp\/v2\/pages\/13902\/revisions"}],"wp:attachment":[{"href":"https:\/\/municipalidadalhue.cl\/portal\/wp-json\/wp\/v2\/media?parent=13902"}],"curies":[{"name":"wp","href":"https:\/\/api.w.org\/{rel}","templated":true}]}}