{"id":14079,"date":"2020-07-15T04:13:33","date_gmt":"2020-07-15T04:13:33","guid":{"rendered":"https:\/\/municipalidadalhue.cl\/portal\/?page_id=14079"},"modified":"2020-07-15T04:30:53","modified_gmt":"2020-07-15T04:30:53","slug":"beca-municipal","status":"publish","type":"page","link":"https:\/\/municipalidadalhue.cl\/portal\/beca-municipal\/","title":{"rendered":"Beca Municipal"},"content":{"rendered":"\n<p><strong><br>Requisitos y antecedentes:<\/strong><\/p>\n\n\n\n<p>-Abril Mayo primera cuota y durante Septiembre Octubre, se postula a la segunda cuota.<\/p>\n\n\n\n<p>Tener hasta 24 a\u00f1os.<\/p>\n\n\n\n<p>&#8211; Entre 25 y 28 a\u00f1os, deber\u00e1n pertenecer hasta el 60% de vulnerabilidad, seg\u00fan RSH (Registro Social de Hogares).<\/p>\n\n\n\n<p>&#8211; Estar matriculado en una Instituci\u00f3n de Educaci\u00f3n Superior reconocida por el Estado, ya sea Universidad, Instituto Profesional o Centro de Formaci\u00f3n T\u00e9cnica y\/o Fuerza Armada.<\/p>\n\n\n\n<p>&#8211; No se otorgar\u00e1 la Beca Municipal de Educaci\u00f3n, a alumnos que se perfeccionen con Pos t\u00edtulos y\/o Postgrados<\/p>\n\n\n\n<p>\u00ab<strong>Tr\u00e1mites en l\u00ednea<\/strong><\/p>\n\n\n\n<p>Social@educacionalhue.cl<\/p>\n\n\n\n<p><strong>Tr\u00e1mites a realizar o etapas:<\/strong><\/p>\n\n\n\n<p>Enviar v\u00eda correo electr\u00f3nico de forma presencial la documentaci\u00f3n requerida seg\u00fan reglamento durante los meses que dure el proceso de postulaci\u00f3n.<\/p>\n\n\n\n<p><strong>Mes de postulaci\u00f3n:<\/strong><\/p>\n\n\n\n<p>Junio<\/p>\n\n\n\n<p><strong>Valor<\/strong><\/p>\n\n\n\n<p>Gratuito<\/p>\n\n\n\n<p><strong>Lugar donde se realiza:<\/strong><\/p>\n\n\n\n<p>Departamento de Educaci\u00f3n<\/p>\n\n\n\n<p>Ilustre Municipalidad de Alhu\u00e9 Pintor Onofre Jarpa #55<\/p>\n","protected":false},"excerpt":{"rendered":"<p>Requisitos y antecedentes: -Abril Mayo primera cuota y durante Septiembre Octubre, se postula a la segunda cuota. Tener hasta 24 a\u00f1os. &#8211; Entre 25 y 28 a\u00f1os, deber\u00e1n pertenecer hasta el 60% de vulnerabilidad, seg\u00fan RSH (Registro Social de Hogares). &#8211; Estar matriculado en una Instituci\u00f3n de Educaci\u00f3n Superior reconocida por el Estado, ya sea Universidad, Instituto Profesional o Centro de Formaci\u00f3n T\u00e9cnica y\/o Fuerza Armada. &#8211; No se otorgar\u00e1 la Beca Municipal de Educaci\u00f3n, a alumnos que se perfeccionen con Pos t\u00edtulos y\/o Postgrados \u00abTr\u00e1mites en l\u00ednea Social@educacionalhue.cl Tr\u00e1mites&hellip;<\/p>\n","protected":false},"author":1,"featured_media":0,"parent":0,"menu_order":0,"comment_status":"closed","ping_status":"closed","template":"","meta":{"footnotes":""},"class_list":["post-14079","page","type-page","status-publish","hentry"],"_links":{"self":[{"href":"https:\/\/municipalidadalhue.cl\/portal\/wp-json\/wp\/v2\/pages\/14079","targetHints":{"allow":["GET"]}}],"collection":[{"href":"https:\/\/municipalidadalhue.cl\/portal\/wp-json\/wp\/v2\/pages"}],"about":[{"href":"https:\/\/municipalidadalhue.cl\/portal\/wp-json\/wp\/v2\/types\/page"}],"author":[{"embeddable":true,"href":"https:\/\/municipalidadalhue.cl\/portal\/wp-json\/wp\/v2\/users\/1"}],"replies":[{"embeddable":true,"href":"https:\/\/municipalidadalhue.cl\/portal\/wp-json\/wp\/v2\/comments?post=14079"}],"version-history":[{"count":0,"href":"https:\/\/municipalidadalhue.cl\/portal\/wp-json\/wp\/v2\/pages\/14079\/revisions"}],"wp:attachment":[{"href":"https:\/\/municipalidadalhue.cl\/portal\/wp-json\/wp\/v2\/media?parent=14079"}],"curies":[{"name":"wp","href":"https:\/\/api.w.org\/{rel}","templated":true}]}}