{"id":14085,"date":"2020-07-15T04:19:23","date_gmt":"2020-07-15T04:19:23","guid":{"rendered":"https:\/\/municipalidadalhue.cl\/portal\/?page_id=14085"},"modified":"2020-07-15T04:22:01","modified_gmt":"2020-07-15T04:22:01","slug":"beca-junaeb-bpr-bi","status":"publish","type":"page","link":"https:\/\/municipalidadalhue.cl\/portal\/beca-junaeb-bpr-bi\/","title":{"rendered":"Beca Junaeb (Bpr  &#038; Bi)"},"content":{"rendered":"\n<p><strong><br>Requisitos y antecedentes:<\/strong><\/p>\n\n\n\n<p>Beca Presidente de la Republica y Beca Ind\u00edgena, ambas deben pertenecer al 60% del RSH&nbsp; y el proceso de postulaci\u00f3n es en el portal becas de junaeb en relaci\u00f3n a la BPR debe tener nota igual o superior a 6.0 y en BI igual o superior a 5.0, adem\u00e1s de poseer la calidad ind\u00edgena por CONADI.<\/p>\n\n\n\n<p><strong>Tr\u00e1mites en l\u00ednea<\/strong><\/p>\n\n\n\n<p><a href=\"http:\/\/www.junaeb.cl\">www.junaeb.cl<\/a> o Social@educacionalhue.cl<\/p>\n\n\n\n<p><strong>Tr\u00e1mites a realizar o etapas:<\/strong><\/p>\n\n\n\n<p>Se realiza de forma presencial, a los alumnos que cumplan con los requisitos impuesto por JUNAEB, los que fueron mencionados anteriormente.<\/p>\n\n\n\n<p><strong>Mes de postulaci\u00f3n:<\/strong><\/p>\n\n\n\n<p>Diciembre \u2013 Enero<\/p>\n\n\n\n<p><strong>Valor<\/strong><\/p>\n\n\n\n<p>Gratuito<\/p>\n\n\n\n<p><strong>Lugar donde se realiza:<\/strong><\/p>\n\n\n\n<p>Departamento de Educaci\u00f3n<\/p>\n\n\n\n<p>Ilustre Municipalidad de Alhu\u00e9 Pintor Onofre Jarpa #55 .<\/p>\n","protected":false},"excerpt":{"rendered":"<p>Requisitos y antecedentes: Beca Presidente de la Republica y Beca Ind\u00edgena, ambas deben pertenecer al 60% del RSH&nbsp; y el proceso de postulaci\u00f3n es en el portal becas de junaeb en relaci\u00f3n a la BPR debe tener nota igual o superior a 6.0 y en BI igual o superior a 5.0, adem\u00e1s de poseer la calidad ind\u00edgena por CONADI. Tr\u00e1mites en l\u00ednea www.junaeb.cl o Social@educacionalhue.cl Tr\u00e1mites a realizar o etapas: Se realiza de forma presencial, a los alumnos que cumplan con los requisitos impuesto por JUNAEB, los que fueron mencionados&hellip;<\/p>\n","protected":false},"author":1,"featured_media":0,"parent":0,"menu_order":0,"comment_status":"closed","ping_status":"closed","template":"","meta":{"footnotes":""},"class_list":["post-14085","page","type-page","status-publish","hentry"],"_links":{"self":[{"href":"https:\/\/municipalidadalhue.cl\/portal\/wp-json\/wp\/v2\/pages\/14085","targetHints":{"allow":["GET"]}}],"collection":[{"href":"https:\/\/municipalidadalhue.cl\/portal\/wp-json\/wp\/v2\/pages"}],"about":[{"href":"https:\/\/municipalidadalhue.cl\/portal\/wp-json\/wp\/v2\/types\/page"}],"author":[{"embeddable":true,"href":"https:\/\/municipalidadalhue.cl\/portal\/wp-json\/wp\/v2\/users\/1"}],"replies":[{"embeddable":true,"href":"https:\/\/municipalidadalhue.cl\/portal\/wp-json\/wp\/v2\/comments?post=14085"}],"version-history":[{"count":0,"href":"https:\/\/municipalidadalhue.cl\/portal\/wp-json\/wp\/v2\/pages\/14085\/revisions"}],"wp:attachment":[{"href":"https:\/\/municipalidadalhue.cl\/portal\/wp-json\/wp\/v2\/media?parent=14085"}],"curies":[{"name":"wp","href":"https:\/\/api.w.org\/{rel}","templated":true}]}}