{"id":14090,"date":"2020-07-15T04:26:49","date_gmt":"2020-07-15T04:26:49","guid":{"rendered":"https:\/\/municipalidadalhue.cl\/portal\/?page_id=14090"},"modified":"2020-07-15T04:26:52","modified_gmt":"2020-07-15T04:26:52","slug":"beca-junaeb-bptp","status":"publish","type":"page","link":"https:\/\/municipalidadalhue.cl\/portal\/beca-junaeb-bptp\/","title":{"rendered":"Beca Junaeb (Bptp)"},"content":{"rendered":"\n<p><strong><br>Requisitos y antecedentes:<\/strong><\/p>\n\n\n\n<p>Beca Practica T\u00e9cnico Profesional, debe ser alumno que egrese de un establecimiento T\u00e9cnico Profesional y debe realizar su pr\u00e1ctica en el periodo 2019-2020<\/p>\n\n\n\n<p>\u00ab<strong>Tr\u00e1mites en l\u00ednea<\/strong><\/p>\n\n\n\n<p><a href=\"http:\/\/www.junaeb.cl\">www.junaeb.cl<\/a> o Social@educacionalhue.cl<\/p>\n\n\n\n<p><strong>Tr\u00e1mites a realizar o etapas:<\/strong><\/p>\n\n\n\n<p>Se realiza de forma presencial, a los alumnos que cumplan con los requisitos impuesto por JUNAEB, los que fueron mencionados anteriormente.<\/p>\n\n\n\n<p><strong>Mes de postulaci\u00f3n:<\/strong><\/p>\n\n\n\n<p>Diciembre \u2013 Enero-Febrero<\/p>\n\n\n\n<p><strong>Valor<\/strong><\/p>\n\n\n\n<p>Gratuito<\/p>\n\n\n\n<p><strong>Lugar donde se realiza:<\/strong><\/p>\n\n\n\n<p>Departamento de Educaci\u00f3n<\/p>\n\n\n\n<p>Ilustre Municipalidad de Alhu\u00e9 Pintor Onofre Jarpa #55 .<\/p>\n","protected":false},"excerpt":{"rendered":"<p>Requisitos y antecedentes: Beca Practica T\u00e9cnico Profesional, debe ser alumno que egrese de un establecimiento T\u00e9cnico Profesional y debe realizar su pr\u00e1ctica en el periodo 2019-2020 \u00abTr\u00e1mites en l\u00ednea www.junaeb.cl o Social@educacionalhue.cl Tr\u00e1mites a realizar o etapas: Se realiza de forma presencial, a los alumnos que cumplan con los requisitos impuesto por JUNAEB, los que fueron mencionados anteriormente. Mes de postulaci\u00f3n: Diciembre \u2013 Enero-Febrero Valor Gratuito Lugar donde se realiza: Departamento de Educaci\u00f3n Ilustre Municipalidad de Alhu\u00e9 Pintor Onofre Jarpa #55 .<\/p>\n","protected":false},"author":1,"featured_media":0,"parent":0,"menu_order":0,"comment_status":"closed","ping_status":"closed","template":"","meta":{"footnotes":""},"class_list":["post-14090","page","type-page","status-publish","hentry"],"_links":{"self":[{"href":"https:\/\/municipalidadalhue.cl\/portal\/wp-json\/wp\/v2\/pages\/14090","targetHints":{"allow":["GET"]}}],"collection":[{"href":"https:\/\/municipalidadalhue.cl\/portal\/wp-json\/wp\/v2\/pages"}],"about":[{"href":"https:\/\/municipalidadalhue.cl\/portal\/wp-json\/wp\/v2\/types\/page"}],"author":[{"embeddable":true,"href":"https:\/\/municipalidadalhue.cl\/portal\/wp-json\/wp\/v2\/users\/1"}],"replies":[{"embeddable":true,"href":"https:\/\/municipalidadalhue.cl\/portal\/wp-json\/wp\/v2\/comments?post=14090"}],"version-history":[{"count":0,"href":"https:\/\/municipalidadalhue.cl\/portal\/wp-json\/wp\/v2\/pages\/14090\/revisions"}],"wp:attachment":[{"href":"https:\/\/municipalidadalhue.cl\/portal\/wp-json\/wp\/v2\/media?parent=14090"}],"curies":[{"name":"wp","href":"https:\/\/api.w.org\/{rel}","templated":true}]}}