{"id":14761,"date":"2021-08-11T14:58:21","date_gmt":"2021-08-11T14:58:21","guid":{"rendered":"https:\/\/municipalidadalhue.cl\/portal\/?page_id=14761"},"modified":"2021-09-10T19:09:36","modified_gmt":"2021-09-10T19:09:36","slug":"programa-pequena-localidades","status":"publish","type":"page","link":"https:\/\/municipalidadalhue.cl\/portal\/programa-pequena-localidades\/","title":{"rendered":"Programa Peque\u00f1a Localidades"},"content":{"rendered":"<p style=\"text-align: justify;\"><img fetchpriority=\"high\" decoding=\"async\" class=\"wp-image-14764\" src=\"https:\/\/municipalidadalhue.cl\/portal\/wp-content\/uploads\/2021\/08\/FB_IMG_1628010727111.jpg\" alt=\"\" width=\"520\" height=\"346\" srcset=\"https:\/\/municipalidadalhue.cl\/portal\/wp-content\/uploads\/2021\/08\/FB_IMG_1628010727111.jpg 1080w, https:\/\/municipalidadalhue.cl\/portal\/wp-content\/uploads\/2021\/08\/FB_IMG_1628010727111-548x365.jpg 548w, https:\/\/municipalidadalhue.cl\/portal\/wp-content\/uploads\/2021\/08\/FB_IMG_1628010727111-840x560.jpg 840w, https:\/\/municipalidadalhue.cl\/portal\/wp-content\/uploads\/2021\/08\/FB_IMG_1628010727111-768x512.jpg 768w\" sizes=\"(max-width: 520px) 100vw, 520px\" \/><\/p>\n<p><strong>Te invitamos a ser parte<\/strong><\/p>\n<p style=\"text-align: justify;\">El Programa para Peque\u00f1as Localidades entiende a la localidad como un territorio donde se producen un conjunto de relaciones sociales que dan origen y expresan formas de uso, ocupaci\u00f3n, apropiaci\u00f3n y configurando los espacios para el desarrollo de actividades sociales, econ\u00f3micas y culturales.<\/p>\n<p style=\"text-align: justify;\">Estamos en la etapa de diagn\u00f3stico del programa en la cu\u00e1l se generar\u00e1n diferentes instancias participativas, como cartograf\u00edas, mesas de trabajo, asambleas informativas, Mesa de Actores locales, para trabajar en conjunto por la Villa Alhu\u00e9 y su desarrollo.<\/p>\n<p style=\"text-align: justify;\">Como fruto del inter\u00e9s del Municipio del Alhu\u00e9, a trav\u00e9s del su departamento SECPLAC, se postul\u00f3 al llamado a concurso 2020 para el Programa para Peque\u00f1as Localidades, del Ministerio de Vivienda y Urbanismo, el que luego de un proceso de evaluaci\u00f3n, entre propuestas de diversos municipios rurales, concluy\u00f3 con Villa Alhu\u00e9 como \u00fanico seleccionado de la Regi\u00f3n Metropolitana.<\/p>\n<p style=\"text-align: justify;\"><strong>\u00bfEn qu\u00e9 consiste?<\/strong><\/p>\n<p style=\"text-align: justify;\">Este programa, que tiene una duraci\u00f3n de cuatro a\u00f1os, est\u00e1 dirigido a localidades de menos de 20.000 habitantes que sean centros proveedores de servicios de educaci\u00f3n (nivel b\u00e1sico) y de salud (servicio de atenci\u00f3n permanente), y tiene por objetivo contribuir, mediante la ejecuci\u00f3n e implementaci\u00f3n de un Plan de Desarrollo de la Localidad, a mejorar la calidad de vida de los habitantes y potenciar el desarrollo de localidades que presentan d\u00e9ficit urbano y habitacional.<\/p>\n<p style=\"text-align: justify;\"><strong>Quienes lo implementan<\/strong><\/p>\n<p style=\"text-align: justify;\">Para su elaboraci\u00f3n, desarrollo y ejecuci\u00f3n, el Plan deber\u00e1 considerar la participaci\u00f3n de actores relevantes de la localidad, es decir, organizaciones, entidades y\/o instituciones p\u00fablicas y\/o privadas que tengan relaci\u00f3n directa o indirecta con el Plan.<\/p>\n<p style=\"text-align: justify;\"><strong>Fases del Programa<\/strong><\/p>\n<p style=\"text-align: justify;\">El Programa no solo busca hacerse cargo del d\u00e9ficit o de los problemas urbanos de la localidad, tambi\u00e9n busca potenciar su vocaci\u00f3n econ\u00f3mica a escala local, en vista a lograr su mayor y mejor desarrollo.<\/p>\n<p style=\"text-align: justify;\">Invitamos a visualizar el D\u00edptico que se encuentra disponible.<\/p>\n<h5>Contacto.<\/h5>\n<p>Gilda Aguilar V\u00e1squez \/ Paula Gonz\u00e1lez<\/p>\n<p>pplvillalhue@comunaalhue.cl<\/p>\n<h6>Redes sociales<\/h6>\n<p><a href=\"https:\/\/www.instagram.com\/pplvillaalhue\/\" target=\"_blank\" rel=\"noopener\">https:\/\/www.instagram.com\/pplvillaalhue\/<\/a><\/p>\n<p>&nbsp;<\/p>\n<p>&nbsp;<\/p>\n<h2><em><strong>D\u00edptico<\/strong><\/em><\/h2>\n<p><a href=\"https:\/\/municipalidadalhue.cl\/portal\/wp-content\/uploads\/2021\/08\/DIPTICO-PPL-2021-Alhue_AUTORIZADO-1.pdf\"><img decoding=\"async\" class=\"wp-image-14780 aligncenter\" src=\"https:\/\/municipalidadalhue.cl\/portal\/wp-content\/uploads\/2021\/08\/DIPTICO-PPL-2021-Final_page-0001.jpg\" alt=\"\" width=\"433\" height=\"335\" srcset=\"https:\/\/municipalidadalhue.cl\/portal\/wp-content\/uploads\/2021\/08\/DIPTICO-PPL-2021-Final_page-0001.jpg 1650w, https:\/\/municipalidadalhue.cl\/portal\/wp-content\/uploads\/2021\/08\/DIPTICO-PPL-2021-Final_page-0001-472x365.jpg 472w, https:\/\/municipalidadalhue.cl\/portal\/wp-content\/uploads\/2021\/08\/DIPTICO-PPL-2021-Final_page-0001-840x649.jpg 840w, https:\/\/municipalidadalhue.cl\/portal\/wp-content\/uploads\/2021\/08\/DIPTICO-PPL-2021-Final_page-0001-768x593.jpg 768w, https:\/\/municipalidadalhue.cl\/portal\/wp-content\/uploads\/2021\/08\/DIPTICO-PPL-2021-Final_page-0001-1536x1187.jpg 1536w\" sizes=\"(max-width: 433px) 100vw, 433px\" \/><\/a><\/p>\n<p>&nbsp;<\/p>\n<p>&nbsp;<\/p>\n<p>&nbsp;<\/p>\n<p><iframe title=\"C\u00e1psula Animada Peque\u00f1as Localidades Villa Alhu\u00e9\" width=\"640\" height=\"360\" src=\"https:\/\/www.youtube.com\/embed\/MWbcQFrFv7k?feature=oembed\" frameborder=\"0\" allow=\"accelerometer; autoplay; clipboard-write; encrypted-media; gyroscope; picture-in-picture; web-share\" referrerpolicy=\"strict-origin-when-cross-origin\" allowfullscreen><\/iframe><\/p>\n<p>&nbsp;<\/p>\n<p>&nbsp;<\/p>\n<p>&nbsp;<\/p>\n<p>&nbsp;<\/p>\n<p>&nbsp;<\/p>\n","protected":false},"excerpt":{"rendered":"<p>Te invitamos a ser parte El Programa para Peque\u00f1as Localidades entiende a la localidad como un territorio donde se producen un conjunto de relaciones sociales que dan origen y expresan formas de uso, ocupaci\u00f3n, apropiaci\u00f3n y configurando los espacios para el desarrollo de actividades sociales, econ\u00f3micas y culturales. Estamos en la etapa de diagn\u00f3stico del programa en la cu\u00e1l se generar\u00e1n diferentes instancias participativas, como cartograf\u00edas, mesas de trabajo, asambleas informativas, Mesa de Actores locales, para trabajar en conjunto por la Villa Alhu\u00e9 y su desarrollo. Como fruto del inter\u00e9s&hellip;<\/p>\n","protected":false},"author":1,"featured_media":0,"parent":0,"menu_order":0,"comment_status":"closed","ping_status":"closed","template":"","meta":{"footnotes":""},"class_list":["post-14761","page","type-page","status-publish","hentry"],"_links":{"self":[{"href":"https:\/\/municipalidadalhue.cl\/portal\/wp-json\/wp\/v2\/pages\/14761","targetHints":{"allow":["GET"]}}],"collection":[{"href":"https:\/\/municipalidadalhue.cl\/portal\/wp-json\/wp\/v2\/pages"}],"about":[{"href":"https:\/\/municipalidadalhue.cl\/portal\/wp-json\/wp\/v2\/types\/page"}],"author":[{"embeddable":true,"href":"https:\/\/municipalidadalhue.cl\/portal\/wp-json\/wp\/v2\/users\/1"}],"replies":[{"embeddable":true,"href":"https:\/\/municipalidadalhue.cl\/portal\/wp-json\/wp\/v2\/comments?post=14761"}],"version-history":[{"count":0,"href":"https:\/\/municipalidadalhue.cl\/portal\/wp-json\/wp\/v2\/pages\/14761\/revisions"}],"wp:attachment":[{"href":"https:\/\/municipalidadalhue.cl\/portal\/wp-json\/wp\/v2\/media?parent=14761"}],"curies":[{"name":"wp","href":"https:\/\/api.w.org\/{rel}","templated":true}]}}